{"id":719157,"date":"2025-08-27T18:18:31","date_gmt":"2025-08-27T15:18:31","guid":{"rendered":"https:\/\/roveyayinevi.com.tr\/index.php\/urun\/apt-ve-siber-saldiri-analizi\/"},"modified":"2025-09-09T12:18:36","modified_gmt":"2025-09-09T09:18:36","slug":"apt-ve-siber-saldiri-analizi","status":"publish","type":"product","link":"https:\/\/roveyayinevi.com.tr\/index.php\/urun\/apt-ve-siber-saldiri-analizi\/","title":{"rendered":"APT ve Siber Sald\u0131r\u0131 Analizi"},"content":{"rendered":"<p>\u0130\u00e7indekiler 1.      B\u00d6L\u00dcM: S\u0130BER TEHD\u0130T \u0130ST\u0130HBARATINA G\u0130R\u0130\u015e 2.      B\u00d6L\u00dcM: ADVANCED PERSISTENCE THREAT DEMO. 3.      B\u00d6L\u00dcM: NETWORK FORENSIC VE TEHD\u0130T AVI 4.      B\u00d6L\u00dcM: WEB SHELL ANAL\u0130Z\u0130 5.      B\u00d6L\u00dcM: ENDPOINT ANAL\u0130Z\u0130 6. B\u00d6L\u00dcM: LAB ZARARLILARININ MALWARE ANAL\u0130Z\u0130, IOC OLU\u015eTURMA  VE TTP \u00c7IKARTMA <\/p>\n","protected":false},"excerpt":{"rendered":"<p>\u0130\u00e7indekiler 1. B\u00d6L\u00dcM: S\u0130BER TEHD\u0130T \u0130ST\u0130HBARATINA G\u0130R\u0130\u015e 2. B\u00d6L\u00dcM: ADVANCED PERSISTENCE THREAT DEMO. 3. B\u00d6L\u00dcM: NETWORK FORENSIC VE TEHD\u0130T AVI 4. B\u00d6L\u00dcM: WEB SHELL ANAL\u0130Z\u0130 5.<span class=\"excerpt-hellip\"> [\u2026]<\/span><\/p>\n","protected":false},"featured_media":0,"template":"","meta":{"_monsterinsights_skip_tracking":false,"_monsterinsights_sitenote_active":false,"_monsterinsights_sitenote_note":"","_monsterinsights_sitenote_category":0},"product_brand":[],"product_cat":[13005,37328],"product_tag":[],"class_list":{"0":"post-719157","1":"product","2":"type-product","3":"status-publish","5":"product_cat-bilim-muhendislik","6":"product_cat-diger-bilim-muhendislik","7":"pa_cilt-ciltsiz","8":"pa_tur-kitap","9":"pa_yayinevi-gazi-kitabevi","10":"pa_yazar-m-alparslan-akyildiz","12":"first","13":"instock","14":"sale","15":"shipping-taxable","16":"purchasable","17":"product-type-simple"},"_links":{"self":[{"href":"https:\/\/roveyayinevi.com.tr\/index.php\/wp-json\/wp\/v2\/product\/719157","targetHints":{"allow":["GET"]}}],"collection":[{"href":"https:\/\/roveyayinevi.com.tr\/index.php\/wp-json\/wp\/v2\/product"}],"about":[{"href":"https:\/\/roveyayinevi.com.tr\/index.php\/wp-json\/wp\/v2\/types\/product"}],"wp:attachment":[{"href":"https:\/\/roveyayinevi.com.tr\/index.php\/wp-json\/wp\/v2\/media?parent=719157"}],"wp:term":[{"taxonomy":"product_brand","embeddable":true,"href":"https:\/\/roveyayinevi.com.tr\/index.php\/wp-json\/wp\/v2\/product_brand?post=719157"},{"taxonomy":"product_cat","embeddable":true,"href":"https:\/\/roveyayinevi.com.tr\/index.php\/wp-json\/wp\/v2\/product_cat?post=719157"},{"taxonomy":"product_tag","embeddable":true,"href":"https:\/\/roveyayinevi.com.tr\/index.php\/wp-json\/wp\/v2\/product_tag?post=719157"}],"curies":[{"name":"wp","href":"https:\/\/api.w.org\/{rel}","templated":true}]}}