{"id":719156,"date":"2025-08-27T18:18:30","date_gmt":"2025-08-27T15:18:30","guid":{"rendered":"https:\/\/roveyayinevi.com.tr\/index.php\/urun\/dussem-yollara-yollara\/"},"modified":"2026-04-16T02:27:28","modified_gmt":"2026-04-15T23:27:28","slug":"dussem-yollara-yollara","status":"publish","type":"product","link":"https:\/\/roveyayinevi.com.tr\/index.php\/urun\/dussem-yollara-yollara\/","title":{"rendered":"D\u00fc\u015fsem Yollara Yollara"},"content":{"rendered":"<p>Haldun Taner\u2019in gezi notlar\u0131ndan olu\u015fan kitab\u0131 D\u00fc\u015fsem Yollara Yollara 40 y\u0131l aradan sonra geni\u015fletilmi\u015f bask\u0131s\u0131yla okurlar\u0131na ula\u015ft\u0131. \u201cYoldan gelen \u00e7ok konu\u015fur, derler. Bundan do\u011fal ne olur. Zaten \u00e7evre de insan\u0131 k\u0131\u015fk\u0131rt\u0131r, \u2018Yedi\u011fin i\u00e7ti\u011fin senin olsun, g\u00f6rd\u00fcklerini anlat\u2019 der. D\u0131\u015f gezilerden d\u00f6n\u00fc\u015f\u00fcmde ba\u015fl\u0131ca borcumun g\u00f6rd\u00fc\u011f\u00fcm\u00fc okurlar\u0131ma anlatmak, izlenimlerimi onlarla payla\u015fmak oldu\u011funu hi\u00e7 unutmad\u0131m. D\u00fc\u015fsem Yollara Yollara\u2019daki notlar i\u015fte bu duyguyla yaz\u0131ld\u0131. \u0130\u00e7tenlikle, dostlukla. \u0130\u00e7ten bir dostlu\u011fun ileti\u015fim itisiyle. Sizi yararl\u0131 bir yoldan oyalayabilirse, sevinirim.\u201d Yap\u0131 Kredi Yay\u0131nlar\u0131 2015 y\u0131l\u0131ndan beri  Haldun Taner k\u00fclliyat\u0131na yeni kitaplar eklemeyi s\u00fcrd\u00fcr\u00fcyor. Yazar\u0131n daha \u00f6nce 1979 y\u0131l\u0131nda yay\u0131mlanm\u0131\u015f ve y\u0131llard\u0131r okurundan uzak kalm\u0131\u015f gezi kitab\u0131 D\u00fc\u015fsem Yollara Yollara yeni \u00fclkelerle geni\u015fletilerek okuruna ula\u015ft\u0131. Haldun Taner 1956-1979 y\u0131llar\u0131 aras\u0131nda Yunanistan, \u0130talya, Bel\u00e7ika, \u0130ngiltere, \u0130ran, Fransa, Macaristan, Avusturya, Almanya, Sovyet Rusya, Hindistan, Polonya, Hollanda, Romanya, \u00c7ekoslovakya, \u0130sve\u00e7 gezilerini i\u00e7eren yaz\u0131lar\u0131n\u0131 \u00f6nce gazetelerde yay\u0131mlam\u0131\u015f, sonra D\u00fc\u015fsem Yollara Yollara ad\u0131yla kitapla\u015ft\u0131rm\u0131\u015ft\u0131. \u0130lk bask\u0131dan k\u0131rk y\u0131l sonra kitaba Yugoslavya, \u0130srail, M\u0131s\u0131r b\u00f6l\u00fcmleri eklendi ve \u0130ran b\u00f6l\u00fcm\u00fc yar\u0131 yar\u0131ya geni\u015fletildi. Haldun Taner, hayata bak\u0131\u015f\u0131ndaki derin ve keskin g\u00f6zlem g\u00fcc\u00fc, insan\u0131 ele al\u0131\u015f\u0131ndaki olgunluk ve incelik, durumlar\u0131 ortaya koyu\u015fundaki k\u00fclt\u00fcrel zenginlik, anlat\u0131m\u0131ndaki sa\u011flam yap\u0131 ve mizah\u0131n imbi\u011finden ge\u00e7en \u0131\u015f\u0131lt\u0131l\u0131 \u00fcslubuyla klasikle\u015fmi\u015f bir yazar\u0131m\u0131z.YKY Haldun Taner kitaplar\u0131n\u0131 yeni bir edit\u00f6rl\u00fckle ve \u00f6zel kapaklarla yay\u0131mlamay\u0131 s\u00fcrd\u00fcr\u00fcyor. <\/p>\n","protected":false},"excerpt":{"rendered":"<p>Haldun Taner\u2019in gezi notlar\u0131ndan olu\u015fan kitab\u0131 D\u00fc\u015fsem Yollara Yollara 40 y\u0131l aradan sonra geni\u015fletilmi\u015f bask\u0131s\u0131yla okurlar\u0131na ula\u015ft\u0131. \u201cYoldan gelen \u00e7ok konu\u015fur, derler. Bundan do\u011fal ne olur.<span class=\"excerpt-hellip\"> [\u2026]<\/span><\/p>\n","protected":false},"featured_media":0,"template":"","meta":{"_monsterinsights_skip_tracking":false,"_monsterinsights_sitenote_active":false,"_monsterinsights_sitenote_note":"","_monsterinsights_sitenote_category":0},"product_brand":[],"product_cat":[13701,12291],"product_tag":[],"class_list":{"0":"post-719156","1":"product","2":"type-product","3":"status-publish","5":"product_cat-ani-mektup-gunluk","6":"product_cat-edebiyat","7":"pa_cilt-ciltsiz","8":"pa_tur-kitap","9":"pa_yayinevi-yapi-kredi-yayinlari","10":"pa_yazar-haldun-taner","12":"first","13":"instock","14":"sale","15":"shipping-taxable","16":"purchasable","17":"product-type-simple"},"_links":{"self":[{"href":"https:\/\/roveyayinevi.com.tr\/index.php\/wp-json\/wp\/v2\/product\/719156","targetHints":{"allow":["GET"]}}],"collection":[{"href":"https:\/\/roveyayinevi.com.tr\/index.php\/wp-json\/wp\/v2\/product"}],"about":[{"href":"https:\/\/roveyayinevi.com.tr\/index.php\/wp-json\/wp\/v2\/types\/product"}],"wp:attachment":[{"href":"https:\/\/roveyayinevi.com.tr\/index.php\/wp-json\/wp\/v2\/media?parent=719156"}],"wp:term":[{"taxonomy":"product_brand","embeddable":true,"href":"https:\/\/roveyayinevi.com.tr\/index.php\/wp-json\/wp\/v2\/product_brand?post=719156"},{"taxonomy":"product_cat","embeddable":true,"href":"https:\/\/roveyayinevi.com.tr\/index.php\/wp-json\/wp\/v2\/product_cat?post=719156"},{"taxonomy":"product_tag","embeddable":true,"href":"https:\/\/roveyayinevi.com.tr\/index.php\/wp-json\/wp\/v2\/product_tag?post=719156"}],"curies":[{"name":"wp","href":"https:\/\/api.w.org\/{rel}","templated":true}]}}