{"id":719155,"date":"2025-08-27T18:18:29","date_gmt":"2025-08-27T15:18:29","guid":{"rendered":"https:\/\/roveyayinevi.com.tr\/index.php\/urun\/minna-von-barnhelm\/"},"modified":"2026-04-16T02:27:28","modified_gmt":"2026-04-15T23:27:28","slug":"minna-von-barnhelm","status":"publish","type":"product","link":"https:\/\/roveyayinevi.com.tr\/index.php\/urun\/minna-von-barnhelm\/","title":{"rendered":"Minna von Barnhelm"},"content":{"rendered":"<p>Sosyal stat\u00fc, maddi zorluklar gibi engellere ra\u011fmen iradesini koruyup a\u015fk\u0131na sahip \u00e7\u0131kan Minna\u2019n\u0131n yolculu\u011funu ve sonunda en \u00f6nemli \u015feyin \u201cinsan olmak\u201d oldu\u011funu anlatan bir oyun Minna Von Barnhelm. Yedi Y\u0131l Sava\u015flar\u0131 esnas\u0131nda yaraland\u0131\u011f\u0131 i\u00e7in ordudan al\u0131nan Tellheim, varl\u0131kl\u0131 sevgilisi Minna\u2019n\u0131n hayat\u0131n\u0131 mahvetmemek i\u00e7in ondan ayr\u0131l\u0131r. Tesad\u00fcflerin \u00e2\u015f\u0131klar\u0131 bir araya getirdi\u011fi oyun komedi olarak okunsa da toplumsal kal\u0131plar\u0131 k\u0131rma konusunda yaz\u0131ld\u0131\u011f\u0131 d\u00f6nemde cesur mesajlar vermektedir. Lessing\u2019in 1767\u2019de \u201coyun i\u00e7inde oyun\u201d tekni\u011finde kaleme ald\u0131\u011f\u0131 eser, Sabahattin Ali \u00e7evirisiyle daha da g\u00fczelle\u015fiyor! <\/p>\n","protected":false},"excerpt":{"rendered":"<p>Sosyal stat\u00fc, maddi zorluklar gibi engellere ra\u011fmen iradesini koruyup a\u015fk\u0131na sahip \u00e7\u0131kan Minna\u2019n\u0131n yolculu\u011funu ve sonunda en \u00f6nemli \u015feyin \u201cinsan olmak\u201d oldu\u011funu anlatan bir oyun Minna<span class=\"excerpt-hellip\"> [\u2026]<\/span><\/p>\n","protected":false},"featured_media":0,"template":"","meta":{"_monsterinsights_skip_tracking":false,"_monsterinsights_sitenote_active":false,"_monsterinsights_sitenote_note":"","_monsterinsights_sitenote_category":0},"product_brand":[],"product_cat":[12291,15566],"product_tag":[],"class_list":{"0":"post-719155","1":"product","2":"type-product","3":"status-publish","5":"product_cat-edebiyat","6":"product_cat-oyun","7":"pa_cilt-ciltsiz","8":"pa_tur-kitap","9":"pa_yayinevi-yapi-kredi-yayinlari","10":"pa_yazar-gotthold-ephraim-lessing","12":"first","13":"instock","14":"sale","15":"shipping-taxable","16":"purchasable","17":"product-type-simple"},"_links":{"self":[{"href":"https:\/\/roveyayinevi.com.tr\/index.php\/wp-json\/wp\/v2\/product\/719155","targetHints":{"allow":["GET"]}}],"collection":[{"href":"https:\/\/roveyayinevi.com.tr\/index.php\/wp-json\/wp\/v2\/product"}],"about":[{"href":"https:\/\/roveyayinevi.com.tr\/index.php\/wp-json\/wp\/v2\/types\/product"}],"wp:attachment":[{"href":"https:\/\/roveyayinevi.com.tr\/index.php\/wp-json\/wp\/v2\/media?parent=719155"}],"wp:term":[{"taxonomy":"product_brand","embeddable":true,"href":"https:\/\/roveyayinevi.com.tr\/index.php\/wp-json\/wp\/v2\/product_brand?post=719155"},{"taxonomy":"product_cat","embeddable":true,"href":"https:\/\/roveyayinevi.com.tr\/index.php\/wp-json\/wp\/v2\/product_cat?post=719155"},{"taxonomy":"product_tag","embeddable":true,"href":"https:\/\/roveyayinevi.com.tr\/index.php\/wp-json\/wp\/v2\/product_tag?post=719155"}],"curies":[{"name":"wp","href":"https:\/\/api.w.org\/{rel}","templated":true}]}}