{"id":719153,"date":"2025-08-27T18:18:28","date_gmt":"2025-08-27T15:18:28","guid":{"rendered":"https:\/\/roveyayinevi.com.tr\/index.php\/urun\/latife-hanim\/"},"modified":"2025-11-21T05:26:31","modified_gmt":"2025-11-21T02:26:31","slug":"latife-hanim","status":"publish","type":"product","link":"https:\/\/roveyayinevi.com.tr\/index.php\/urun\/latife-hanim\/","title":{"rendered":"Latife Han\u0131m"},"content":{"rendered":"<p>Latife Han\u0131m\u2019\u0131n hayat hik\u00e2yesi.T\u00fcrkiye\u2019nin kad\u0131nlar\u0131n\u0131n hik\u00e2yesidir.O, art\u0131k siyah beyaz foto\u011fraf karesindeki unutulmu\u015fkad\u0131n de\u011fil, trajediye d\u00f6n\u00fc\u015fen benzersiz bir a\u015fk\u0131n dakahraman\u0131. Zek\u00e2s\u0131yla, fikirleriyle, piyanoda \u00e7ald\u0131\u011f\u0131ezgilerle Mustafa Kemal\u2019i b\u00fcy\u00fcleyen \u201c\u0130zmirli K\u0131z\u201d,Sorbonne\u2019da hukuk okuyan, kad\u0131nlar\u0131n medeni vesiyasi haklar\u0131 i\u00e7in y\u0131lmadan \u00e7al\u0131\u015fan, modern T\u00fcrkiye\u2019ninyarat\u0131lmas\u0131nda \u00f6nemli bir rol oynayan, \u00e7a\u011f\u0131n\u0131n cesur\u00f6nc\u00fcs\u00fc. Evlili\u011fi s\u00fcresince e\u015finin yaveri gibi \u00e7al\u0131\u015fan Latife Han\u0131mkad\u0131nlar\u0131n ad\u0131m bile atmad\u0131\u011f\u0131 TBMM\u2019ye se\u00e7ilmi\u015f birmebus s\u0131fat\u0131yla girmek i\u00e7in m\u00fccadele verdi. \u0130ki bu\u00e7uk y\u0131ls\u00fcren evlilikleri noktalan\u0131nca, entelekt\u00fcel ve siyasi kimli\u011fiile T\u00fcrkiye\u2019deki de\u011fi\u015fimin habercisi olarak izlenen LatifeHan\u0131m unutuldu. Mustafa Kemal Atat\u00fcrk &#8211; M\u00fccadelesi ve \u00d6zel Hayat\u0131 veHalide Edib kitaplar\u0131n\u0131n yazar\u0131 \u0130pek \u00c7al\u0131\u015flar\u2019\u0131n kalemindenLatife Han\u0131m yay\u0131mland\u0131\u011f\u0131nda b\u00fcy\u00fck bir yank\u0131 uyand\u0131rd\u0131ve PEN Yazarlar Derne\u011fi Duygu Asena \u00d6d\u00fcl\u00fc\u2019n\u00fc ald\u0131. G\u00f6zden ge\u00e7irilmi\u015f yeni bask\u0131s\u0131yla, tamam\u0131 belgeleredayanarak titizlikle haz\u0131rlanan bu biyografik eser ayn\u0131zamanda T\u00fcrkiye\u2019nin kad\u0131nlar\u0131n\u0131n hik\u00e2yesi.<\/p>\n","protected":false},"excerpt":{"rendered":"<p>Latife Han\u0131m\u2019\u0131n hayat hik\u00e2yesi.T\u00fcrkiye\u2019nin kad\u0131nlar\u0131n\u0131n hik\u00e2yesidir.O, art\u0131k siyah beyaz foto\u011fraf karesindeki unutulmu\u015fkad\u0131n de\u011fil, trajediye d\u00f6n\u00fc\u015fen benzersiz bir a\u015fk\u0131n dakahraman\u0131. Zek\u00e2s\u0131yla, fikirleriyle, piyanoda \u00e7ald\u0131\u011f\u0131ezgilerle Mustafa Kemal\u2019i b\u00fcy\u00fcleyen<span class=\"excerpt-hellip\"> [\u2026]<\/span><\/p>\n","protected":false},"featured_media":0,"template":"","meta":{"_monsterinsights_skip_tracking":false,"_monsterinsights_sitenote_active":false,"_monsterinsights_sitenote_note":"","_monsterinsights_sitenote_category":0},"product_brand":[],"product_cat":[13946,12304],"product_tag":[],"class_list":{"0":"post-719153","1":"product","2":"type-product","3":"status-publish","5":"product_cat-biyografi-otobiyografi","6":"product_cat-tarih","7":"pa_cilt-ciltsiz","8":"pa_tur-kitap","9":"pa_yayinevi-yapi-kredi-yayinlari","10":"pa_yazar-ipek-calislar","12":"first","13":"instock","14":"sale","15":"shipping-taxable","16":"purchasable","17":"product-type-simple"},"_links":{"self":[{"href":"https:\/\/roveyayinevi.com.tr\/index.php\/wp-json\/wp\/v2\/product\/719153","targetHints":{"allow":["GET"]}}],"collection":[{"href":"https:\/\/roveyayinevi.com.tr\/index.php\/wp-json\/wp\/v2\/product"}],"about":[{"href":"https:\/\/roveyayinevi.com.tr\/index.php\/wp-json\/wp\/v2\/types\/product"}],"wp:attachment":[{"href":"https:\/\/roveyayinevi.com.tr\/index.php\/wp-json\/wp\/v2\/media?parent=719153"}],"wp:term":[{"taxonomy":"product_brand","embeddable":true,"href":"https:\/\/roveyayinevi.com.tr\/index.php\/wp-json\/wp\/v2\/product_brand?post=719153"},{"taxonomy":"product_cat","embeddable":true,"href":"https:\/\/roveyayinevi.com.tr\/index.php\/wp-json\/wp\/v2\/product_cat?post=719153"},{"taxonomy":"product_tag","embeddable":true,"href":"https:\/\/roveyayinevi.com.tr\/index.php\/wp-json\/wp\/v2\/product_tag?post=719153"}],"curies":[{"name":"wp","href":"https:\/\/api.w.org\/{rel}","templated":true}]}}