{"id":719151,"date":"2025-08-27T18:18:26","date_gmt":"2025-08-27T15:18:26","guid":{"rendered":"https:\/\/roveyayinevi.com.tr\/index.php\/urun\/noro-psikolojik-danisma\/"},"modified":"2026-04-16T02:27:28","modified_gmt":"2026-04-15T23:27:28","slug":"noro-psikolojik-danisma","status":"publish","type":"product","link":"https:\/\/roveyayinevi.com.tr\/index.php\/urun\/noro-psikolojik-danisma\/","title":{"rendered":"N\u00f6ro-Psikolojik Dan\u0131\u015fma"},"content":{"rendered":"<p>Bu kitab\u0131n amac\u0131, psikolojik dan\u0131\u015fma kuram ve uygulamas\u0131n\u0131 hem artt\u0131rmak hem de ilerletmek hedefleri do\u011frultusunda n\u00f6robilimsel kavramlar\u0131n psikolojik dan\u0131\u015fma alan\u0131na nas\u0131l uyarlan\u0131p uygulanabilece\u011fi ile ilgili bir kaynak sunmakt\u0131r.Bunu yaparak, n\u00f6robilimin anahtar ilkelerini mesle\u011fe etkili ve sorumlu bir \u015fekilde entegre etmenin y\u00f6ntemlerini daha iyi anlama ve tan\u0131mlama umuduyla psikolojik dan\u0131\u015fmanlar\u0131n n\u00f6robilimi \u00e7al\u0131\u015fmalar\u0131na nas\u0131l yedirecekleri hakk\u0131nda rehberlik sunmak ev \u00f6\u011frenmeyi zenginle\u015ftirmektir.Bu kitab\u0131 yazarken ve d\u00fczenlerken \u00f6zellikle bilim ve ara\u015ft\u0131rman\u0131n kendileri i\u00e7in g\u00fc\u00e7l\u00fc bir y\u00f6n olmad\u0131\u011f\u0131 baz\u0131 psikolojik dan\u0131\u015fmanlar i\u00e7in n\u00f6robilimin bunalt\u0131c\u0131 ve korkutucu bir kavram olabilece\u011fini anlad\u0131k.Bilimsel terminoloji, karma\u015f\u0131k anatomi ve teknoloji-temelli beyin \u00f6l\u00e7\u00fcmleri, kolayl\u0131kla \u00f6l\u00e7\u00fclemeyen derin varolu\u015fsal insan\u00ee zorluklar\u0131n\u0131 getiren dan\u0131\u015fanlarla yap\u0131lan g\u00fcnl\u00fck psikolojik dan\u0131\u015fma uygulamalar\u0131 ile alakas\u0131z gibi g\u00f6r\u00fcnebilir. Uzmanl\u0131k bilgisinin bir n\u00f6robilim uygulay\u0131c\u0131s\u0131 olmay\u0131 gerektirmesi de ayn\u0131 zamanda psikolojik dan\u0131\u015fma uygulamas\u0131n\u0131n kapsam\u0131 d\u0131\u015f\u0131nda alg\u0131lanabilir.Master d\u00fczeyinde psikolojik dan\u0131\u015fma m\u00fcfredat\u0131ndaki ortak \u00e7ekirdek dersler i\u00e7in b\u00fct\u00fcnle\u015ftirici bir kitap olmaya ek olarak bu kitap ayn\u0131 zamanda n\u00f6robilim, n\u00f6ro-psikolojik dan\u0131\u015fma, beyin ve davran\u0131\u015f, davran\u0131\u015f\u0131n biyolojik temelleri vb. konularda uzmanl\u0131k dersleri alan hem y\u00fcksek lisans hem de doktora \u00f6\u011frencileri i\u00e7in birincil kaynak olarak da hizmet edebilmektedir.Son olarak kitap ayn\u0131 zamanda psikolojik dan\u0131\u015fma \u00e7al\u0131\u015fmalar\u0131na n\u00f6robilimsel uygulamalar hakk\u0131nda daha fazla bilgi sahibi olmak isteyen psikolojik dan\u0131\u015fman e\u011fitimcileri ve s\u00fcperviz\u00f6rler i\u00e7in de bir kaynak olabilir. Bu itibarla kitap geni\u015f anlamda alanda uygulama yapan psikolojik dan\u0131\u015fmanlar, e\u011fitimlerine devam eden psikolojik dan\u0131\u015fman e\u011fitimi \u00f6\u011frencileri ve psikolojik dan\u0131\u015fman e\u011fitimcileri ve s\u00fcperviz\u00f6rleri i\u00e7in tasarlanm\u0131\u015ft\u0131r.<\/p>\n","protected":false},"excerpt":{"rendered":"<p>Bu kitab\u0131n amac\u0131, psikolojik dan\u0131\u015fma kuram ve uygulamas\u0131n\u0131 hem artt\u0131rmak hem de ilerletmek hedefleri do\u011frultusunda n\u00f6robilimsel kavramlar\u0131n psikolojik dan\u0131\u015fma alan\u0131na nas\u0131l uyarlan\u0131p uygulanabilece\u011fi ile ilgili bir<span class=\"excerpt-hellip\"> [\u2026]<\/span><\/p>\n","protected":false},"featured_media":0,"template":"","meta":{"_monsterinsights_skip_tracking":false,"_monsterinsights_sitenote_active":false,"_monsterinsights_sitenote_note":"","_monsterinsights_sitenote_category":0},"product_brand":[],"product_cat":[20502,12357],"product_tag":[],"class_list":{"0":"post-719151","1":"product","2":"type-product","3":"status-publish","5":"product_cat-basvuru-kitaplari-psikoloji","6":"product_cat-psikoloji","7":"pa_cilt-ciltsiz","8":"pa_tur-kitap","9":"pa_yayinevi-ani-yayincilik","10":"pa_yazar-kolektif","12":"first","13":"instock","14":"sale","15":"shipping-taxable","16":"purchasable","17":"product-type-simple"},"_links":{"self":[{"href":"https:\/\/roveyayinevi.com.tr\/index.php\/wp-json\/wp\/v2\/product\/719151","targetHints":{"allow":["GET"]}}],"collection":[{"href":"https:\/\/roveyayinevi.com.tr\/index.php\/wp-json\/wp\/v2\/product"}],"about":[{"href":"https:\/\/roveyayinevi.com.tr\/index.php\/wp-json\/wp\/v2\/types\/product"}],"wp:attachment":[{"href":"https:\/\/roveyayinevi.com.tr\/index.php\/wp-json\/wp\/v2\/media?parent=719151"}],"wp:term":[{"taxonomy":"product_brand","embeddable":true,"href":"https:\/\/roveyayinevi.com.tr\/index.php\/wp-json\/wp\/v2\/product_brand?post=719151"},{"taxonomy":"product_cat","embeddable":true,"href":"https:\/\/roveyayinevi.com.tr\/index.php\/wp-json\/wp\/v2\/product_cat?post=719151"},{"taxonomy":"product_tag","embeddable":true,"href":"https:\/\/roveyayinevi.com.tr\/index.php\/wp-json\/wp\/v2\/product_tag?post=719151"}],"curies":[{"name":"wp","href":"https:\/\/api.w.org\/{rel}","templated":true}]}}