{"id":719148,"date":"2025-08-27T18:18:24","date_gmt":"2025-08-27T15:18:24","guid":{"rendered":"https:\/\/roveyayinevi.com.tr\/index.php\/urun\/otomobiller-dunyayi-ogreniyorum\/"},"modified":"2026-04-16T02:27:28","modified_gmt":"2026-04-15T23:27:28","slug":"otomobiller-dunyayi-ogreniyorum","status":"publish","type":"product","link":"https:\/\/roveyayinevi.com.tr\/index.php\/urun\/otomobiller-dunyayi-ogreniyorum\/","title":{"rendered":"Otomobiller &#8211; D\u00fcnyay\u0131 \u00d6\u011freniyorum"},"content":{"rendered":"<p>Duru ile Demir babalar\u0131n\u0131n arkada\u015f\u0131n\u0131 ziyaret ettiklerinde, birbirinden farkl\u0131 otomobilleri g\u00f6rd\u00fcler ve \u015fa\u015fk\u0131nl\u0131klar\u0131n\u0131 gizleyemediler. Spor araba m\u0131, elektrikli araba m\u0131, arazi arabas\u0131 m\u0131, yoksa karavan m\u0131? Hangisi daha g\u00fczeldi? <\/p>\n","protected":false},"excerpt":{"rendered":"<p>Duru ile Demir babalar\u0131n\u0131n arkada\u015f\u0131n\u0131 ziyaret ettiklerinde, birbirinden farkl\u0131 otomobilleri g\u00f6rd\u00fcler ve \u015fa\u015fk\u0131nl\u0131klar\u0131n\u0131 gizleyemediler. Spor araba m\u0131, elektrikli araba m\u0131, arazi arabas\u0131 m\u0131, yoksa karavan m\u0131?<span class=\"excerpt-hellip\"> [\u2026]<\/span><\/p>\n","protected":false},"featured_media":0,"template":"","meta":{"_monsterinsights_skip_tracking":false,"_monsterinsights_sitenote_active":false,"_monsterinsights_sitenote_note":"","_monsterinsights_sitenote_category":0},"product_brand":[],"product_cat":[12274,12518],"product_tag":[],"class_list":{"0":"post-719148","1":"product","2":"type-product","3":"status-publish","5":"product_cat-cocuk-ve-genclik-kitaplari","6":"product_cat-okul-oncesi-kitaplar","7":"pa_cilt-ciltsiz","8":"pa_tur-kitap","9":"pa_yayinevi-is-bankasi-kultur-yayinlari","10":"pa_yazar-christian-tielmann","12":"first","13":"instock","14":"sale","15":"shipping-taxable","16":"purchasable","17":"product-type-simple"},"_links":{"self":[{"href":"https:\/\/roveyayinevi.com.tr\/index.php\/wp-json\/wp\/v2\/product\/719148","targetHints":{"allow":["GET"]}}],"collection":[{"href":"https:\/\/roveyayinevi.com.tr\/index.php\/wp-json\/wp\/v2\/product"}],"about":[{"href":"https:\/\/roveyayinevi.com.tr\/index.php\/wp-json\/wp\/v2\/types\/product"}],"wp:attachment":[{"href":"https:\/\/roveyayinevi.com.tr\/index.php\/wp-json\/wp\/v2\/media?parent=719148"}],"wp:term":[{"taxonomy":"product_brand","embeddable":true,"href":"https:\/\/roveyayinevi.com.tr\/index.php\/wp-json\/wp\/v2\/product_brand?post=719148"},{"taxonomy":"product_cat","embeddable":true,"href":"https:\/\/roveyayinevi.com.tr\/index.php\/wp-json\/wp\/v2\/product_cat?post=719148"},{"taxonomy":"product_tag","embeddable":true,"href":"https:\/\/roveyayinevi.com.tr\/index.php\/wp-json\/wp\/v2\/product_tag?post=719148"}],"curies":[{"name":"wp","href":"https:\/\/api.w.org\/{rel}","templated":true}]}}