{"id":719147,"date":"2025-08-27T18:18:23","date_gmt":"2025-08-27T15:18:23","guid":{"rendered":"https:\/\/roveyayinevi.com.tr\/index.php\/urun\/sporda-duygusal-pazarlama-norospor-1\/"},"modified":"2026-04-16T02:27:28","modified_gmt":"2026-04-15T23:27:28","slug":"sporda-duygusal-pazarlama-norospor-1","status":"publish","type":"product","link":"https:\/\/roveyayinevi.com.tr\/index.php\/urun\/sporda-duygusal-pazarlama-norospor-1\/","title":{"rendered":"Sporda Duygusal Pazarlama (N\u00f6rospor 1)"},"content":{"rendered":"<p>\u0130\u00e7indekiler 1. B\u00f6l\u00fcm Giri\u015f 1.1. ToplumsalCinsiyetveKad\u0131n\u0131nTan\u0131m\u0131 1.2. ReklamveSporKavram\u0131naGenelBak\u0131\u015f 1.3. N\u00f6robilim   2. B\u00f6l\u00fcm Y\u00f6ntem 2.1. Ara\u015ft\u0131rman\u0131nAmac\u0131 2.2. Ara\u015ft\u0131rman\u0131n\u00d6nemi 2.3. Ara\u015ft\u0131rman\u0131nAnalizModeli \/ Y\u00f6ntemi 2.4 ElektroFizyolojikKay\u0131tveElektrotlar\u0131nYerle\u015fimD\u00fczeni 2.5. ReklamFilmlerininSe\u00e7imiveG\u00f6rseller 2.6. EEG Uygulamas\u0131\u00d6ncesiHaz\u0131rl\u0131k 2.7. \u00d6rneklem 2.8. S\u0131n\u0131rl\u0131l\u0131klar 2.9. Varsay\u0131mlar 2.10. Hipotezler 2.11. Data Analizi   3. B\u00f6l\u00fcm 3.1. ToplumsalCinsiyetAnketiverileri 3.2. EEG Verileri 3.3. ToplumsalCinsiyetVerileri   4. B\u00f6l\u00fcm De\u011ferlendirmeveSonu\u00e7   5. B\u00f6l\u00fcm Tart\u0131\u015fmave\u00d6neriler   6.B\u00f6l\u00fcm Kaynaklar <\/p>\n","protected":false},"excerpt":{"rendered":"<p>\u0130\u00e7indekiler 1. B\u00f6l\u00fcm Giri\u015f 1.1. ToplumsalCinsiyetveKad\u0131n\u0131nTan\u0131m\u0131 1.2. ReklamveSporKavram\u0131naGenelBak\u0131\u015f 1.3. N\u00f6robilim 2. B\u00f6l\u00fcm Y\u00f6ntem 2.1. Ara\u015ft\u0131rman\u0131nAmac\u0131 2.2. Ara\u015ft\u0131rman\u0131n\u00d6nemi 2.3. Ara\u015ft\u0131rman\u0131nAnalizModeli \/ Y\u00f6ntemi 2.4 ElektroFizyolojikKay\u0131tveElektrotlar\u0131nYerle\u015fimD\u00fczeni 2.5. ReklamFilmlerininSe\u00e7imiveG\u00f6rseller 2.6.<span class=\"excerpt-hellip\"> [\u2026]<\/span><\/p>\n","protected":false},"featured_media":0,"template":"","meta":{"_monsterinsights_skip_tracking":false,"_monsterinsights_sitenote_active":false,"_monsterinsights_sitenote_note":"","_monsterinsights_sitenote_category":0},"product_brand":[],"product_cat":[13005,37328],"product_tag":[],"class_list":{"0":"post-719147","1":"product","2":"type-product","3":"status-publish","5":"product_cat-bilim-muhendislik","6":"product_cat-diger-bilim-muhendislik","7":"pa_cilt-ciltsiz","8":"pa_tur-kitap","9":"pa_yayinevi-gazi-kitabevi","10":"pa_yazar-dudu-banu-cakar","12":"first","13":"instock","14":"sale","15":"shipping-taxable","16":"purchasable","17":"product-type-simple"},"_links":{"self":[{"href":"https:\/\/roveyayinevi.com.tr\/index.php\/wp-json\/wp\/v2\/product\/719147","targetHints":{"allow":["GET"]}}],"collection":[{"href":"https:\/\/roveyayinevi.com.tr\/index.php\/wp-json\/wp\/v2\/product"}],"about":[{"href":"https:\/\/roveyayinevi.com.tr\/index.php\/wp-json\/wp\/v2\/types\/product"}],"wp:attachment":[{"href":"https:\/\/roveyayinevi.com.tr\/index.php\/wp-json\/wp\/v2\/media?parent=719147"}],"wp:term":[{"taxonomy":"product_brand","embeddable":true,"href":"https:\/\/roveyayinevi.com.tr\/index.php\/wp-json\/wp\/v2\/product_brand?post=719147"},{"taxonomy":"product_cat","embeddable":true,"href":"https:\/\/roveyayinevi.com.tr\/index.php\/wp-json\/wp\/v2\/product_cat?post=719147"},{"taxonomy":"product_tag","embeddable":true,"href":"https:\/\/roveyayinevi.com.tr\/index.php\/wp-json\/wp\/v2\/product_tag?post=719147"}],"curies":[{"name":"wp","href":"https:\/\/api.w.org\/{rel}","templated":true}]}}