{"id":719145,"date":"2025-08-27T18:18:22","date_gmt":"2025-08-27T15:18:22","guid":{"rendered":"https:\/\/roveyayinevi.com.tr\/index.php\/urun\/mesrutiyeti-cok-sevmistik-ciltli\/"},"modified":"2026-01-20T02:49:18","modified_gmt":"2026-01-19T23:49:18","slug":"mesrutiyeti-cok-sevmistik-ciltli","status":"publish","type":"product","link":"https:\/\/roveyayinevi.com.tr\/index.php\/urun\/mesrutiyeti-cok-sevmistik-ciltli\/","title":{"rendered":"Me\u015frutiyeti \u00c7ok Sevmi\u015ftik (Ciltli)"},"content":{"rendered":"<p>\u0130kinci Me\u015frutiyet\u2019in ilan\u0131 ile esen \u00f6zg\u00fcrl\u00fck havas\u0131, toplumun t\u00fcm katmanlar\u0131nda co\u015fkuyla kar\u015f\u0131lanm\u0131\u015ft\u0131. \u201cH\u00fcrriyet, Adalet, M\u00fcsavat, Uhuvvet\u201d \u015fiar\u0131yla yola \u00e7\u0131k\u0131lm\u0131\u015f ve bu kelimeler matbuattan efemeraya madalyalardan \u00e7ocuk elbiselerine kadar hemen her yerde \u00e7\u0131lg\u0131nca kullan\u0131lm\u0131\u015ft\u0131. Me\u015frutiyet\u2019i \u00c7ok Sevmi\u015ftik, bu h\u00fcrriyet ortam\u0131n\u0131 farkl\u0131 bir bak\u0131\u015f a\u00e7\u0131s\u0131yla d\u00f6nemin ruhunu ve atmosferini yans\u0131tacak \u015fekilde sergiliyor. \u00d6nemli bir k\u0131sm\u0131n\u0131 Gazanfer \u0130bar\u2019\u0131n kendi koleksiyonundan derledi\u011fi ve \u0130kinci Me\u015frutiyet\u2019in renklili\u011fini yans\u0131tan gazeteler, dergiler, kartpostallar, mendiller, posterler, sigara k\u00e2\u011f\u0131tlar\u0131, defter kapaklar\u0131, alb\u00fcmler, mar\u015flar ve rozetler g\u00f6rsel bir \u015f\u00f6len sunuyor. <\/p>\n","protected":false},"excerpt":{"rendered":"<p>\u0130kinci Me\u015frutiyet\u2019in ilan\u0131 ile esen \u00f6zg\u00fcrl\u00fck havas\u0131, toplumun t\u00fcm katmanlar\u0131nda co\u015fkuyla kar\u015f\u0131lanm\u0131\u015ft\u0131. \u201cH\u00fcrriyet, Adalet, M\u00fcsavat, Uhuvvet\u201d \u015fiar\u0131yla yola \u00e7\u0131k\u0131lm\u0131\u015f ve bu kelimeler matbuattan efemeraya madalyalardan \u00e7ocuk<span class=\"excerpt-hellip\"> [\u2026]<\/span><\/p>\n","protected":false},"featured_media":0,"template":"","meta":{"_monsterinsights_skip_tracking":false,"_monsterinsights_sitenote_active":false,"_monsterinsights_sitenote_note":"","_monsterinsights_sitenote_category":0},"product_brand":[],"product_cat":[12370,12304],"product_tag":[],"class_list":{"0":"post-719145","1":"product","2":"type-product","3":"status-publish","5":"product_cat-arastirma-inceleme","6":"product_cat-tarih","7":"pa_cilt-ciltli","8":"pa_tur-kitap","9":"pa_yayinevi-is-bankasi-kultur-yayinlari","10":"pa_yazar-gazanfer-ibar","12":"first","13":"instock","14":"sale","15":"shipping-taxable","16":"purchasable","17":"product-type-simple"},"_links":{"self":[{"href":"https:\/\/roveyayinevi.com.tr\/index.php\/wp-json\/wp\/v2\/product\/719145","targetHints":{"allow":["GET"]}}],"collection":[{"href":"https:\/\/roveyayinevi.com.tr\/index.php\/wp-json\/wp\/v2\/product"}],"about":[{"href":"https:\/\/roveyayinevi.com.tr\/index.php\/wp-json\/wp\/v2\/types\/product"}],"wp:attachment":[{"href":"https:\/\/roveyayinevi.com.tr\/index.php\/wp-json\/wp\/v2\/media?parent=719145"}],"wp:term":[{"taxonomy":"product_brand","embeddable":true,"href":"https:\/\/roveyayinevi.com.tr\/index.php\/wp-json\/wp\/v2\/product_brand?post=719145"},{"taxonomy":"product_cat","embeddable":true,"href":"https:\/\/roveyayinevi.com.tr\/index.php\/wp-json\/wp\/v2\/product_cat?post=719145"},{"taxonomy":"product_tag","embeddable":true,"href":"https:\/\/roveyayinevi.com.tr\/index.php\/wp-json\/wp\/v2\/product_tag?post=719145"}],"curies":[{"name":"wp","href":"https:\/\/api.w.org\/{rel}","templated":true}]}}