{"id":719144,"date":"2025-08-27T18:18:21","date_gmt":"2025-08-27T15:18:21","guid":{"rendered":"https:\/\/roveyayinevi.com.tr\/index.php\/urun\/cingene-3\/"},"modified":"2026-04-03T02:33:51","modified_gmt":"2026-04-02T23:33:51","slug":"cingene-3","status":"publish","type":"product","link":"https:\/\/roveyayinevi.com.tr\/index.php\/urun\/cingene-3\/","title":{"rendered":"\u00c7ingene"},"content":{"rendered":"<p>Ahmet Mithat Efendi \u00c7ingene adl\u0131 roman\u0131nda gen\u00e7 bir beyzadenin g\u00fczel bir \u00c7ingene k\u0131z\u0131na a\u015fk\u0131n\u0131 anlat\u0131rken konuyu Tanzimat d\u00f6neminin temel d\u00fc\u015f\u00fcnsel eksenlerinden medeniyet ve medenile\u015fme kavramlar\u0131 \u00e7er\u00e7evesinde ele al\u0131r. Eser \u00c7ingene sevgili d\u0131\u015f\u0131nda, Hintli bir \u00f6\u011fretmen ve Ermeni bir ressam\u0131n da dahil oldu\u011fu, etnik a\u00e7\u0131dan heterojen bir \u00e7evre i\u00e7inde kurgulan\u0131r. Gen\u00e7 ve zengin Istanbul beyefendisi ile g\u00fczel ve yoksul \u00c7ingene k\u0131z\u0131n\u0131n toplumsal konumlar\u0131ndaki z\u0131tl\u0131k e\u011fitimle, medenile\u015fmek suretiyle a\u015f\u0131labilir mi tart\u0131\u015fmalar\u0131 s\u00fcrerken o d\u00f6nemde \u00c7ingeneler hakk\u0131ndaki kimi yanl\u0131\u015f \u00f6nyarg\u0131lar da yazar taraf\u0131ndan sorgulan\u0131r. <\/p>\n","protected":false},"excerpt":{"rendered":"<p>Ahmet Mithat Efendi \u00c7ingene adl\u0131 roman\u0131nda gen\u00e7 bir beyzadenin g\u00fczel bir \u00c7ingene k\u0131z\u0131na a\u015fk\u0131n\u0131 anlat\u0131rken konuyu Tanzimat d\u00f6neminin temel d\u00fc\u015f\u00fcnsel eksenlerinden medeniyet ve medenile\u015fme kavramlar\u0131 \u00e7er\u00e7evesinde<span class=\"excerpt-hellip\"> [\u2026]<\/span><\/p>\n","protected":false},"featured_media":0,"template":"","meta":{"_monsterinsights_skip_tracking":false,"_monsterinsights_sitenote_active":false,"_monsterinsights_sitenote_note":"","_monsterinsights_sitenote_category":0},"product_brand":[],"product_cat":[12291,12711],"product_tag":[],"class_list":{"0":"post-719144","1":"product","2":"type-product","3":"status-publish","5":"product_cat-edebiyat","6":"product_cat-roman-oyku","7":"pa_cilt-ciltsiz","8":"pa_tur-kitap","9":"pa_yayinevi-is-bankasi-kultur-yayinlari","10":"pa_yazar-ahmet-mithat-efendi","12":"first","13":"instock","14":"sale","15":"shipping-taxable","16":"purchasable","17":"product-type-simple"},"_links":{"self":[{"href":"https:\/\/roveyayinevi.com.tr\/index.php\/wp-json\/wp\/v2\/product\/719144","targetHints":{"allow":["GET"]}}],"collection":[{"href":"https:\/\/roveyayinevi.com.tr\/index.php\/wp-json\/wp\/v2\/product"}],"about":[{"href":"https:\/\/roveyayinevi.com.tr\/index.php\/wp-json\/wp\/v2\/types\/product"}],"wp:attachment":[{"href":"https:\/\/roveyayinevi.com.tr\/index.php\/wp-json\/wp\/v2\/media?parent=719144"}],"wp:term":[{"taxonomy":"product_brand","embeddable":true,"href":"https:\/\/roveyayinevi.com.tr\/index.php\/wp-json\/wp\/v2\/product_brand?post=719144"},{"taxonomy":"product_cat","embeddable":true,"href":"https:\/\/roveyayinevi.com.tr\/index.php\/wp-json\/wp\/v2\/product_cat?post=719144"},{"taxonomy":"product_tag","embeddable":true,"href":"https:\/\/roveyayinevi.com.tr\/index.php\/wp-json\/wp\/v2\/product_tag?post=719144"}],"curies":[{"name":"wp","href":"https:\/\/api.w.org\/{rel}","templated":true}]}}