{"id":719143,"date":"2025-08-27T18:18:20","date_gmt":"2025-08-27T15:18:20","guid":{"rendered":"https:\/\/roveyayinevi.com.tr\/index.php\/urun\/calisma-yasaminda-emekliler\/"},"modified":"2026-04-16T02:27:28","modified_gmt":"2026-04-15T23:27:28","slug":"calisma-yasaminda-emekliler","status":"publish","type":"product","link":"https:\/\/roveyayinevi.com.tr\/index.php\/urun\/calisma-yasaminda-emekliler\/","title":{"rendered":"\u00c7al\u0131\u015fma Ya\u015fam\u0131nda Emekliler"},"content":{"rendered":"<p>\u0130\u00e7indekiler 1. B\u00f6l\u00fcm EmeklilikKavram\u0131veEmeklili\u011finUnsurlar\u0131 1.1. EmeklilikKavram\u0131 1.2. Emeklili\u011finUnsurlar\u0131 2. B\u00f6l\u00fcm EmeklilikSonras\u0131\u00c7al\u0131\u015fma 2.1. D\u00fcnya&#8217;daEmekliliklerin\u00c7al\u0131\u015fmaYa\u015fam\u0131naGirmeE\u011filimleri 2.2. EmeklilikSonras\u0131\u00c7al\u0131\u015fmaveK\u00f6pr\u00fc\u0130stihdam\u0131 2.3. Emeklilerin\u00c7al\u0131\u015fmaYa\u015fam\u0131naD\u00f6nmeNedenleri   3. B\u00f6l\u00fcm T\u00fcrkiye&#8217;de\u00c7al\u0131\u015fmaYa\u015fam\u0131ndaEmekliler 3.1. T\u00fcrkiye&#8217;deEmeklilere\u0130li\u015fkinYasalD\u00fczenlemeler 3.2. T\u00fcrkiye&#8217;deEmeklilerinSosyoEkonomikKo\u015fullar\u0131 <\/p>\n","protected":false},"excerpt":{"rendered":"<p>\u0130\u00e7indekiler 1. B\u00f6l\u00fcm EmeklilikKavram\u0131veEmeklili\u011finUnsurlar\u0131 1.1. EmeklilikKavram\u0131 1.2. Emeklili\u011finUnsurlar\u0131 2. B\u00f6l\u00fcm EmeklilikSonras\u0131\u00c7al\u0131\u015fma 2.1. D\u00fcnya&#8217;daEmekliliklerin\u00c7al\u0131\u015fmaYa\u015fam\u0131naGirmeE\u011filimleri 2.2. EmeklilikSonras\u0131\u00c7al\u0131\u015fmaveK\u00f6pr\u00fc\u0130stihdam\u0131 2.3. Emeklilerin\u00c7al\u0131\u015fmaYa\u015fam\u0131naD\u00f6nmeNedenleri 3. B\u00f6l\u00fcm T\u00fcrkiye&#8217;de\u00c7al\u0131\u015fmaYa\u015fam\u0131ndaEmekliler 3.1. T\u00fcrkiye&#8217;deEmeklilere\u0130li\u015fkinYasalD\u00fczenlemeler 3.2. T\u00fcrkiye&#8217;deEmeklilerinSosyoEkonomikKo\u015fullar\u0131<\/p>\n","protected":false},"featured_media":0,"template":"","meta":{"_monsterinsights_skip_tracking":false,"_monsterinsights_sitenote_active":false,"_monsterinsights_sitenote_note":"","_monsterinsights_sitenote_category":0},"product_brand":[],"product_cat":[20333,13043],"product_tag":[],"class_list":{"0":"post-719143","1":"product","2":"type-product","3":"status-publish","5":"product_cat-diger-ekonomi","6":"product_cat-ekonomi","7":"pa_cilt-ciltsiz","8":"pa_tur-kitap","9":"pa_yayinevi-gazi-kitabevi","10":"pa_yazar-nagihan-durusoy-oztepe","12":"first","13":"instock","14":"sale","15":"shipping-taxable","16":"purchasable","17":"product-type-simple"},"_links":{"self":[{"href":"https:\/\/roveyayinevi.com.tr\/index.php\/wp-json\/wp\/v2\/product\/719143","targetHints":{"allow":["GET"]}}],"collection":[{"href":"https:\/\/roveyayinevi.com.tr\/index.php\/wp-json\/wp\/v2\/product"}],"about":[{"href":"https:\/\/roveyayinevi.com.tr\/index.php\/wp-json\/wp\/v2\/types\/product"}],"wp:attachment":[{"href":"https:\/\/roveyayinevi.com.tr\/index.php\/wp-json\/wp\/v2\/media?parent=719143"}],"wp:term":[{"taxonomy":"product_brand","embeddable":true,"href":"https:\/\/roveyayinevi.com.tr\/index.php\/wp-json\/wp\/v2\/product_brand?post=719143"},{"taxonomy":"product_cat","embeddable":true,"href":"https:\/\/roveyayinevi.com.tr\/index.php\/wp-json\/wp\/v2\/product_cat?post=719143"},{"taxonomy":"product_tag","embeddable":true,"href":"https:\/\/roveyayinevi.com.tr\/index.php\/wp-json\/wp\/v2\/product_tag?post=719143"}],"curies":[{"name":"wp","href":"https:\/\/api.w.org\/{rel}","templated":true}]}}