{"id":719142,"date":"2025-08-27T18:18:19","date_gmt":"2025-08-27T15:18:19","guid":{"rendered":"https:\/\/roveyayinevi.com.tr\/index.php\/urun\/kadransiz-saat\/"},"modified":"2026-04-16T02:27:28","modified_gmt":"2026-04-15T23:27:28","slug":"kadransiz-saat","status":"publish","type":"product","link":"https:\/\/roveyayinevi.com.tr\/index.php\/urun\/kadransiz-saat\/","title":{"rendered":"Kadrans\u0131z Saat"},"content":{"rendered":"<p>ABD\u2019deki \u0130\u00e7 Sava\u015f\u2019\u0131n ard\u0131ndan G\u00fcney ve Kuzey eyaletleri aras\u0131ndaki kopuklu\u011fun s\u00fcrd\u00fc\u011f\u00fc 1950\u2019lerde ge\u00e7en Kadrans\u0131z Saat, Carson McCullers\u2019\u0131n \u0131rk, s\u0131n\u0131f ve adalet konusundaki keskin ve hazin d\u00fc\u015f\u00fcncelerini yans\u0131t\u0131r. Georgia eyaletinin k\u00fc\u00e7\u00fck bir kasabas\u0131 olan Milan, bir\u00e7ok s\u0131rr\u0131n sakland\u0131\u011f\u0131, \u0131rk ayr\u0131m\u0131n\u0131n hayat\u0131n her alan\u0131n\u0131 etkiledi\u011fi ve adalet kavram\u0131n\u0131n sorguland\u0131\u011f\u0131 bir yerdir. Kasaban\u0131n d\u00f6rt sakininin hayat\u0131, ayr\u0131lmaz \u015fekilde birbirine ba\u011fl\u0131d\u0131r: Hi\u00e7 beklemedi\u011fi bir hastal\u0131kla y\u00fczle\u015fen orta ya\u015fl\u0131 eczac\u0131 J.T. Malone, bir zamanlar\u0131n g\u00fc\u00e7l\u00fc siyaset\u00e7isi ihtiyar Fox Clane, kendi kanatlar\u0131yla u\u00e7mak isteyen torunu Jester Clane ve ait oldu\u011fu yeri bir t\u00fcrl\u00fc bulamayan siyahi Sherman Pew. Bu d\u00f6rt karakter bir yandan ge\u00e7mi\u015flerini sorgularken, di\u011fer yandan kadrans\u0131z bir saati g\u00f6zleyerek yar\u0131n\u0131n onlara ne getirece\u011fini beklemektedir. Hik\u00e2ye, basit ama a\u011f\u0131r bir soruyu tekrar tekrar sorar: Biz kimiz ve nereye gidiyoruz? McCullers 1961\u2019de yay\u0131mlanan bu son roman\u0131nda i\u00e7 i\u00e7e ge\u00e7mi\u015f hik\u00e2yeler arac\u0131l\u0131\u011f\u0131yla \u00f6nyarg\u0131lar\u0131, gizemleri ve ba\u011f\u0131\u015flanmay\u0131 anlat\u0131yor. <\/p>\n","protected":false},"excerpt":{"rendered":"<p>ABD\u2019deki \u0130\u00e7 Sava\u015f\u2019\u0131n ard\u0131ndan G\u00fcney ve Kuzey eyaletleri aras\u0131ndaki kopuklu\u011fun s\u00fcrd\u00fc\u011f\u00fc 1950\u2019lerde ge\u00e7en Kadrans\u0131z Saat, Carson McCullers\u2019\u0131n \u0131rk, s\u0131n\u0131f ve adalet konusundaki keskin ve hazin d\u00fc\u015f\u00fcncelerini<span class=\"excerpt-hellip\"> [\u2026]<\/span><\/p>\n","protected":false},"featured_media":0,"template":"","meta":{"_monsterinsights_skip_tracking":false,"_monsterinsights_sitenote_active":false,"_monsterinsights_sitenote_note":"","_monsterinsights_sitenote_category":0},"product_brand":[],"product_cat":[12291,12711],"product_tag":[],"class_list":{"0":"post-719142","1":"product","2":"type-product","3":"status-publish","5":"product_cat-edebiyat","6":"product_cat-roman-oyku","7":"pa_cilt-ciltsiz","8":"pa_tur-kitap","9":"pa_yayinevi-is-bankasi-kultur-yayinlari","10":"pa_yazar-carson-mccullers","12":"first","13":"instock","14":"sale","15":"shipping-taxable","16":"purchasable","17":"product-type-simple"},"_links":{"self":[{"href":"https:\/\/roveyayinevi.com.tr\/index.php\/wp-json\/wp\/v2\/product\/719142","targetHints":{"allow":["GET"]}}],"collection":[{"href":"https:\/\/roveyayinevi.com.tr\/index.php\/wp-json\/wp\/v2\/product"}],"about":[{"href":"https:\/\/roveyayinevi.com.tr\/index.php\/wp-json\/wp\/v2\/types\/product"}],"wp:attachment":[{"href":"https:\/\/roveyayinevi.com.tr\/index.php\/wp-json\/wp\/v2\/media?parent=719142"}],"wp:term":[{"taxonomy":"product_brand","embeddable":true,"href":"https:\/\/roveyayinevi.com.tr\/index.php\/wp-json\/wp\/v2\/product_brand?post=719142"},{"taxonomy":"product_cat","embeddable":true,"href":"https:\/\/roveyayinevi.com.tr\/index.php\/wp-json\/wp\/v2\/product_cat?post=719142"},{"taxonomy":"product_tag","embeddable":true,"href":"https:\/\/roveyayinevi.com.tr\/index.php\/wp-json\/wp\/v2\/product_tag?post=719142"}],"curies":[{"name":"wp","href":"https:\/\/api.w.org\/{rel}","templated":true}]}}