{"id":719141,"date":"2025-08-27T18:18:19","date_gmt":"2025-08-27T15:18:19","guid":{"rendered":"https:\/\/roveyayinevi.com.tr\/index.php\/urun\/kobilerde-rekabet-avantaji-olarak-stratejik-maliyet-yonetimi-mugla-ili-ornegi\/"},"modified":"2026-04-16T02:27:28","modified_gmt":"2026-04-15T23:27:28","slug":"kobilerde-rekabet-avantaji-olarak-stratejik-maliyet-yonetimi-mugla-ili-ornegi","status":"publish","type":"product","link":"https:\/\/roveyayinevi.com.tr\/index.php\/urun\/kobilerde-rekabet-avantaji-olarak-stratejik-maliyet-yonetimi-mugla-ili-ornegi\/","title":{"rendered":"Kobi&#8217;lerde Rekabet Avantaj\u0131 Olarak Stratejik Maliyet Y\u00f6netimi: Mu\u011fla \u0130li \u00d6rne\u011fi"},"content":{"rendered":"<p>\u0130\u00e7indekiler 1. Giri\u015fStratejikY\u00f6netimAnlay\u0131\u015f\u0131n\u0131nDo\u011fu\u015fuveMuhasebeyeOlanEtkisi 2. Y\u00f6netimMuhasebesininGeli\u015fimi 3. StratejikY\u00f6netimveY\u00f6netimMuhasebesiAras\u0131ndakiK\u00f6pr\u00fc:StratejikMaliyetY\u00f6netimi 4. StratejikY\u00f6netimMuhasebesi 5. StratejikY\u00f6netimMuhasebesi Mi StratejikMaliyetY\u00f6netimi Mi ? 6. KOB\u0130&#8217;lerdeRekabetAvantaj\u0131OlarakStratejikMaliyetY\u00f6netimi: Mu\u011fla \u00d6rne\u011fi   <\/p>\n","protected":false},"excerpt":{"rendered":"<p>\u0130\u00e7indekiler 1. Giri\u015fStratejikY\u00f6netimAnlay\u0131\u015f\u0131n\u0131nDo\u011fu\u015fuveMuhasebeyeOlanEtkisi 2. Y\u00f6netimMuhasebesininGeli\u015fimi 3. StratejikY\u00f6netimveY\u00f6netimMuhasebesiAras\u0131ndakiK\u00f6pr\u00fc:StratejikMaliyetY\u00f6netimi 4. StratejikY\u00f6netimMuhasebesi 5. StratejikY\u00f6netimMuhasebesi Mi StratejikMaliyetY\u00f6netimi Mi ? 6. KOB\u0130&#8217;lerdeRekabetAvantaj\u0131OlarakStratejikMaliyetY\u00f6netimi: Mu\u011fla \u00d6rne\u011fi<\/p>\n","protected":false},"featured_media":0,"template":"","meta":{"_monsterinsights_skip_tracking":false,"_monsterinsights_sitenote_active":false,"_monsterinsights_sitenote_note":"","_monsterinsights_sitenote_category":0},"product_brand":[],"product_cat":[13043,14381],"product_tag":[],"class_list":{"0":"post-719141","1":"product","2":"type-product","3":"status-publish","5":"product_cat-ekonomi","6":"product_cat-isletme-muhasebe-maliye","7":"pa_cilt-ciltsiz","8":"pa_tur-kitap","9":"pa_yayinevi-gazi-kitabevi","10":"pa_yazar-tugba-ucma-uysal-ganite-kurt","12":"first","13":"instock","14":"sale","15":"shipping-taxable","16":"purchasable","17":"product-type-simple"},"_links":{"self":[{"href":"https:\/\/roveyayinevi.com.tr\/index.php\/wp-json\/wp\/v2\/product\/719141","targetHints":{"allow":["GET"]}}],"collection":[{"href":"https:\/\/roveyayinevi.com.tr\/index.php\/wp-json\/wp\/v2\/product"}],"about":[{"href":"https:\/\/roveyayinevi.com.tr\/index.php\/wp-json\/wp\/v2\/types\/product"}],"wp:attachment":[{"href":"https:\/\/roveyayinevi.com.tr\/index.php\/wp-json\/wp\/v2\/media?parent=719141"}],"wp:term":[{"taxonomy":"product_brand","embeddable":true,"href":"https:\/\/roveyayinevi.com.tr\/index.php\/wp-json\/wp\/v2\/product_brand?post=719141"},{"taxonomy":"product_cat","embeddable":true,"href":"https:\/\/roveyayinevi.com.tr\/index.php\/wp-json\/wp\/v2\/product_cat?post=719141"},{"taxonomy":"product_tag","embeddable":true,"href":"https:\/\/roveyayinevi.com.tr\/index.php\/wp-json\/wp\/v2\/product_tag?post=719141"}],"curies":[{"name":"wp","href":"https:\/\/api.w.org\/{rel}","templated":true}]}}