{"id":719140,"date":"2025-08-27T18:18:18","date_gmt":"2025-08-27T15:18:18","guid":{"rendered":"https:\/\/roveyayinevi.com.tr\/index.php\/urun\/akp-devrinde-medya-alemi\/"},"modified":"2026-04-16T02:27:28","modified_gmt":"2026-04-15T23:27:28","slug":"akp-devrinde-medya-alemi","status":"publish","type":"product","link":"https:\/\/roveyayinevi.com.tr\/index.php\/urun\/akp-devrinde-medya-alemi\/","title":{"rendered":"AKP Devrinde Medya Alemi"},"content":{"rendered":"<p>AKP devrinde T\u00fcrkiye\u2019nin medya \u00e2leminde ya\u015fanan k\u00f6kl\u00fc d\u00f6n\u00fc\u015f\u00fcm\u00fc hakk\u0131yla incelemek; medyadaki d\u00f6n\u00fc\u015f\u00fcm\u00fc toplumun genel d\u00f6n\u00fc\u015f\u00fcm\u00fcyle ili\u015fkilendirecek bir y\u00f6ntem, d\u00f6n\u00fc\u015f\u00fcm\u00fcn siyasal ve s\u0131n\u0131fsal dinamiklerini g\u00f6r\u00fcn\u00fcr k\u0131lacak bir kuramsal perspektif, olgular\u0131 anlaml\u0131 bir bi\u00e7imde birbirine ba\u011flayan titiz bir ara\u015ft\u0131rmac\u0131l\u0131k ve bunlar\u0131n t\u00fcm\u00fcnden nas\u0131l bir sonuca ula\u015f\u0131ld\u0131\u011f\u0131n\u0131 \u00e7arp\u0131c\u0131 bir \u015fekilde ortaya serecek bir analiz g\u00fcc\u00fc gerektiriyor. Vahdet Mesut Ayan, bu gereklilikleri yerine getirme \u00e7abas\u0131yla kapsaml\u0131 bir \u00e7al\u0131\u015fma ortaya koyuyor. AKP Devrinde Medya \u00c2lemi, medyadaki d\u00f6n\u00fc\u015f\u00fcm\u00fcn ekonomide, devlette, siyasal toplumda, sivil toplumda ve kamusal alanda ya\u015fanan d\u00f6n\u00fc\u015f\u00fcmle e\u015fzamanl\u0131 ve e\u015fg\u00fcd\u00fcml\u00fc ve e\u015fy\u00f6ntemlerle ger\u00e7ekle\u015ftirildi\u011fini panoramik bir \u015fekilde g\u00f6zler \u00f6n\u00fcne seriyor. Bu sergileme i\u00e7in AKP\u2019nin uzun iktidar devrini belirli d\u00f6nemlere ay\u0131r\u0131yor ve her d\u00f6nemin d\u00f6n\u00fc\u015ft\u00fcr\u00fcc\u00fc stratejilerini \u00f6zg\u00fcn kavramla\u015ft\u0131rmalarla mercek alt\u0131na al\u0131yor. Kitap, 24 Haziran 2018 se\u00e7imlerini bir \u00f6rnek vaka olarak inceliyor. AKP Devrinde Medya \u00c2lemi\u2019ndeki sergileme, \u00e7\u00f6z\u00fcmleme ve inceleme u\u011fraklar\u0131na bak\u0131ld\u0131\u011f\u0131nda AKP\u2019nin medyay\u0131 her h\u00fccresine n\u00fcfuz edecek derecede \u00f6nemsedi\u011fi, onu ad\u0131m ad\u0131m ama radikal bir bi\u00e7imde yeniden yap\u0131land\u0131rd\u0131\u011f\u0131, her an\u0131n\u0131 ve her yan\u0131n\u0131 kontrol etti\u011fi, y\u00f6nlendirdi\u011fi, ele ge\u00e7irdi\u011fi, b\u00f6ylelikle yeni bir medya d\u00fczeni yaratt\u0131\u011f\u0131 g\u00f6r\u00fcl\u00fcyor. Medyada g\u00f6r\u00fcnen y\u00fczlerin, medya patronlar\u0131n\u0131n  ve medya yap\u0131lar\u0131n\u0131n de\u011fi\u015fti\u011fi; habercilik ilkelerinin ba\u015fkala\u015ft\u0131\u011f\u0131; hedef ve s\u00f6ylemlerin belli bir ideolojinin, belli bir partinin, belli bir liderin y\u00f6r\u00fcngesine sokuldu\u011fu bir tablo ortaya \u00e7\u0131k\u0131yor. AKP Devrinde Medya \u00c2lemi, uzun y\u0131llar \u00f6nemli bir ba\u015fvuru kitab\u0131 olacak nitelikte bir \u00e7al\u0131\u015fma. <\/p>\n","protected":false},"excerpt":{"rendered":"<p>AKP devrinde T\u00fcrkiye\u2019nin medya \u00e2leminde ya\u015fanan k\u00f6kl\u00fc d\u00f6n\u00fc\u015f\u00fcm\u00fc hakk\u0131yla incelemek; medyadaki d\u00f6n\u00fc\u015f\u00fcm\u00fc toplumun genel d\u00f6n\u00fc\u015f\u00fcm\u00fcyle ili\u015fkilendirecek bir y\u00f6ntem, d\u00f6n\u00fc\u015f\u00fcm\u00fcn siyasal ve s\u0131n\u0131fsal dinamiklerini g\u00f6r\u00fcn\u00fcr k\u0131lacak bir<span class=\"excerpt-hellip\"> [\u2026]<\/span><\/p>\n","protected":false},"featured_media":0,"template":"","meta":{"_monsterinsights_skip_tracking":false,"_monsterinsights_sitenote_active":false,"_monsterinsights_sitenote_note":"","_monsterinsights_sitenote_category":0},"product_brand":[],"product_cat":[12337,14543],"product_tag":[],"class_list":{"0":"post-719140","1":"product","2":"type-product","3":"status-publish","5":"product_cat-politika-siyaset","6":"product_cat-turkiye-siyaseti-ve-politikasi","7":"pa_cilt-ciltsiz","8":"pa_tur-kitap","9":"pa_yayinevi-yordam-kitap","10":"pa_yazar-vahdet-mesut-ayan","12":"first","13":"instock","14":"sale","15":"shipping-taxable","16":"purchasable","17":"product-type-simple"},"_links":{"self":[{"href":"https:\/\/roveyayinevi.com.tr\/index.php\/wp-json\/wp\/v2\/product\/719140","targetHints":{"allow":["GET"]}}],"collection":[{"href":"https:\/\/roveyayinevi.com.tr\/index.php\/wp-json\/wp\/v2\/product"}],"about":[{"href":"https:\/\/roveyayinevi.com.tr\/index.php\/wp-json\/wp\/v2\/types\/product"}],"wp:attachment":[{"href":"https:\/\/roveyayinevi.com.tr\/index.php\/wp-json\/wp\/v2\/media?parent=719140"}],"wp:term":[{"taxonomy":"product_brand","embeddable":true,"href":"https:\/\/roveyayinevi.com.tr\/index.php\/wp-json\/wp\/v2\/product_brand?post=719140"},{"taxonomy":"product_cat","embeddable":true,"href":"https:\/\/roveyayinevi.com.tr\/index.php\/wp-json\/wp\/v2\/product_cat?post=719140"},{"taxonomy":"product_tag","embeddable":true,"href":"https:\/\/roveyayinevi.com.tr\/index.php\/wp-json\/wp\/v2\/product_tag?post=719140"}],"curies":[{"name":"wp","href":"https:\/\/api.w.org\/{rel}","templated":true}]}}