{"id":719139,"date":"2025-08-27T18:18:18","date_gmt":"2025-08-27T15:18:18","guid":{"rendered":"https:\/\/roveyayinevi.com.tr\/index.php\/urun\/ciddi-ciddi-sosyalizm\/"},"modified":"2026-04-16T02:27:27","modified_gmt":"2026-04-15T23:27:27","slug":"ciddi-ciddi-sosyalizm","status":"publish","type":"product","link":"https:\/\/roveyayinevi.com.tr\/index.php\/urun\/ciddi-ciddi-sosyalizm\/","title":{"rendered":"Ciddi Ciddi Sosyalizm"},"content":{"rendered":"<p>Danny Katch, elinizdeki kitab\u0131 yazma s\u00fcrecinde, hen\u00fcz kitab\u0131n ad\u0131na karar vermemi\u015fken, konusunu soranlara \u201csosyalizm \u00fczerine\u201d diye cevap verir. Cevab\u0131 duyanlar \u015fa\u015f\u0131r\u0131r: \u201cSosyalizm \u00fczerine mi? Ciddi misin?\u201d\u00c7\u00fcnk\u00fc yazar ve aktivist Danny Katch bir Amerikal\u0131 ve olay, haliyle, Amerika Birle\u015fik Devletleri\u2019nde, yani sosyalizmin tehdit bile olu\u015fturamayacak kadar marjinal kabul edildi\u011fi bir \u00fclkede ge\u00e7iyor. \u00dcstelik y\u0131l 2014\u2026 Bernie Sanders hen\u00fcz ABD ba\u015fkanl\u0131\u011f\u0131na aday bile olmam\u0131\u015f.Ama g\u00f6r\u00fcn\u00fc\u015f aldat\u0131c\u0131d\u0131r. Evet, o y\u0131llarda da ABD bildi\u011fimiz ABD\u2019ydi, ama kapitalizm art\u0131k bildi\u011fimiz kapitalizm de\u011fildi. \u201c2008 K\u00fcresel Finans Krizi\u201d ya\u015fanm\u0131\u015ft\u0131. Ve hemen ard\u0131ndan gelen Wall Street\u2019i \u0130\u015fgal Et protestolar\u0131\u2026O y\u0131llarda kapitalizm, art\u0131k adalet ve verimlilik gibi yalanlar\u0131n arkas\u0131na s\u0131\u011f\u0131nma ihtiyac\u0131 bile duymadan, a\u00e7\u0131k a\u00e7\u0131k \u201cg\u00fc\u00e7l\u00fc hakl\u0131d\u0131r\u201d ilkesine g\u00f6re i\u015fler hale gelmi\u015fti. Ve ABD\u2019de, \u201cne bileyim i\u015fte, daha iyi bir \u015fey\u201dciler yava\u015f yava\u015f sesli d\u00fc\u015f\u00fcnmeye ba\u015flam\u0131\u015ft\u0131. Peki, kim bu \u201cdaha iyi bir \u015fey\u201dciler? Kapitalizm k\u00f6t\u00fc, tamam. \u0130yi de alternatifi ne? Katch\u2019in kitab\u0131 i\u00e7in se\u00e7ti\u011fi ad, i\u015fte bu soruya cevap veriyor: Tabii ki sosyalizm. Evet, sosyalizm. Yanl\u0131\u015f duymad\u0131n\u0131z, sosyalizm. Ciddi Ciddi Sosyalizm!Bu kitab\u0131n iki amac\u0131, iki de s\u0131ra d\u0131\u015f\u0131 y\u00f6ntemi var. \u0130lk amac\u0131, sosyalizmi anlatmak, ete kemi\u011fe b\u00fcr\u00fcnd\u00fcrmek. \u0130kincisi ise kapitalizmi anlatmak ve \u201ckapitalizmin \u00e7\u00fcr\u00fcyen temellerine kadar inmek!\u201dY\u00f6ntemleri ise \u00e7ok basit. Birincisi, muhafazak\u00e2rlardan feyiz almak! \u201cAma sosyalizm ara s\u0131ra imk\u00e2ns\u0131z gibi g\u00f6r\u00fcnse de, geli\u015finin eli kula\u011f\u0131nda oldu\u011funu d\u00fc\u015f\u00fcnen muhafazak\u00e2rlardan cesaret almal\u0131y\u0131z. Kapitalizm k\u0131r\u0131lgand\u0131r ve muhafazak\u00e2rlar bunu gayet iyi bilir. Biraz \u00f6rnek alal\u0131m!\u201d\u0130kinci y\u00f6ntemi ise, mizah! \u201cKapitalizm, y\u0131k\u0131c\u0131 ve insanl\u0131k d\u0131\u015f\u0131d\u0131r ama ayn\u0131 zamanda sa\u00e7mad\u0131r da. Kapitalizmin abeslikleriyle dalga ge\u00e7mek insana, bu kadar aptalca bir sistemin elbette y\u0131k\u0131labilir oldu\u011funu da hat\u0131rlat\u0131r.\u201dAsl\u0131nda \u00fclkemizin insanlar\u0131, \u00f6zellikle gen\u00e7leri, sa\u00e7mal\u0131\u011f\u0131n nas\u0131l mizaha d\u00f6n\u00fc\u015ft\u00fcr\u00fcld\u00fc\u011f\u00fcn\u00fc iyi bilir. Gezi\u2019nin, ya\u015fanan kay\u0131plara ra\u011fmen, \u00f6n\u00fcnde sonunda g\u00fclerek hat\u0131rlanmas\u0131 bundan. \u0130\u015fte Danny Katch biraz da Gezi\u2019de yap\u0131lan\u0131 yap\u0131yor: O kadar sa\u00e7ma ki, beni bir g\u00fclme al\u0131yor! Siz de g\u00fcl\u00fcn!<\/p>\n","protected":false},"excerpt":{"rendered":"<p>Danny Katch, elinizdeki kitab\u0131 yazma s\u00fcrecinde, hen\u00fcz kitab\u0131n ad\u0131na karar vermemi\u015fken, konusunu soranlara \u201csosyalizm \u00fczerine\u201d diye cevap verir. Cevab\u0131 duyanlar \u015fa\u015f\u0131r\u0131r: \u201cSosyalizm \u00fczerine mi? Ciddi misin?\u201d\u00c7\u00fcnk\u00fc<span class=\"excerpt-hellip\"> [\u2026]<\/span><\/p>\n","protected":false},"featured_media":0,"template":"","meta":{"_monsterinsights_skip_tracking":false,"_monsterinsights_sitenote_active":false,"_monsterinsights_sitenote_note":"","_monsterinsights_sitenote_category":0},"product_brand":[],"product_cat":[13590,12337],"product_tag":[],"class_list":{"0":"post-719139","1":"product","2":"type-product","3":"status-publish","5":"product_cat-arastirma-inceleme-politika-siyaset","6":"product_cat-politika-siyaset","7":"pa_cilt-ciltsiz","8":"pa_tur-kitap","9":"pa_yayinevi-yordam-kitap","10":"pa_yazar-danny-katch","12":"first","13":"instock","14":"sale","15":"shipping-taxable","16":"purchasable","17":"product-type-simple"},"_links":{"self":[{"href":"https:\/\/roveyayinevi.com.tr\/index.php\/wp-json\/wp\/v2\/product\/719139","targetHints":{"allow":["GET"]}}],"collection":[{"href":"https:\/\/roveyayinevi.com.tr\/index.php\/wp-json\/wp\/v2\/product"}],"about":[{"href":"https:\/\/roveyayinevi.com.tr\/index.php\/wp-json\/wp\/v2\/types\/product"}],"wp:attachment":[{"href":"https:\/\/roveyayinevi.com.tr\/index.php\/wp-json\/wp\/v2\/media?parent=719139"}],"wp:term":[{"taxonomy":"product_brand","embeddable":true,"href":"https:\/\/roveyayinevi.com.tr\/index.php\/wp-json\/wp\/v2\/product_brand?post=719139"},{"taxonomy":"product_cat","embeddable":true,"href":"https:\/\/roveyayinevi.com.tr\/index.php\/wp-json\/wp\/v2\/product_cat?post=719139"},{"taxonomy":"product_tag","embeddable":true,"href":"https:\/\/roveyayinevi.com.tr\/index.php\/wp-json\/wp\/v2\/product_tag?post=719139"}],"curies":[{"name":"wp","href":"https:\/\/api.w.org\/{rel}","templated":true}]}}