{"id":719138,"date":"2025-08-27T18:18:17","date_gmt":"2025-08-27T15:18:17","guid":{"rendered":"https:\/\/roveyayinevi.com.tr\/index.php\/urun\/koy-enstitulerinin-meclis-sureci\/"},"modified":"2026-04-16T02:27:27","modified_gmt":"2026-04-15T23:27:27","slug":"koy-enstitulerinin-meclis-sureci","status":"publish","type":"product","link":"https:\/\/roveyayinevi.com.tr\/index.php\/urun\/koy-enstitulerinin-meclis-sureci\/","title":{"rendered":"K\u00f6y Enstit\u00fclerinin Meclis S\u00fcreci"},"content":{"rendered":"<p>T\u00fcrkiye\u2019nin topraklar\u0131nda do\u011fup d\u00fcnya \u00e7ap\u0131nda ses getiren K\u00f6y Enstit\u00fclerinin, onu kuran ve yok eden yasalara imza atan TBMM\u2019deki i\u00e7 yakan yolculu\u011fu\u2026E\u011fitimci, yazar Mustafa Gazalc\u0131\u2019n\u0131n  K\u00f6y Enstit\u00fclerinin Meclis S\u00fcreci adl\u0131 kitab\u0131, alk\u0131\u015flarla kurulan, karalamalarla kapat\u0131lan bu kurumlarla ilgili TBMM\u2019nin bir sahneye d\u00f6n\u00fc\u015ft\u00fc\u011f\u00fcne tan\u0131kl\u0131k ettiriyor bize. Bu \u00f6yle bir tarih sahnesi ki; onur verici s\u00f6zler de, s\u00f6yleyenler i\u00e7in utanca d\u00f6n\u00fc\u015fen c\u00fcmleler de \u00fclkenin ba\u011fr\u0131nda yank\u0131lan\u0131yor\u2026 Yoksul halk \u00e7ocuklar\u0131n\u0131n yazg\u0131s\u0131 o k\u00fcrs\u00fcden destanla\u015f\u0131p de\u011fi\u015fecekken y\u0131llar sonra ayn\u0131 yerde karalamalarla bir a\u011f\u0131ta d\u00f6n\u00fc\u015f\u00fcyor. Bir onurun ve bir utanc\u0131n kesi\u015fen yol haritas\u0131 bu asl\u0131nda\u2026Bu kitap bir ilke de imza at\u0131yor. \u00dczerinde bug\u00fcn bile tart\u0131\u015fmalar\u0131 bitmeyen, a\u00e7\u0131k kald\u0131\u011f\u0131 k\u0131sa s\u00fcre boyunca T\u00fcrkiye\u2019nin y\u00fcz\u00fcn\u00fc a\u011fartan ayd\u0131nlar yeti\u015ftiren K\u00f6y Enstit\u00fclerinin g\u00fcn y\u00fcz\u00fcne yeterince \u00e7\u0131kmam\u0131\u015f Meclis s\u00fcrecini ilk kez bir b\u00fct\u00fcn olarak yans\u0131t\u0131yor. Yaln\u0131zca e\u011fitimle ilgilenenlerin de\u011fil, bir d\u00f6neme damgas\u0131n\u0131 vuran, yoksul k\u00f6yl\u00fclere ayd\u0131nlanma \u0131\u015f\u0131\u011f\u0131n\u0131 ta\u015f\u0131yan ve sonunda yok edilen kurumlar\u0131n can al\u0131c\u0131 \u00f6yk\u00fcs\u00fcn\u00fc \u00f6\u011frenmek isteyen herkesin ilgiyle okuyaca\u011f\u0131 bir \u00e7al\u0131\u015fma\u2026<\/p>\n","protected":false},"excerpt":{"rendered":"<p>T\u00fcrkiye\u2019nin topraklar\u0131nda do\u011fup d\u00fcnya \u00e7ap\u0131nda ses getiren K\u00f6y Enstit\u00fclerinin, onu kuran ve yok eden yasalara imza atan TBMM\u2019deki i\u00e7 yakan yolculu\u011fu\u2026E\u011fitimci, yazar Mustafa Gazalc\u0131\u2019n\u0131n K\u00f6y Enstit\u00fclerinin<span class=\"excerpt-hellip\"> [\u2026]<\/span><\/p>\n","protected":false},"featured_media":0,"template":"","meta":{"_monsterinsights_skip_tracking":false,"_monsterinsights_sitenote_active":false,"_monsterinsights_sitenote_note":"","_monsterinsights_sitenote_category":0},"product_brand":[],"product_cat":[13590,12337],"product_tag":[],"class_list":{"0":"post-719138","1":"product","2":"type-product","3":"status-publish","5":"product_cat-arastirma-inceleme-politika-siyaset","6":"product_cat-politika-siyaset","7":"pa_cilt-ciltsiz","8":"pa_tur-kitap","9":"pa_yayinevi-bilgi-yayinevi","10":"pa_yazar-mustafa-gazalci","12":"first","13":"instock","14":"sale","15":"shipping-taxable","16":"purchasable","17":"product-type-simple"},"_links":{"self":[{"href":"https:\/\/roveyayinevi.com.tr\/index.php\/wp-json\/wp\/v2\/product\/719138","targetHints":{"allow":["GET"]}}],"collection":[{"href":"https:\/\/roveyayinevi.com.tr\/index.php\/wp-json\/wp\/v2\/product"}],"about":[{"href":"https:\/\/roveyayinevi.com.tr\/index.php\/wp-json\/wp\/v2\/types\/product"}],"wp:attachment":[{"href":"https:\/\/roveyayinevi.com.tr\/index.php\/wp-json\/wp\/v2\/media?parent=719138"}],"wp:term":[{"taxonomy":"product_brand","embeddable":true,"href":"https:\/\/roveyayinevi.com.tr\/index.php\/wp-json\/wp\/v2\/product_brand?post=719138"},{"taxonomy":"product_cat","embeddable":true,"href":"https:\/\/roveyayinevi.com.tr\/index.php\/wp-json\/wp\/v2\/product_cat?post=719138"},{"taxonomy":"product_tag","embeddable":true,"href":"https:\/\/roveyayinevi.com.tr\/index.php\/wp-json\/wp\/v2\/product_tag?post=719138"}],"curies":[{"name":"wp","href":"https:\/\/api.w.org\/{rel}","templated":true}]}}