{"id":719137,"date":"2025-08-27T18:18:16","date_gmt":"2025-08-27T15:18:16","guid":{"rendered":"https:\/\/roveyayinevi.com.tr\/index.php\/urun\/karsilasma\/"},"modified":"2026-04-16T02:27:27","modified_gmt":"2026-04-15T23:27:27","slug":"karsilasma","status":"publish","type":"product","link":"https:\/\/roveyayinevi.com.tr\/index.php\/urun\/karsilasma\/","title":{"rendered":"Kar\u015f\u0131la\u015fma"},"content":{"rendered":"<p>Varolu\u015fa, d\u00fczen ele\u015ftirisine, ge\u00e7mi\u015fe, ta\u015fra ya\u015fam\u0131na, b\u00fcy\u00fck kent ile insan ili\u015fkisine, \u00e7\u00fcr\u00fcmeye, d\u00fc\u015flere, pi\u015fmanl\u0131klara, korkulara&#8230; ili\u015fkin \u00f6yk\u00fcleriyle yazar, bizi bizle kar\u015f\u0131 kar\u015f\u0131ya getiriyor.G\u00f6steri\u015ften uzak, ak\u0131c\u0131 dil, i\u00e7ten anlat\u0131m, kitaptan \u00e7\u0131k\u0131verecekmi\u015f gibi her biri inand\u0131r\u0131c\u0131 kahramanlar&#8230; Yan\u0131 s\u0131ra, ince alaylar e\u015fli\u011finde yergiler&#8230;S\u00f6z\u00fc uzatmadan Nietzsche&#8217;nin dedi\u011fi gibi, yap\u0131t konu\u015fmaya ba\u015flad\u0131\u011f\u0131nda biz art\u0131k susal\u0131m.<\/p>\n","protected":false},"excerpt":{"rendered":"<p>Varolu\u015fa, d\u00fczen ele\u015ftirisine, ge\u00e7mi\u015fe, ta\u015fra ya\u015fam\u0131na, b\u00fcy\u00fck kent ile insan ili\u015fkisine, \u00e7\u00fcr\u00fcmeye, d\u00fc\u015flere, pi\u015fmanl\u0131klara, korkulara&#8230; ili\u015fkin \u00f6yk\u00fcleriyle yazar, bizi bizle kar\u015f\u0131 kar\u015f\u0131ya getiriyor.G\u00f6steri\u015ften uzak, ak\u0131c\u0131 dil,<span class=\"excerpt-hellip\"> [\u2026]<\/span><\/p>\n","protected":false},"featured_media":0,"template":"","meta":{"_monsterinsights_skip_tracking":false,"_monsterinsights_sitenote_active":false,"_monsterinsights_sitenote_note":"","_monsterinsights_sitenote_category":0},"product_brand":[],"product_cat":[12291,12711],"product_tag":[],"class_list":{"0":"post-719137","1":"product","2":"type-product","3":"status-publish","5":"product_cat-edebiyat","6":"product_cat-roman-oyku","7":"pa_cilt-ciltsiz","8":"pa_tur-kitap","9":"pa_yayinevi-bilgi-yayinevi","10":"pa_yazar-ali-turgay-karayel","12":"first","13":"instock","14":"sale","15":"shipping-taxable","16":"purchasable","17":"product-type-simple"},"_links":{"self":[{"href":"https:\/\/roveyayinevi.com.tr\/index.php\/wp-json\/wp\/v2\/product\/719137","targetHints":{"allow":["GET"]}}],"collection":[{"href":"https:\/\/roveyayinevi.com.tr\/index.php\/wp-json\/wp\/v2\/product"}],"about":[{"href":"https:\/\/roveyayinevi.com.tr\/index.php\/wp-json\/wp\/v2\/types\/product"}],"wp:attachment":[{"href":"https:\/\/roveyayinevi.com.tr\/index.php\/wp-json\/wp\/v2\/media?parent=719137"}],"wp:term":[{"taxonomy":"product_brand","embeddable":true,"href":"https:\/\/roveyayinevi.com.tr\/index.php\/wp-json\/wp\/v2\/product_brand?post=719137"},{"taxonomy":"product_cat","embeddable":true,"href":"https:\/\/roveyayinevi.com.tr\/index.php\/wp-json\/wp\/v2\/product_cat?post=719137"},{"taxonomy":"product_tag","embeddable":true,"href":"https:\/\/roveyayinevi.com.tr\/index.php\/wp-json\/wp\/v2\/product_tag?post=719137"}],"curies":[{"name":"wp","href":"https:\/\/api.w.org\/{rel}","templated":true}]}}