{"id":719135,"date":"2025-08-27T18:18:14","date_gmt":"2025-08-27T15:18:14","guid":{"rendered":"https:\/\/roveyayinevi.com.tr\/index.php\/urun\/nostromo-3\/"},"modified":"2026-04-16T02:27:27","modified_gmt":"2026-04-15T23:27:27","slug":"nostromo-3","status":"publish","type":"product","link":"https:\/\/roveyayinevi.com.tr\/index.php\/urun\/nostromo-3\/","title":{"rendered":"Nostromo"},"content":{"rendered":"<p>Charles Gould\u2019a babas\u0131ndan miras kalan San Tome\u2019deki g\u00fcm\u00fc\u015f madeni, \u00e7evredeki t\u00fcm insanlar\u0131n ihtirasl\u0131 bir m\u00fccadele i\u00e7ine girmesine neden olur. \u00dclkenin politik g\u00fcndemi, bireysel ili\u015fkiler ve insanlar\u0131n hayatlar\u0131 bu g\u00fcm\u00fc\u015f madeniyle ka\u00e7\u0131n\u0131lmaz bi\u00e7imde de\u011fi\u015fecektir.Joseph Conrad, hayali bir G\u00fcney Amerika \u00fclkesinde ge\u00e7en bu hik\u00e2yeyle bir toplumsal yap\u0131y\u0131 ve siyasi ortama etki eden fakt\u00f6rleri ayr\u0131nt\u0131lar\u0131yla ele al\u0131r.Conrad\u2019\u0131n bu \u00f6l\u00fcms\u00fcz eserini T\u00fcrk\u00e7e okuyanlara Halikarnas Bal\u0131k\u00e7\u0131s\u0131\u2019n\u0131n \u00f6zg\u00fcn \u00e7evirisi bir \u015f\u00f6len sunuyor\u2026\u201cYirminci y\u00fczy\u0131lda \u0130ngilizce yaz\u0131lm\u0131\u015f en b\u00fcy\u00fck roman.\u201d Walter Allen<\/p>\n","protected":false},"excerpt":{"rendered":"<p>Charles Gould\u2019a babas\u0131ndan miras kalan San Tome\u2019deki g\u00fcm\u00fc\u015f madeni, \u00e7evredeki t\u00fcm insanlar\u0131n ihtirasl\u0131 bir m\u00fccadele i\u00e7ine girmesine neden olur. \u00dclkenin politik g\u00fcndemi, bireysel ili\u015fkiler ve insanlar\u0131n<span class=\"excerpt-hellip\"> [\u2026]<\/span><\/p>\n","protected":false},"featured_media":0,"template":"","meta":{"_monsterinsights_skip_tracking":false,"_monsterinsights_sitenote_active":false,"_monsterinsights_sitenote_note":"","_monsterinsights_sitenote_category":0},"product_brand":[],"product_cat":[27157,12291],"product_tag":[],"class_list":{"0":"post-719135","1":"product","2":"type-product","3":"status-publish","5":"product_cat-derleme","6":"product_cat-edebiyat","7":"pa_cilt-ciltsiz","8":"pa_tur-kitap","9":"pa_yayinevi-bilgi-yayinevi","10":"pa_yazar-joseph-conrad","12":"first","13":"instock","14":"sale","15":"shipping-taxable","16":"purchasable","17":"product-type-simple"},"_links":{"self":[{"href":"https:\/\/roveyayinevi.com.tr\/index.php\/wp-json\/wp\/v2\/product\/719135","targetHints":{"allow":["GET"]}}],"collection":[{"href":"https:\/\/roveyayinevi.com.tr\/index.php\/wp-json\/wp\/v2\/product"}],"about":[{"href":"https:\/\/roveyayinevi.com.tr\/index.php\/wp-json\/wp\/v2\/types\/product"}],"wp:attachment":[{"href":"https:\/\/roveyayinevi.com.tr\/index.php\/wp-json\/wp\/v2\/media?parent=719135"}],"wp:term":[{"taxonomy":"product_brand","embeddable":true,"href":"https:\/\/roveyayinevi.com.tr\/index.php\/wp-json\/wp\/v2\/product_brand?post=719135"},{"taxonomy":"product_cat","embeddable":true,"href":"https:\/\/roveyayinevi.com.tr\/index.php\/wp-json\/wp\/v2\/product_cat?post=719135"},{"taxonomy":"product_tag","embeddable":true,"href":"https:\/\/roveyayinevi.com.tr\/index.php\/wp-json\/wp\/v2\/product_tag?post=719135"}],"curies":[{"name":"wp","href":"https:\/\/api.w.org\/{rel}","templated":true}]}}