{"id":719133,"date":"2025-08-27T18:18:12","date_gmt":"2025-08-27T15:18:12","guid":{"rendered":"https:\/\/roveyayinevi.com.tr\/index.php\/urun\/duvar-ve-adam\/"},"modified":"2026-04-13T02:33:23","modified_gmt":"2026-04-12T23:33:23","slug":"duvar-ve-adam","status":"publish","type":"product","link":"https:\/\/roveyayinevi.com.tr\/index.php\/urun\/duvar-ve-adam\/","title":{"rendered":"Duvar ve Adam"},"content":{"rendered":"<p>Sercan Leylek\u2019in Norve\u00e7 K\u00fclt\u00fcr Fonu taraf\u0131ndan \u00f6d\u00fcllendirilmi\u015f roman\u0131 Duvar ve Adam, s\u0131ra d\u0131\u015f\u0131 bir 1001 gece masal\u0131 sunuyor. Bizlere Nazi Almanyas\u0131 ku\u015fatmas\u0131ndaki Oslo\u2019yu tan\u0131tan hik\u00e2ye, T\u00fcrk edebiyat\u0131na yeni bir tat katmay\u0131 ama\u00e7l\u0131yor. 2017 y\u0131l\u0131nda ilk kez Norve\u00e7\u00e7e olarak yay\u0131mlanan eser, ayn\u0131 zamanda tan\u0131t\u0131m filmiyle Oslo Kitap Festivali\u2019nde ikincilik \u00f6d\u00fcl\u00fc kazand\u0131.<\/p>\n","protected":false},"excerpt":{"rendered":"<p>Sercan Leylek\u2019in Norve\u00e7 K\u00fclt\u00fcr Fonu taraf\u0131ndan \u00f6d\u00fcllendirilmi\u015f roman\u0131 Duvar ve Adam, s\u0131ra d\u0131\u015f\u0131 bir 1001 gece masal\u0131 sunuyor. Bizlere Nazi Almanyas\u0131 ku\u015fatmas\u0131ndaki Oslo\u2019yu tan\u0131tan hik\u00e2ye, T\u00fcrk<span class=\"excerpt-hellip\"> [\u2026]<\/span><\/p>\n","protected":false},"featured_media":0,"template":"","meta":{"_monsterinsights_skip_tracking":false,"_monsterinsights_sitenote_active":false,"_monsterinsights_sitenote_note":"","_monsterinsights_sitenote_category":0},"product_brand":[],"product_cat":[12291,12711],"product_tag":[],"class_list":{"0":"post-719133","1":"product","2":"type-product","3":"status-publish","5":"product_cat-edebiyat","6":"product_cat-roman-oyku","7":"pa_cilt-ciltsiz","8":"pa_tur-kitap","9":"pa_yayinevi-bilgi-yayinevi","10":"pa_yazar-sercan-leylek","12":"first","13":"instock","14":"sale","15":"shipping-taxable","16":"purchasable","17":"product-type-simple"},"_links":{"self":[{"href":"https:\/\/roveyayinevi.com.tr\/index.php\/wp-json\/wp\/v2\/product\/719133","targetHints":{"allow":["GET"]}}],"collection":[{"href":"https:\/\/roveyayinevi.com.tr\/index.php\/wp-json\/wp\/v2\/product"}],"about":[{"href":"https:\/\/roveyayinevi.com.tr\/index.php\/wp-json\/wp\/v2\/types\/product"}],"wp:attachment":[{"href":"https:\/\/roveyayinevi.com.tr\/index.php\/wp-json\/wp\/v2\/media?parent=719133"}],"wp:term":[{"taxonomy":"product_brand","embeddable":true,"href":"https:\/\/roveyayinevi.com.tr\/index.php\/wp-json\/wp\/v2\/product_brand?post=719133"},{"taxonomy":"product_cat","embeddable":true,"href":"https:\/\/roveyayinevi.com.tr\/index.php\/wp-json\/wp\/v2\/product_cat?post=719133"},{"taxonomy":"product_tag","embeddable":true,"href":"https:\/\/roveyayinevi.com.tr\/index.php\/wp-json\/wp\/v2\/product_tag?post=719133"}],"curies":[{"name":"wp","href":"https:\/\/api.w.org\/{rel}","templated":true}]}}