{"id":719132,"date":"2025-08-27T18:18:12","date_gmt":"2025-08-27T15:18:12","guid":{"rendered":"https:\/\/roveyayinevi.com.tr\/index.php\/urun\/karmen-toplu-ceviriler\/"},"modified":"2026-04-16T02:27:27","modified_gmt":"2026-04-15T23:27:27","slug":"karmen-toplu-ceviriler","status":"publish","type":"product","link":"https:\/\/roveyayinevi.com.tr\/index.php\/urun\/karmen-toplu-ceviriler\/","title":{"rendered":"Karmen &#8211; Toplu \u00c7eviriler"},"content":{"rendered":"<p>Halikarnas Bal\u0131k\u00e7\u0131s\u0131, Pirandello, Boccaccio, Gabriele D\u2019annunzio, Franco Sacchetti, Matilde Serao, Maupassant, Washington Irving, Rudyard Kipling, Dostoyevski, Prosper M\u00e9rim\u00e9e ve Ralph Waldo Emerson gibi d\u00fcnya edebiyat\u0131n\u0131n b\u00fcy\u00fck yazarlar\u0131n\u0131n yap\u0131tlar\u0131n\u0131 kendi \u00f6zg\u00fcn \u00e7evirisiyle T\u00fcrk\u00e7eye kazand\u0131rm\u0131\u015f, bunlar o d\u00f6nem kitap\u00e7\u0131klar halinde bas\u0131lm\u0131\u015ft\u0131. \u015eimdi t\u00fcm bu \u00e7evirileri bir araya getirip tek kitap halinde sunuyoruz.<\/p>\n","protected":false},"excerpt":{"rendered":"<p>Halikarnas Bal\u0131k\u00e7\u0131s\u0131, Pirandello, Boccaccio, Gabriele D\u2019annunzio, Franco Sacchetti, Matilde Serao, Maupassant, Washington Irving, Rudyard Kipling, Dostoyevski, Prosper M\u00e9rim\u00e9e ve Ralph Waldo Emerson gibi d\u00fcnya edebiyat\u0131n\u0131n b\u00fcy\u00fck<span class=\"excerpt-hellip\"> [\u2026]<\/span><\/p>\n","protected":false},"featured_media":0,"template":"","meta":{"_monsterinsights_skip_tracking":false,"_monsterinsights_sitenote_active":false,"_monsterinsights_sitenote_note":"","_monsterinsights_sitenote_category":0},"product_brand":[],"product_cat":[27157,12291],"product_tag":[],"class_list":{"0":"post-719132","1":"product","2":"type-product","3":"status-publish","5":"product_cat-derleme","6":"product_cat-edebiyat","7":"pa_cilt-ciltsiz","8":"pa_tur-kitap","9":"pa_yayinevi-bilgi-yayinevi","10":"pa_yazar-kolektif","12":"first","13":"instock","14":"sale","15":"shipping-taxable","16":"purchasable","17":"product-type-simple"},"_links":{"self":[{"href":"https:\/\/roveyayinevi.com.tr\/index.php\/wp-json\/wp\/v2\/product\/719132","targetHints":{"allow":["GET"]}}],"collection":[{"href":"https:\/\/roveyayinevi.com.tr\/index.php\/wp-json\/wp\/v2\/product"}],"about":[{"href":"https:\/\/roveyayinevi.com.tr\/index.php\/wp-json\/wp\/v2\/types\/product"}],"wp:attachment":[{"href":"https:\/\/roveyayinevi.com.tr\/index.php\/wp-json\/wp\/v2\/media?parent=719132"}],"wp:term":[{"taxonomy":"product_brand","embeddable":true,"href":"https:\/\/roveyayinevi.com.tr\/index.php\/wp-json\/wp\/v2\/product_brand?post=719132"},{"taxonomy":"product_cat","embeddable":true,"href":"https:\/\/roveyayinevi.com.tr\/index.php\/wp-json\/wp\/v2\/product_cat?post=719132"},{"taxonomy":"product_tag","embeddable":true,"href":"https:\/\/roveyayinevi.com.tr\/index.php\/wp-json\/wp\/v2\/product_tag?post=719132"}],"curies":[{"name":"wp","href":"https:\/\/api.w.org\/{rel}","templated":true}]}}