{"id":719131,"date":"2025-08-27T18:18:11","date_gmt":"2025-08-27T15:18:11","guid":{"rendered":"https:\/\/roveyayinevi.com.tr\/index.php\/urun\/matematik-etkinliklerim-4yas\/"},"modified":"2026-04-16T02:27:27","modified_gmt":"2026-04-15T23:27:27","slug":"matematik-etkinliklerim-4yas","status":"publish","type":"product","link":"https:\/\/roveyayinevi.com.tr\/index.php\/urun\/matematik-etkinliklerim-4yas\/","title":{"rendered":"Matematik Etkinliklerim 4+Ya\u015f"},"content":{"rendered":"<p>Okul \u00f6ncesi y\u0131llar, t\u00fcm geli\u015fim alanlar\u0131nda oldu\u011fu gibi zihinsel geli\u015fimin de en h\u0131zl\u0131 oldu\u011fu \u00f6zel y\u0131llard\u0131r. Bu d\u00f6nemde \u00e7ocuklar g\u00fcnl\u00fck ya\u015fant\u0131lar\u0131nda matematik ile ilgili pek \u00e7ok temel kavrama ba\u015fvururlar ve bu kavramlar\u0131 \u00f6\u011frenmeye ba\u015flarlar. Matematik Etkinliklerim 4+ ya\u015f kitab\u0131nda 1-10 aras\u0131 say\u0131lar\u0131 tan\u0131ma, yazma, e\u015fle\u015ftirme, gruplama, s\u0131ralama, \u00f6r\u00fcnt\u00fc, temel \u015fekil ve kavramlar\u0131 tan\u0131ma, basit toplama ve \u00e7\u0131karma i\u015flemleri, al\u0131\u015ft\u0131rma ve de\u011ferlendirme \u00e7al\u0131\u015fmalar\u0131na yer verilmi\u015ftir. \u00c7ocu\u011fun say\u0131y\u0131 ve \u015fekli hissederek \u00f6\u011frenmesini sa\u011flayan \u00f6zel kesimli karton sayfalar haz\u0131rlanm\u0131\u015ft\u0131r. Ayr\u0131ca \u00e7\u0131kartmal\u0131 etkinlikler tasarlanarak \u00f6\u011frenme s\u00fcreci e\u011flenceli h\u00e2le getirilmi\u015ftir.<\/p>\n","protected":false},"excerpt":{"rendered":"<p>Okul \u00f6ncesi y\u0131llar, t\u00fcm geli\u015fim alanlar\u0131nda oldu\u011fu gibi zihinsel geli\u015fimin de en h\u0131zl\u0131 oldu\u011fu \u00f6zel y\u0131llard\u0131r. Bu d\u00f6nemde \u00e7ocuklar g\u00fcnl\u00fck ya\u015fant\u0131lar\u0131nda matematik ile ilgili pek \u00e7ok<span class=\"excerpt-hellip\"> [\u2026]<\/span><\/p>\n","protected":false},"featured_media":0,"template":"","meta":{"_monsterinsights_skip_tracking":false,"_monsterinsights_sitenote_active":false,"_monsterinsights_sitenote_note":"","_monsterinsights_sitenote_category":0},"product_brand":[],"product_cat":[12274,12518],"product_tag":[],"class_list":{"0":"post-719131","1":"product","2":"type-product","3":"status-publish","5":"product_cat-cocuk-ve-genclik-kitaplari","6":"product_cat-okul-oncesi-kitaplar","7":"pa_cilt-ciltsiz","8":"pa_tur-kitap","9":"pa_yayinevi-minik-ada-yayinlari","10":"pa_yazar-kolektif","12":"first","13":"instock","14":"sale","15":"shipping-taxable","16":"purchasable","17":"product-type-simple"},"_links":{"self":[{"href":"https:\/\/roveyayinevi.com.tr\/index.php\/wp-json\/wp\/v2\/product\/719131","targetHints":{"allow":["GET"]}}],"collection":[{"href":"https:\/\/roveyayinevi.com.tr\/index.php\/wp-json\/wp\/v2\/product"}],"about":[{"href":"https:\/\/roveyayinevi.com.tr\/index.php\/wp-json\/wp\/v2\/types\/product"}],"wp:attachment":[{"href":"https:\/\/roveyayinevi.com.tr\/index.php\/wp-json\/wp\/v2\/media?parent=719131"}],"wp:term":[{"taxonomy":"product_brand","embeddable":true,"href":"https:\/\/roveyayinevi.com.tr\/index.php\/wp-json\/wp\/v2\/product_brand?post=719131"},{"taxonomy":"product_cat","embeddable":true,"href":"https:\/\/roveyayinevi.com.tr\/index.php\/wp-json\/wp\/v2\/product_cat?post=719131"},{"taxonomy":"product_tag","embeddable":true,"href":"https:\/\/roveyayinevi.com.tr\/index.php\/wp-json\/wp\/v2\/product_tag?post=719131"}],"curies":[{"name":"wp","href":"https:\/\/api.w.org\/{rel}","templated":true}]}}