{"id":719128,"date":"2025-08-27T18:18:09","date_gmt":"2025-08-27T15:18:09","guid":{"rendered":"https:\/\/roveyayinevi.com.tr\/index.php\/urun\/siir-dunyadan-ibaret\/"},"modified":"2026-04-16T02:27:27","modified_gmt":"2026-04-15T23:27:27","slug":"siir-dunyadan-ibaret","status":"publish","type":"product","link":"https:\/\/roveyayinevi.com.tr\/index.php\/urun\/siir-dunyadan-ibaret\/","title":{"rendered":"\u015eiir D\u00fcnyadan \u0130baret"},"content":{"rendered":"<p>\u201c-\u015eiir bunlardan m\u0131 ibaret yaln\u0131z, Doktor Bey?\u201d\u201c-\u015eiir d\u00fcnyadan ibaret.Ve bug\u00fcnk\u00fc d\u00fcnyada yaln\u0131z bu dediklerim anlat\u0131lmaya de\u011fer.\u201d\u201c\u015eiir d\u00fcnyadan ibaret\u201d diyen Naz\u0131m Hikmet, edebiyat ser\u00fcveninin en ba\u015f\u0131ndan itibaren her \u015feyin \u015fiire mevzu olabilece\u011fi d\u00fcsturuyla yazd\u0131. Bu ba\u011flamda \u201cBenerci Kendini Ni\u00e7in \u00d6ld\u00fcrd\u00fc\u201d \u015fiirinde ifade etti\u011fi gibi gereksiz sanatlara ba\u015fvurmadan \u201cg\u00fcne\u015fin g\u00fcne\u015f gibi y\u00fckseldi\u011fi\u201d, s\u00f6z\u00fcn\u00fc do\u011frudan s\u00f6yleyen dizeler yazarken a\u015fka, do\u011faya, teknolojiye, siyasete, tarihe dair meseleleri farkl\u0131 sanat dallar\u0131ndan ta\u015f\u0131y\u0131p getirdi\u011fi deneysellikle harmanlayarak her zaman g\u00fcncel kalabilen eserler verdi. Naz\u0131m Hikmet K\u00fclt\u00fcr ve Sanat Ara\u015ft\u0131rma Merkezi olarak biz de bu \u00e7e\u015fitlili\u011fi ortaya koyabilmek i\u00e7in Naz\u0131m\u2019\u0131n sadece \u015fiirine de\u011fil t\u00fcm alanlardaki \u00fcretim ve faaliyetlerine odaklanan bir kitap haz\u0131rlad\u0131k.Bo\u011fazi\u00e7i \u00dcniversitesi\u2019nde akademik bir birim olarak kurulan Naz\u0131m Hikmet K\u00fclt\u00fcr ve Sanat Ara\u015ft\u0131rma Merkezi, Naz\u0131m Hikmet\u2019in an\u0131s\u0131n\u0131 ya\u015fatmak, ar\u015fivini ve bilgi-belge merkezini olu\u015fturmak, eserlerini ve \u00e7ok y\u00f6nl\u00fc kimli\u011fini kamusal alana a\u00e7mak ve \u015fairin T\u00fcrkiye\u2019de edebiyata, sanat ve k\u00fclt\u00fcr politikalar\u0131na yapt\u0131\u011f\u0131 katk\u0131lar\u0131 \u00e7ok boyutlu bir bi\u00e7imde de\u011ferlendirmek amac\u0131yla kurulmu\u015ftur. Merkezin bir di\u011fer \u00f6nemli misyonu da T\u00fcrkiye\u2019nin k\u00fclt\u00fcr ve sanat birikimi hakk\u0131nda yap\u0131lacak \u00f6zg\u00fcn \u00e7al\u0131\u015fmalar\u0131 desteklemektir. Bu do\u011frultuda merkezin hedefleri aras\u0131nda edebiyat, yak\u0131n tarih, toplumbilim alanlar\u0131nda ara\u015ft\u0131rma projeleri y\u00fcr\u00fctmek, konferanslar, at\u00f6lyeler ve e\u011fitim programlar\u0131 d\u00fczenlemek bulunmaktad\u0131r.<\/p>\n","protected":false},"excerpt":{"rendered":"<p>\u201c-\u015eiir bunlardan m\u0131 ibaret yaln\u0131z, Doktor Bey?\u201d\u201c-\u015eiir d\u00fcnyadan ibaret.Ve bug\u00fcnk\u00fc d\u00fcnyada yaln\u0131z bu dediklerim anlat\u0131lmaya de\u011fer.\u201d\u201c\u015eiir d\u00fcnyadan ibaret\u201d diyen Naz\u0131m Hikmet, edebiyat ser\u00fcveninin en ba\u015f\u0131ndan itibaren<span class=\"excerpt-hellip\"> [\u2026]<\/span><\/p>\n","protected":false},"featured_media":0,"template":"","meta":{"_monsterinsights_skip_tracking":false,"_monsterinsights_sitenote_active":false,"_monsterinsights_sitenote_note":"","_monsterinsights_sitenote_category":0},"product_brand":[],"product_cat":[13072,12291],"product_tag":[],"class_list":{"0":"post-719128","1":"product","2":"type-product","3":"status-publish","5":"product_cat-arastirma-inceleme-referans","6":"product_cat-edebiyat","7":"pa_cilt-ciltsiz","8":"pa_tur-kitap","9":"pa_yayinevi-bogazici-universitesi-yayinevi","10":"pa_yazar-kolektif","12":"first","13":"instock","14":"sale","15":"shipping-taxable","16":"purchasable","17":"product-type-simple"},"_links":{"self":[{"href":"https:\/\/roveyayinevi.com.tr\/index.php\/wp-json\/wp\/v2\/product\/719128","targetHints":{"allow":["GET"]}}],"collection":[{"href":"https:\/\/roveyayinevi.com.tr\/index.php\/wp-json\/wp\/v2\/product"}],"about":[{"href":"https:\/\/roveyayinevi.com.tr\/index.php\/wp-json\/wp\/v2\/types\/product"}],"wp:attachment":[{"href":"https:\/\/roveyayinevi.com.tr\/index.php\/wp-json\/wp\/v2\/media?parent=719128"}],"wp:term":[{"taxonomy":"product_brand","embeddable":true,"href":"https:\/\/roveyayinevi.com.tr\/index.php\/wp-json\/wp\/v2\/product_brand?post=719128"},{"taxonomy":"product_cat","embeddable":true,"href":"https:\/\/roveyayinevi.com.tr\/index.php\/wp-json\/wp\/v2\/product_cat?post=719128"},{"taxonomy":"product_tag","embeddable":true,"href":"https:\/\/roveyayinevi.com.tr\/index.php\/wp-json\/wp\/v2\/product_tag?post=719128"}],"curies":[{"name":"wp","href":"https:\/\/api.w.org\/{rel}","templated":true}]}}