{"id":719124,"date":"2025-08-27T18:18:06","date_gmt":"2025-08-27T15:18:06","guid":{"rendered":"https:\/\/roveyayinevi.com.tr\/index.php\/urun\/saglik-kurumlarinda-orgut-yapisi-ve-guncel-yonetsel-yaklasimlar\/"},"modified":"2026-04-16T02:27:27","modified_gmt":"2026-04-15T23:27:27","slug":"saglik-kurumlarinda-orgut-yapisi-ve-guncel-yonetsel-yaklasimlar","status":"publish","type":"product","link":"https:\/\/roveyayinevi.com.tr\/index.php\/urun\/saglik-kurumlarinda-orgut-yapisi-ve-guncel-yonetsel-yaklasimlar\/","title":{"rendered":"Sa\u011fl\u0131k Kurumlar\u0131nda \u00d6rg\u00fct Yap\u0131s\u0131 ve G\u00fcncel Y\u00f6netsel Yakla\u015f\u0131mlar"},"content":{"rendered":"<p>Sa\u011fl\u0131k kurumlar\u0131, toplumun ihtiya\u00e7 duydu\u011fu sa\u011fl\u0131k hizmetlerinin sunumunda \u00f6nemli rol \u00fcstlenen vazge\u00e7ilmez yap\u0131lard\u0131r. Sa\u011fl\u0131k kurumlar\u0131n\u0131n nas\u0131l tasarlanmas\u0131 gerekti\u011fi, nas\u0131l yap\u0131land\u0131r\u0131laca\u011f\u0131 ve nas\u0131l y\u00f6netilece\u011fi konular\u0131 giderek daha fazla g\u00fcndeme gelmektedir. Bu noktada g\u00fcncel y\u00f6netsel yakla\u015f\u0131mlar hakk\u0131nda bilgi sahibi olman\u0131n ve bu yakla\u015f\u0131mlara de\u011finmenin de \u00f6nemi artmaktad\u0131r.Bu kitapta, sa\u011fl\u0131k kurumlar\u0131n\u0131n \u00f6rg\u00fctsel yap\u0131 ve tasar\u0131m\u0131 ele al\u0131nm\u0131\u015f, sa\u011fl\u0131k kurumlar\u0131nda y\u00f6netici kavram\u0131, y\u00f6netsel rol ve becerilere de\u011finilerek a\u00e7\u0131klanm\u0131\u015ft\u0131r. Y\u00f6netim teorilerinden g\u00fcncel yakla\u015f\u0131mlara yer verilmi\u015f ve bu yakla\u015f\u0131mlar sa\u011fl\u0131k y\u00f6netimi, sa\u011fl\u0131k kurumlar\u0131 y\u00f6netimi bak\u0131m\u0131ndan irdelenmi\u015ftir. Buna g\u00f6re, Kaynak Ba\u011f\u0131ml\u0131l\u0131\u011f\u0131, \u0130\u015flem Maliyeti, D\u0131\u015f Kaynak Kullan\u0131m\u0131, K\u0131yaslama, N\u00fcfus Ekolojisi, Kaos, \u0130novasyon ve Giri\u015fimcilik, Kan\u0131ta Dayal\u0131 Yakla\u015f\u0131m ve B\u00fcy\u00fck Veri konular\u0131 kavramsal anlam\u0131yla a\u00e7\u0131klanm\u0131\u015f, ayr\u0131 bir alt ba\u015fl\u0131k alt\u0131nda sa\u011fl\u0131k kurumlar\u0131 veya y\u00f6netimi bak\u0131m\u0131ndan ele al\u0131nm\u0131\u015ft\u0131r.<\/p>\n","protected":false},"excerpt":{"rendered":"<p>Sa\u011fl\u0131k kurumlar\u0131, toplumun ihtiya\u00e7 duydu\u011fu sa\u011fl\u0131k hizmetlerinin sunumunda \u00f6nemli rol \u00fcstlenen vazge\u00e7ilmez yap\u0131lard\u0131r. Sa\u011fl\u0131k kurumlar\u0131n\u0131n nas\u0131l tasarlanmas\u0131 gerekti\u011fi, nas\u0131l yap\u0131land\u0131r\u0131laca\u011f\u0131 ve nas\u0131l y\u00f6netilece\u011fi konular\u0131 giderek daha<span class=\"excerpt-hellip\"> [\u2026]<\/span><\/p>\n","protected":false},"featured_media":0,"template":"","meta":{"_monsterinsights_skip_tracking":false,"_monsterinsights_sitenote_active":false,"_monsterinsights_sitenote_note":"","_monsterinsights_sitenote_category":0},"product_brand":[],"product_cat":[13043,19008],"product_tag":[],"class_list":{"0":"post-719124","1":"product","2":"type-product","3":"status-publish","5":"product_cat-ekonomi","6":"product_cat-yonetim","7":"pa_cilt-ciltsiz","8":"pa_tur-kitap","9":"pa_yayinevi-siyasal-kitabevi-akademik-kitaplar","10":"pa_yazar-kolektif","12":"first","13":"instock","14":"sale","15":"shipping-taxable","16":"purchasable","17":"product-type-simple"},"_links":{"self":[{"href":"https:\/\/roveyayinevi.com.tr\/index.php\/wp-json\/wp\/v2\/product\/719124","targetHints":{"allow":["GET"]}}],"collection":[{"href":"https:\/\/roveyayinevi.com.tr\/index.php\/wp-json\/wp\/v2\/product"}],"about":[{"href":"https:\/\/roveyayinevi.com.tr\/index.php\/wp-json\/wp\/v2\/types\/product"}],"wp:attachment":[{"href":"https:\/\/roveyayinevi.com.tr\/index.php\/wp-json\/wp\/v2\/media?parent=719124"}],"wp:term":[{"taxonomy":"product_brand","embeddable":true,"href":"https:\/\/roveyayinevi.com.tr\/index.php\/wp-json\/wp\/v2\/product_brand?post=719124"},{"taxonomy":"product_cat","embeddable":true,"href":"https:\/\/roveyayinevi.com.tr\/index.php\/wp-json\/wp\/v2\/product_cat?post=719124"},{"taxonomy":"product_tag","embeddable":true,"href":"https:\/\/roveyayinevi.com.tr\/index.php\/wp-json\/wp\/v2\/product_tag?post=719124"}],"curies":[{"name":"wp","href":"https:\/\/api.w.org\/{rel}","templated":true}]}}