{"id":719122,"date":"2025-08-27T18:18:04","date_gmt":"2025-08-27T15:18:04","guid":{"rendered":"https:\/\/roveyayinevi.com.tr\/index.php\/urun\/altin-volkani\/"},"modified":"2026-04-16T02:27:27","modified_gmt":"2026-04-15T23:27:27","slug":"altin-volkani","status":"publish","type":"product","link":"https:\/\/roveyayinevi.com.tr\/index.php\/urun\/altin-volkani\/","title":{"rendered":"Alt\u0131n Volkan\u0131"},"content":{"rendered":"<p>1900 y\u0131l\u0131nda yaz\u0131lan ve Jules Verne\u2019in (1828-1905) \u00f6l\u00fcm\u00fcnden sonra yay\u0131mlanan bu romanda yirminci y\u00fczy\u0131l\u0131n sonlar\u0131nda herkes\u00e7e bilinen alt\u0131n aray\u0131c\u0131lar\u0131n\u0131n bol maceral\u0131 ama bir o kadar da ac\u0131 ve keder dolu hayatlar\u0131, o d\u00f6nemin teknolojik geli\u015fmeleriyle birlikte \u00f6yk\u00fclenmi\u015f.Ba\u015fkahramanlar\u0131m\u0131z Montr\u00e9alli kuzenler, \u00f6len day\u0131lar\u0131ndan kalan bir arazi par\u00e7as\u0131n\u0131n pe\u015fine d\u00fc\u015ferler. Kanada, Klondike\u2019a vard\u0131klar\u0131nda, bir alt\u0131n volkan\u0131n\u0131n varl\u0131\u011f\u0131ndan haberdar olur ve bu da\u011f\u0131 aramaya koyulurlar. B\u00f6ylelikle iki kuzen hem tehlikeli hem de heyecan dolu bir ser\u00fcvene ad\u0131m atar.<\/p>\n","protected":false},"excerpt":{"rendered":"<p>1900 y\u0131l\u0131nda yaz\u0131lan ve Jules Verne\u2019in (1828-1905) \u00f6l\u00fcm\u00fcnden sonra yay\u0131mlanan bu romanda yirminci y\u00fczy\u0131l\u0131n sonlar\u0131nda herkes\u00e7e bilinen alt\u0131n aray\u0131c\u0131lar\u0131n\u0131n bol maceral\u0131 ama bir o kadar da<span class=\"excerpt-hellip\"> [\u2026]<\/span><\/p>\n","protected":false},"featured_media":0,"template":"","meta":{"_monsterinsights_skip_tracking":false,"_monsterinsights_sitenote_active":false,"_monsterinsights_sitenote_note":"","_monsterinsights_sitenote_category":0},"product_brand":[],"product_cat":[12274,12284],"product_tag":[],"class_list":{"0":"post-719122","1":"product","2":"type-product","3":"status-publish","5":"product_cat-cocuk-ve-genclik-kitaplari","6":"product_cat-hikayeler","7":"pa_cilt-ciltsiz","8":"pa_tur-kitap","9":"pa_yayinevi-bilgi-yayinevi-cocuk","10":"pa_yazar-jules-verne","12":"first","13":"instock","14":"sale","15":"shipping-taxable","16":"purchasable","17":"product-type-simple"},"_links":{"self":[{"href":"https:\/\/roveyayinevi.com.tr\/index.php\/wp-json\/wp\/v2\/product\/719122","targetHints":{"allow":["GET"]}}],"collection":[{"href":"https:\/\/roveyayinevi.com.tr\/index.php\/wp-json\/wp\/v2\/product"}],"about":[{"href":"https:\/\/roveyayinevi.com.tr\/index.php\/wp-json\/wp\/v2\/types\/product"}],"wp:attachment":[{"href":"https:\/\/roveyayinevi.com.tr\/index.php\/wp-json\/wp\/v2\/media?parent=719122"}],"wp:term":[{"taxonomy":"product_brand","embeddable":true,"href":"https:\/\/roveyayinevi.com.tr\/index.php\/wp-json\/wp\/v2\/product_brand?post=719122"},{"taxonomy":"product_cat","embeddable":true,"href":"https:\/\/roveyayinevi.com.tr\/index.php\/wp-json\/wp\/v2\/product_cat?post=719122"},{"taxonomy":"product_tag","embeddable":true,"href":"https:\/\/roveyayinevi.com.tr\/index.php\/wp-json\/wp\/v2\/product_tag?post=719122"}],"curies":[{"name":"wp","href":"https:\/\/api.w.org\/{rel}","templated":true}]}}