{"id":719120,"date":"2025-08-27T18:18:03","date_gmt":"2025-08-27T15:18:03","guid":{"rendered":"https:\/\/roveyayinevi.com.tr\/index.php\/urun\/her-yonuyle-modern-almanca\/"},"modified":"2026-04-16T02:27:27","modified_gmt":"2026-04-15T23:27:27","slug":"her-yonuyle-modern-almanca","status":"publish","type":"product","link":"https:\/\/roveyayinevi.com.tr\/index.php\/urun\/her-yonuyle-modern-almanca\/","title":{"rendered":"Her Y\u00f6n\u00fcyle Modern Almanca"},"content":{"rendered":"<p>Elinize tesad\u00fcfen ald\u0131\u011f\u0131n\u0131z ya da \u00f6nceden bildi\u011finiz bu kitab\u0131 tercih etmekle Almanca \u00f6\u011frenme konusunda en do\u011fru se\u00e7imi yapm\u0131\u015f olmaktas\u0131n\u0131z. Bu kitap, m\u00fcmk\u00fcn oldu\u011fu kadar b\u00fct\u00fcn konular\u0131 belli bir s\u0131ra ve d\u00fczene g\u00f6re vermekte ve arad\u0131\u011f\u0131n\u0131z b\u00fct\u00fcn konular\u0131 i\u00e7ermektedir. Konular, Almancay\u0131 \u00f6\u011frenen birinin bu dili en kolay bi\u00e7imde nas\u0131l \u00f6\u011frenebilece\u011fi hususu g\u00f6z \u00f6n\u00fcne al\u0131narak anlat\u0131lm\u0131\u015ft\u0131r. Ku\u015fkusuz kitab\u0131n de\u011ferlendirilmesine ili\u015fkin son karar her zaman siz de\u011ferli dil \u00f6\u011frenenlerin olacakt\u0131r. Bu karar\u0131n\u0131z\u0131 piyasadaki kitaplar\u0131 da de\u011ferlendirerek ve k\u0131yaslayarak kolayl\u0131kla verebilirsiniz. Konu ve i\u00e7erikler belli bir s\u0131raya g\u00f6re d\u00fczenlenmi\u015f ve \u00f6ncelik, sonral\u0131k s\u0131ras\u0131na g\u00f6re basitten zora do\u011fru ele al\u0131nm\u0131\u015ft\u0131r. B\u00fct\u00fcn kavram, s\u00f6zc\u00fck, ifade ve c\u00fcmlelerin hem Almanca hem de T\u00fcrk\u00e7esine yer verilmi\u015ftir. Konular elden geldi\u011fince tam olarak verilmeye \u00e7al\u0131\u015f\u0131lm\u0131\u015ft\u0131r. Bu nedenle Almanca \u00f6\u011frenmek isteyen biri i\u00e7in gerekli olan b\u00fct\u00fcn konular yer almaktad\u0131r. Ayr\u0131ca konular al\u0131\u015ft\u0131rmalarla desteklenmi\u015f ve al\u0131\u015ft\u0131rmalar\u0131n cevaplar\u0131 da verilmi\u015ftir. Bu kitaptan, ortaokul ve liseden itibaren Almanca \u00f6\u011frenmek ve \u00f6\u011fretmek isteyen herkes yararlanabilir. Dolay\u0131s\u0131yla YDS, LYS, GOETHE ZERT\u0130F\u0130KAT, TestDaF, TELC, \u00d6SD ve DSH gibi yabanc\u0131 dil s\u0131navlar\u0131 ba\u015fta olmak \u00fczere, Almanca s\u0131navlar\u0131na giren b\u00fct\u00fcn adaylar, ortaokul ve lise \u00f6\u011frencileri, haz\u0131rl\u0131k s\u0131n\u0131f\u0131 \u00f6\u011frencileri, Almancayla ilgili b\u00f6l\u00fcmlerde \u00f6\u011frenim g\u00f6ren \u00f6\u011frenciler, ders veren \u00f6\u011fretmenler, \u00e7evirmenler, kendi kendine Almanca \u00f6\u011frenmek isteyen merakl\u0131lar ile bilgilerini derinle\u015ftirmek isteyen herkes bu kitaptan yararlanabilir. Bir\u00e7ok kursta, okulda ve \u00fcniversitede ders kitab\u0131 olarak da yararlan\u0131lan bu kitap, Almanca en iyi ve g\u00fczel \u015fekilde nas\u0131l \u00f6\u011fretilir kriteri g\u00f6z \u00f6n\u00fcne al\u0131narak haz\u0131rlanm\u0131\u015ft\u0131r. Bu kitab\u0131 di\u011ferlerinden ay\u0131ran en \u00f6nemli fark, m\u00fcmk\u00fcn oldu\u011fu kadar Almanca ile ilgili b\u00fct\u00fcn konular\u0131n yer almas\u0131 ve konular\u0131n \u00f6\u011frenen ki\u015filerin bak\u0131\u015f a\u00e7\u0131s\u0131 g\u00f6z \u00f6n\u00fcne al\u0131narak d\u00fczenlenmi\u015f ve anlat\u0131lm\u0131\u015f olmas\u0131d\u0131r. <\/p>\n","protected":false},"excerpt":{"rendered":"<p>Elinize tesad\u00fcfen ald\u0131\u011f\u0131n\u0131z ya da \u00f6nceden bildi\u011finiz bu kitab\u0131 tercih etmekle Almanca \u00f6\u011frenme konusunda en do\u011fru se\u00e7imi yapm\u0131\u015f olmaktas\u0131n\u0131z. Bu kitap, m\u00fcmk\u00fcn oldu\u011fu kadar b\u00fct\u00fcn konular\u0131<span class=\"excerpt-hellip\"> [\u2026]<\/span><\/p>\n","protected":false},"featured_media":0,"template":"","meta":{"_monsterinsights_skip_tracking":false,"_monsterinsights_sitenote_active":false,"_monsterinsights_sitenote_note":"","_monsterinsights_sitenote_category":0},"product_brand":[],"product_cat":[26111,14597,12566],"product_tag":[],"class_list":{"0":"post-719120","1":"product","2":"type-product","3":"status-publish","5":"product_cat-almanca","6":"product_cat-dil-ogrenimi","7":"product_cat-egitim","8":"pa_cilt-ciltsiz","9":"pa_tur-kitap","10":"pa_yayinevi-nika-yayinevi","11":"pa_yazar-dursun-zengin","13":"first","14":"instock","15":"sale","16":"shipping-taxable","17":"purchasable","18":"product-type-simple"},"_links":{"self":[{"href":"https:\/\/roveyayinevi.com.tr\/index.php\/wp-json\/wp\/v2\/product\/719120","targetHints":{"allow":["GET"]}}],"collection":[{"href":"https:\/\/roveyayinevi.com.tr\/index.php\/wp-json\/wp\/v2\/product"}],"about":[{"href":"https:\/\/roveyayinevi.com.tr\/index.php\/wp-json\/wp\/v2\/types\/product"}],"wp:attachment":[{"href":"https:\/\/roveyayinevi.com.tr\/index.php\/wp-json\/wp\/v2\/media?parent=719120"}],"wp:term":[{"taxonomy":"product_brand","embeddable":true,"href":"https:\/\/roveyayinevi.com.tr\/index.php\/wp-json\/wp\/v2\/product_brand?post=719120"},{"taxonomy":"product_cat","embeddable":true,"href":"https:\/\/roveyayinevi.com.tr\/index.php\/wp-json\/wp\/v2\/product_cat?post=719120"},{"taxonomy":"product_tag","embeddable":true,"href":"https:\/\/roveyayinevi.com.tr\/index.php\/wp-json\/wp\/v2\/product_tag?post=719120"}],"curies":[{"name":"wp","href":"https:\/\/api.w.org\/{rel}","templated":true}]}}