{"id":719119,"date":"2025-08-27T18:18:02","date_gmt":"2025-08-27T15:18:02","guid":{"rendered":"https:\/\/roveyayinevi.com.tr\/index.php\/urun\/alice-harikalar-diyarinda-7\/"},"modified":"2026-04-16T02:27:27","modified_gmt":"2026-04-15T23:27:27","slug":"alice-harikalar-diyarinda-7","status":"publish","type":"product","link":"https:\/\/roveyayinevi.com.tr\/index.php\/urun\/alice-harikalar-diyarinda-7\/","title":{"rendered":"Alice Harikalar Diyar\u0131nda"},"content":{"rendered":"<p>Lewis Carroll\u2019\u0131n tuhaf, muzip, oyunbaz roman\u0131 Alice Harikalar Diyar\u0131nda\u2019da k\u00fc\u00e7\u00fck bir k\u0131z\u0131n s\u0131rad\u0131\u015f\u0131 maceralar\u0131 anlat\u0131l\u0131yor.Nehrin k\u0131y\u0131s\u0131nda bo\u015f bo\u015f oturmaktan s\u0131k\u0131lmaya ba\u015flayan Alice\u2019in bir tav\u015fan deli\u011fine dalmas\u0131yla ba\u015fl\u0131yor her \u015fey. Ard\u0131ndan kahraman\u0131m\u0131z\u0131 bir deve d\u00f6n\u00fc\u015ft\u00fcren i\u00e7ecekler, g\u00f6zya\u015f\u0131 havuzunda y\u00fczen esrarengiz yarat\u0131klar, beyaz g\u00fclleri k\u0131rm\u0131z\u0131ya boyamaya \u00e7al\u0131\u015fan iskambil k\u00e2\u011f\u0131tlar\u0131, saatin hep alt\u0131y\u0131 vurdu\u011fu bir anda d\u00fczenlenen \u00e7ay partisi ve i\u015flerin iyice birbirine kar\u0131\u015ft\u0131\u011f\u0131 bir mahkeme geliyor.Alice\u2019in hi\u00e7 bilmedi\u011fi bir diyarda dola\u015fmas\u0131yla ba\u015flayan d\u00fc\u011f\u00fcm bakal\u0131m nas\u0131l \u00e7\u00f6z\u00fclecek. Siz de onunla birlikte bu deli\u011fe dal\u0131p ilgin\u00e7 maceralar\u0131nda ona e\u015flik etmek istemez misiniz?<\/p>\n","protected":false},"excerpt":{"rendered":"<p>Lewis Carroll\u2019\u0131n tuhaf, muzip, oyunbaz roman\u0131 Alice Harikalar Diyar\u0131nda\u2019da k\u00fc\u00e7\u00fck bir k\u0131z\u0131n s\u0131rad\u0131\u015f\u0131 maceralar\u0131 anlat\u0131l\u0131yor.Nehrin k\u0131y\u0131s\u0131nda bo\u015f bo\u015f oturmaktan s\u0131k\u0131lmaya ba\u015flayan Alice\u2019in bir tav\u015fan deli\u011fine dalmas\u0131yla<span class=\"excerpt-hellip\"> [\u2026]<\/span><\/p>\n","protected":false},"featured_media":0,"template":"","meta":{"_monsterinsights_skip_tracking":false,"_monsterinsights_sitenote_active":false,"_monsterinsights_sitenote_note":"","_monsterinsights_sitenote_category":0},"product_brand":[],"product_cat":[12274,12284],"product_tag":[],"class_list":{"0":"post-719119","1":"product","2":"type-product","3":"status-publish","5":"product_cat-cocuk-ve-genclik-kitaplari","6":"product_cat-hikayeler","7":"pa_cilt-ciltsiz","8":"pa_tur-kitap","9":"pa_yayinevi-iletisim-yayinlari","10":"pa_yazar-lewis-carroll","12":"first","13":"instock","14":"sale","15":"shipping-taxable","16":"purchasable","17":"product-type-simple"},"_links":{"self":[{"href":"https:\/\/roveyayinevi.com.tr\/index.php\/wp-json\/wp\/v2\/product\/719119","targetHints":{"allow":["GET"]}}],"collection":[{"href":"https:\/\/roveyayinevi.com.tr\/index.php\/wp-json\/wp\/v2\/product"}],"about":[{"href":"https:\/\/roveyayinevi.com.tr\/index.php\/wp-json\/wp\/v2\/types\/product"}],"wp:attachment":[{"href":"https:\/\/roveyayinevi.com.tr\/index.php\/wp-json\/wp\/v2\/media?parent=719119"}],"wp:term":[{"taxonomy":"product_brand","embeddable":true,"href":"https:\/\/roveyayinevi.com.tr\/index.php\/wp-json\/wp\/v2\/product_brand?post=719119"},{"taxonomy":"product_cat","embeddable":true,"href":"https:\/\/roveyayinevi.com.tr\/index.php\/wp-json\/wp\/v2\/product_cat?post=719119"},{"taxonomy":"product_tag","embeddable":true,"href":"https:\/\/roveyayinevi.com.tr\/index.php\/wp-json\/wp\/v2\/product_tag?post=719119"}],"curies":[{"name":"wp","href":"https:\/\/api.w.org\/{rel}","templated":true}]}}