{"id":719117,"date":"2025-08-27T18:18:00","date_gmt":"2025-08-27T15:18:00","guid":{"rendered":"https:\/\/roveyayinevi.com.tr\/index.php\/urun\/kral-suiti\/"},"modified":"2026-04-16T02:27:27","modified_gmt":"2026-04-15T23:27:27","slug":"kral-suiti","status":"publish","type":"product","link":"https:\/\/roveyayinevi.com.tr\/index.php\/urun\/kral-suiti\/","title":{"rendered":"Kral S\u00fciti"},"content":{"rendered":"<p>\u201cDudaklar\u0131mda kalan ac\u0131 tad\u0131n\u0131z\u0131, kokunuzu, beni darmaduman eden nefesinizi dahi unutmak istiyorum. Beni neden anlam\u0131yorsunuz? Ben saklamba\u00e7 oynayamayacak kadar yoruldum art\u0131k. Her sobeledi\u011fimde yine ebe olmak, bir hayali kucaklamak istemiyorum.\u201d \u015eimal, umutlar\u0131n\u0131 k\u00fc\u00e7\u00fck hayallerine s\u0131\u011fd\u0131rm\u0131\u015f gen\u00e7 bir kad\u0131nd\u0131r. T\u00fcm \u00e7abas\u0131, ailesine inat kendi ayaklar\u0131 \u00fcst\u00fcnde durabilmek i\u00e7indir. Fakat kader, onun yolunu \u00e7oktan \u00e7izmi\u015ftir. Ba\u015far\u0131ya ad\u0131m ad\u0131m ula\u015fmay\u0131 planlad\u0131\u011f\u0131 kariyer yolunda ilerlerken hi\u00e7 beklemedi\u011fi bir anda kendini a\u015fk\u0131n kollar\u0131nda bulur. Kral S\u00fciti\u2019nde y\u00fcre\u011fine d\u00fc\u015fen yang\u0131n onu t\u00fcm d\u00fcnyayla kar\u015f\u0131 kar\u015f\u0131ya getirecektir. <\/p>\n","protected":false},"excerpt":{"rendered":"<p>\u201cDudaklar\u0131mda kalan ac\u0131 tad\u0131n\u0131z\u0131, kokunuzu, beni darmaduman eden nefesinizi dahi unutmak istiyorum. Beni neden anlam\u0131yorsunuz? Ben saklamba\u00e7 oynayamayacak kadar yoruldum art\u0131k. Her sobeledi\u011fimde yine ebe olmak,<span class=\"excerpt-hellip\"> [\u2026]<\/span><\/p>\n","protected":false},"featured_media":0,"template":"","meta":{"_monsterinsights_skip_tracking":false,"_monsterinsights_sitenote_active":false,"_monsterinsights_sitenote_note":"","_monsterinsights_sitenote_category":0},"product_brand":[],"product_cat":[12291,12711],"product_tag":[],"class_list":{"0":"post-719117","1":"product","2":"type-product","3":"status-publish","5":"product_cat-edebiyat","6":"product_cat-roman-oyku","7":"pa_cilt-ciltsiz","8":"pa_tur-kitap","9":"pa_yayinevi-muptela-yayinevi","10":"pa_yazar-kerime-simsek","12":"first","13":"instock","14":"sale","15":"shipping-taxable","16":"purchasable","17":"product-type-simple"},"_links":{"self":[{"href":"https:\/\/roveyayinevi.com.tr\/index.php\/wp-json\/wp\/v2\/product\/719117","targetHints":{"allow":["GET"]}}],"collection":[{"href":"https:\/\/roveyayinevi.com.tr\/index.php\/wp-json\/wp\/v2\/product"}],"about":[{"href":"https:\/\/roveyayinevi.com.tr\/index.php\/wp-json\/wp\/v2\/types\/product"}],"wp:attachment":[{"href":"https:\/\/roveyayinevi.com.tr\/index.php\/wp-json\/wp\/v2\/media?parent=719117"}],"wp:term":[{"taxonomy":"product_brand","embeddable":true,"href":"https:\/\/roveyayinevi.com.tr\/index.php\/wp-json\/wp\/v2\/product_brand?post=719117"},{"taxonomy":"product_cat","embeddable":true,"href":"https:\/\/roveyayinevi.com.tr\/index.php\/wp-json\/wp\/v2\/product_cat?post=719117"},{"taxonomy":"product_tag","embeddable":true,"href":"https:\/\/roveyayinevi.com.tr\/index.php\/wp-json\/wp\/v2\/product_tag?post=719117"}],"curies":[{"name":"wp","href":"https:\/\/api.w.org\/{rel}","templated":true}]}}