{"id":719116,"date":"2025-08-27T18:17:59","date_gmt":"2025-08-27T15:17:59","guid":{"rendered":"https:\/\/roveyayinevi.com.tr\/index.php\/urun\/gulliverin-gezileri-5\/"},"modified":"2026-04-16T02:27:27","modified_gmt":"2026-04-15T23:27:27","slug":"gulliverin-gezileri-5","status":"publish","type":"product","link":"https:\/\/roveyayinevi.com.tr\/index.php\/urun\/gulliverin-gezileri-5\/","title":{"rendered":"Gulliver\u2019\u0131n Gezileri"},"content":{"rendered":"<p>\u201cGulliver\u2019\u0131n Gezileri g\u00f6steriyor ki, e\u011fer az da olsa akla yatk\u0131n bir d\u00fcnya g\u00f6r\u00fc\u015f\u00fcne yeterince inan\u0131l\u0131yorsa, bu muhte\u015fem bir sanat eseri ortaya koymak i\u00e7in yeterlidir.\u201d \u2013George Orwell   \u0130ngilizce yaz\u0131lm\u0131\u015f en iyi hiciv olarak g\u00f6r\u00fclen Gulliver\u2019\u0131n Gezileri, gemisi kaza yapm\u0131\u015f ve k\u0131y\u0131ya vurmu\u015f Lemuel Gulliver\u2019\u0131n d\u00f6rt farkl\u0131 ger\u00e7ek\u00fcst\u00fc diyara yapt\u0131\u011f\u0131 yolculuklar\u0131 konu edinir: K\u00fc\u00e7\u00fck insanlar\u0131n bulundu\u011fu Liliput, devler diyar\u0131 Brobdingnag, mucizevi u\u00e7an ada Laputa ve zeki at \u0131rk\u0131 Houyhnhnm\u2019lar ile onlar\u0131n ilkel hizmetk\u00e2rlar\u0131 olan insans\u0131 \u0131rk Yahoo\u2019lar\u0131n ya\u015fad\u0131\u011f\u0131 tuhaf \u00fclke.   Her yolculu\u011funda yepyeni ki\u015filerle tan\u0131\u015f\u0131p yeni bak\u0131\u015f a\u00e7\u0131lar\u0131 kazanan Gulliver, insanl\u0131\u011fa ve insanl\u0131\u011f\u0131n art niyetine, ahmakl\u0131\u011f\u0131na, a\u00e7g\u00f6zl\u00fcl\u00fc\u011f\u00fcne, kibrine ve ba\u011fnazl\u0131\u011f\u0131na dair ger\u00e7eklerle y\u00fczle\u015fmek zorunda kal\u0131r.   Maceran\u0131n, mizah\u0131n ve felsefenin e\u015fsiz bir birle\u015fimi olan Gulliver\u2019\u0131n Gezileri\u2019yle birlikte Jonathan Swift, hem hiciv yoluyla insana asl\u0131nda nas\u0131l bir canl\u0131 oldu\u011funu g\u00f6steriyor hem de edebiyat tarihinin zamana kar\u015f\u0131 koyan ba\u015fyap\u0131tlar\u0131ndan birine imzas\u0131n\u0131 at\u0131yor. <\/p>\n","protected":false},"excerpt":{"rendered":"<p>\u201cGulliver\u2019\u0131n Gezileri g\u00f6steriyor ki, e\u011fer az da olsa akla yatk\u0131n bir d\u00fcnya g\u00f6r\u00fc\u015f\u00fcne yeterince inan\u0131l\u0131yorsa, bu muhte\u015fem bir sanat eseri ortaya koymak i\u00e7in yeterlidir.\u201d \u2013George Orwell<span class=\"excerpt-hellip\"> [\u2026]<\/span><\/p>\n","protected":false},"featured_media":0,"template":"","meta":{"_monsterinsights_skip_tracking":false,"_monsterinsights_sitenote_active":false,"_monsterinsights_sitenote_note":"","_monsterinsights_sitenote_category":0},"product_brand":[],"product_cat":[12291,12711],"product_tag":[],"class_list":{"0":"post-719116","1":"product","2":"type-product","3":"status-publish","5":"product_cat-edebiyat","6":"product_cat-roman-oyku","7":"pa_cilt-ciltsiz","8":"pa_tur-kitap","9":"pa_yayinevi-ithaki-yayinlari","10":"pa_yazar-jonathan-swift","12":"first","13":"instock","14":"sale","15":"shipping-taxable","16":"purchasable","17":"product-type-simple"},"_links":{"self":[{"href":"https:\/\/roveyayinevi.com.tr\/index.php\/wp-json\/wp\/v2\/product\/719116","targetHints":{"allow":["GET"]}}],"collection":[{"href":"https:\/\/roveyayinevi.com.tr\/index.php\/wp-json\/wp\/v2\/product"}],"about":[{"href":"https:\/\/roveyayinevi.com.tr\/index.php\/wp-json\/wp\/v2\/types\/product"}],"wp:attachment":[{"href":"https:\/\/roveyayinevi.com.tr\/index.php\/wp-json\/wp\/v2\/media?parent=719116"}],"wp:term":[{"taxonomy":"product_brand","embeddable":true,"href":"https:\/\/roveyayinevi.com.tr\/index.php\/wp-json\/wp\/v2\/product_brand?post=719116"},{"taxonomy":"product_cat","embeddable":true,"href":"https:\/\/roveyayinevi.com.tr\/index.php\/wp-json\/wp\/v2\/product_cat?post=719116"},{"taxonomy":"product_tag","embeddable":true,"href":"https:\/\/roveyayinevi.com.tr\/index.php\/wp-json\/wp\/v2\/product_tag?post=719116"}],"curies":[{"name":"wp","href":"https:\/\/api.w.org\/{rel}","templated":true}]}}