{"id":719115,"date":"2025-08-27T18:17:59","date_gmt":"2025-08-27T15:17:59","guid":{"rendered":"https:\/\/roveyayinevi.com.tr\/index.php\/urun\/golem-2\/"},"modified":"2026-04-16T02:27:27","modified_gmt":"2026-04-15T23:27:27","slug":"golem-2","status":"publish","type":"product","link":"https:\/\/roveyayinevi.com.tr\/index.php\/urun\/golem-2\/","title":{"rendered":"Golem"},"content":{"rendered":"<p>\u201cUzun zamand\u0131r kar\u015f\u0131ma \u00e7\u0131kan en muhte\u015fem tuhaf kurgu eseri.\u201d \u2013H. P. Lovecraft   Gustav Meyrink, ba\u015fyap\u0131t\u0131 Golem\u2019de haf\u0131zalardan silinmi\u015f bir d\u00fcnyay\u0131 betimler. Y\u00fczlerce y\u0131l \u00f6ncesine dayanan folklorik bir efsaneyi yirminci y\u00fczy\u0131l Prag\u2019\u0131n\u0131n ara sokaklar\u0131na, karanl\u0131k ge\u00e7itlerine, gettolar\u0131na \u00f6zenle yerle\u015ftirir. \u00d6yle ki ortaya en az onunki kadar kasvetli olmakla birlikte, \u00e7a\u011fda\u015f\u0131 Kafka\u2019n\u0131n kentinden farkl\u0131 bir Prag \u00e7\u0131km\u0131\u015ft\u0131r. Almanca korku ve fantastik edebiyat\u0131n\u0131n temel ta\u015flar\u0131ndan olan Golem, bir yan\u0131lsamalar labirenti \u015feklinde varolu\u015fa, felsefeye ve psikolojiye de\u011fin uzan\u0131r.   Ta\u015f kesim ustas\u0131 Athanasius Pernath, getto hik\u00e2yeleri dinlerken bir anda kendini bu hik\u00e2yelerin i\u00e7inde bulur. \u00c7ehresini bir t\u00fcrl\u00fc an\u0131msayamad\u0131\u011f\u0131 garip bir adam\u0131n verdi\u011fi kadim b\u00fcy\u00fc kitab\u0131yla Prag\u2019\u0131n gizemli tarihinde, \u0131\u015f\u0131ks\u0131z ma\u011faralar\u0131nda her nesle musallat olan Golem denen yarat\u0131\u011f\u0131n pe\u015fine d\u00fc\u015fer. R\u00fcya ile ger\u00e7ek, bug\u00fcn ile tarih birbirine girmi\u015ftir. Bu s\u0131rada Yahudi Mahallesi, ustaca planlanm\u0131\u015f bir intikam plan\u0131na sahne olmaktad\u0131r. Golem\u2019in yine g\u00f6r\u00fcld\u00fc\u011f\u00fc s\u00f6ylentisi b\u00fct\u00fcn kentte duyulmu\u015ftur.   Varolu\u015fun g\u00fcvenilmezli\u011fi Golem\u2019in gezdi\u011fi sokaklar\u0131n \u00fcrpertisiyle bulu\u015fuyor\u2026 <\/p>\n","protected":false},"excerpt":{"rendered":"<p>\u201cUzun zamand\u0131r kar\u015f\u0131ma \u00e7\u0131kan en muhte\u015fem tuhaf kurgu eseri.\u201d \u2013H. P. Lovecraft Gustav Meyrink, ba\u015fyap\u0131t\u0131 Golem\u2019de haf\u0131zalardan silinmi\u015f bir d\u00fcnyay\u0131 betimler. Y\u00fczlerce y\u0131l \u00f6ncesine dayanan folklorik<span class=\"excerpt-hellip\"> [\u2026]<\/span><\/p>\n","protected":false},"featured_media":0,"template":"","meta":{"_monsterinsights_skip_tracking":false,"_monsterinsights_sitenote_active":false,"_monsterinsights_sitenote_note":"","_monsterinsights_sitenote_category":0},"product_brand":[],"product_cat":[12291,17033],"product_tag":[],"class_list":{"0":"post-719115","1":"product","2":"type-product","3":"status-publish","5":"product_cat-edebiyat","6":"product_cat-korku-gerilim","7":"pa_cilt-ciltsiz","8":"pa_tur-kitap","9":"pa_yayinevi-ithaki-yayinlari","10":"pa_yazar-gustav-meyrink","12":"first","13":"instock","14":"sale","15":"shipping-taxable","16":"purchasable","17":"product-type-simple"},"_links":{"self":[{"href":"https:\/\/roveyayinevi.com.tr\/index.php\/wp-json\/wp\/v2\/product\/719115","targetHints":{"allow":["GET"]}}],"collection":[{"href":"https:\/\/roveyayinevi.com.tr\/index.php\/wp-json\/wp\/v2\/product"}],"about":[{"href":"https:\/\/roveyayinevi.com.tr\/index.php\/wp-json\/wp\/v2\/types\/product"}],"wp:attachment":[{"href":"https:\/\/roveyayinevi.com.tr\/index.php\/wp-json\/wp\/v2\/media?parent=719115"}],"wp:term":[{"taxonomy":"product_brand","embeddable":true,"href":"https:\/\/roveyayinevi.com.tr\/index.php\/wp-json\/wp\/v2\/product_brand?post=719115"},{"taxonomy":"product_cat","embeddable":true,"href":"https:\/\/roveyayinevi.com.tr\/index.php\/wp-json\/wp\/v2\/product_cat?post=719115"},{"taxonomy":"product_tag","embeddable":true,"href":"https:\/\/roveyayinevi.com.tr\/index.php\/wp-json\/wp\/v2\/product_tag?post=719115"}],"curies":[{"name":"wp","href":"https:\/\/api.w.org\/{rel}","templated":true}]}}