{"id":719114,"date":"2025-08-27T18:17:58","date_gmt":"2025-08-27T15:17:58","guid":{"rendered":"https:\/\/roveyayinevi.com.tr\/index.php\/urun\/kiyamete-kosanlar-kulubu\/"},"modified":"2026-04-16T02:27:27","modified_gmt":"2026-04-15T23:27:27","slug":"kiyamete-kosanlar-kulubu","status":"publish","type":"product","link":"https:\/\/roveyayinevi.com.tr\/index.php\/urun\/kiyamete-kosanlar-kulubu\/","title":{"rendered":"K\u0131yamete Ko\u015fanlar Kulub\u00fc"},"content":{"rendered":"<p>\u201c\u0130lk ad\u0131mdan, kaslar\u0131n ilk hareketinden, ilk n\u00f6ronun ate\u015flemesinden \u00f6nce bir se\u00e7im yapman\u0131z gerekir: Durmaya devam et ya da harekete ge\u00e7.\u201d   Asteroitler d\u00fcnyaya \u00e7arpm\u0131\u015ft\u0131, d\u00fcnyan\u0131n sonu geliyordu\u2026 ve Edgar Hill e\u015finden, k\u0131z\u0131ndan, yeni do\u011fan o\u011flundan sekiz y\u00fcz kilometre uzaktayd\u0131. Ailesiyle aras\u0131nda harap olmu\u015f topraklar, tehlikeli ya\u011fmac\u0131lar, m\u00fcnzeviler, u\u00e7ak enkazlar\u0131, sular alt\u0131nda kalm\u0131\u015f \u015fehirler vard\u0131. Bir ara\u00e7 bulman\u0131n, bulsan bile o ara\u00e7la ilerlemenin m\u00fcmk\u00fcn olmad\u0131\u011f\u0131 bu yolculukta Edgar ya sonuna kadar ko\u015facak ya da ailesini kaybedecekti. Sorumluluktan ka\u00e7\u0131nmak i\u00e7in bahaneler buldu\u011fu g\u00fcnler geride kalm\u0131\u015ft\u0131, k\u0131yamet buradayd\u0131 art\u0131k.   K\u0131yamete Ko\u015fanlar Kul\u00fcb\u00fc, insan\u0131n maddi ve manevi dayanma kabiliyetini anlatan, son sayfaya neredeyse ko\u015fa ko\u015fa gelece\u011finiz bir roman.   \u201cMuhte\u015fem bir ke\u015fif.\u201d Stephen King   \u201cKusurlu bir adam\u0131n, k\u0131yamet sonras\u0131nda hayatta kal\u0131p kendini affettirmesinin, incelikle yaz\u0131lm\u0131\u015f hik\u00e2yesi.\u201d Booklist   \u201cRahats\u0131z edici, y\u00fcreklerinizi da\u011flayacak, elinizden b\u0131rakamayaca\u011f\u0131n\u0131z bir roman.\u201d Library Journal <\/p>\n","protected":false},"excerpt":{"rendered":"<p>\u201c\u0130lk ad\u0131mdan, kaslar\u0131n ilk hareketinden, ilk n\u00f6ronun ate\u015flemesinden \u00f6nce bir se\u00e7im yapman\u0131z gerekir: Durmaya devam et ya da harekete ge\u00e7.\u201d Asteroitler d\u00fcnyaya \u00e7arpm\u0131\u015ft\u0131, d\u00fcnyan\u0131n sonu geliyordu\u2026<span class=\"excerpt-hellip\"> [\u2026]<\/span><\/p>\n","protected":false},"featured_media":0,"template":"","meta":{"_monsterinsights_skip_tracking":false,"_monsterinsights_sitenote_active":false,"_monsterinsights_sitenote_note":"","_monsterinsights_sitenote_category":0},"product_brand":[],"product_cat":[12540,12291],"product_tag":[],"class_list":{"0":"post-719114","1":"product","2":"type-product","3":"status-publish","5":"product_cat-bilim-kurgu","6":"product_cat-edebiyat","7":"pa_cilt-ciltsiz","8":"pa_tur-kitap","9":"pa_yayinevi-ithaki-yayinlari","10":"pa_yazar-adrian-j-walker","12":"first","13":"instock","14":"sale","15":"shipping-taxable","16":"purchasable","17":"product-type-simple"},"_links":{"self":[{"href":"https:\/\/roveyayinevi.com.tr\/index.php\/wp-json\/wp\/v2\/product\/719114","targetHints":{"allow":["GET"]}}],"collection":[{"href":"https:\/\/roveyayinevi.com.tr\/index.php\/wp-json\/wp\/v2\/product"}],"about":[{"href":"https:\/\/roveyayinevi.com.tr\/index.php\/wp-json\/wp\/v2\/types\/product"}],"wp:attachment":[{"href":"https:\/\/roveyayinevi.com.tr\/index.php\/wp-json\/wp\/v2\/media?parent=719114"}],"wp:term":[{"taxonomy":"product_brand","embeddable":true,"href":"https:\/\/roveyayinevi.com.tr\/index.php\/wp-json\/wp\/v2\/product_brand?post=719114"},{"taxonomy":"product_cat","embeddable":true,"href":"https:\/\/roveyayinevi.com.tr\/index.php\/wp-json\/wp\/v2\/product_cat?post=719114"},{"taxonomy":"product_tag","embeddable":true,"href":"https:\/\/roveyayinevi.com.tr\/index.php\/wp-json\/wp\/v2\/product_tag?post=719114"}],"curies":[{"name":"wp","href":"https:\/\/api.w.org\/{rel}","templated":true}]}}