{"id":719110,"date":"2025-08-27T18:17:54","date_gmt":"2025-08-27T15:17:54","guid":{"rendered":"https:\/\/roveyayinevi.com.tr\/index.php\/urun\/kral-lear-6\/"},"modified":"2026-04-16T02:27:27","modified_gmt":"2026-04-15T23:27:27","slug":"kral-lear-6","status":"publish","type":"product","link":"https:\/\/roveyayinevi.com.tr\/index.php\/urun\/kral-lear-6\/","title":{"rendered":"Kral Lear"},"content":{"rendered":"<p>Shakespeare ile aram\u0131zdaki k\u00fclt\u00fcrel, co\u011frafi, zamansal ve alg\u0131sal mesafeleri kapatman\u0131n bir yolu yok belki, ama onun d\u00fcnya ile sahne aras\u0131nda kurdu\u011fu d\u00f6n\u00fc\u015f\u00fcm mek\u00e2nlar\u0131ndaki yans\u0131malar oyununa yeni bir \u00e7evirinin yer de\u011fi\u015ftiren kelimeleriyle kat\u0131lmaya davet ediyoruz sizi. Buldu\u011fu her aral\u0131kta sonsuzca d\u00f6n\u00fc\u015fen ve yaratan saf \u015fiirin dramla bedenlenmi\u015f oyununa. None does offend, none, I say none. I\u2019ll able \u2019em; Take that of me, my friend, who have the power To seal th\u2019accuser\u2019s lips. Get thee glass eyes, And, like a scurvy politician seem To see the things thou dost not. Kimsenin su\u00e7u yok, diyorum, ama kimsenin. Ben herkese kefilim. S\u00f6z\u00fcme g\u00fcven, arkada\u015f; Su\u00e7layanlar\u0131n a\u011fz\u0131na m\u00fch\u00fcr vuracak yetkiye sahibim. \u0130yisi mi sen git, kendine bir \u00e7ift cam g\u00f6z al da, Rezil bir politikac\u0131 gibi, g\u00f6r\u00fcrm\u00fc\u015f gibi yap g\u00f6rmedi\u011fini. <\/p>\n","protected":false},"excerpt":{"rendered":"<p>Shakespeare ile aram\u0131zdaki k\u00fclt\u00fcrel, co\u011frafi, zamansal ve alg\u0131sal mesafeleri kapatman\u0131n bir yolu yok belki, ama onun d\u00fcnya ile sahne aras\u0131nda kurdu\u011fu d\u00f6n\u00fc\u015f\u00fcm mek\u00e2nlar\u0131ndaki yans\u0131malar oyununa yeni<span class=\"excerpt-hellip\"> [\u2026]<\/span><\/p>\n","protected":false},"featured_media":0,"template":"","meta":{"_monsterinsights_skip_tracking":false,"_monsterinsights_sitenote_active":false,"_monsterinsights_sitenote_note":"","_monsterinsights_sitenote_category":0},"product_brand":[],"product_cat":[12291,12711],"product_tag":[],"class_list":{"0":"post-719110","1":"product","2":"type-product","3":"status-publish","5":"product_cat-edebiyat","6":"product_cat-roman-oyku","7":"pa_cilt-ciltsiz","8":"pa_tur-kitap","9":"pa_yayinevi-alfa-yayinlari","10":"pa_yazar-william-shakespeare","12":"first","13":"instock","14":"sale","15":"shipping-taxable","16":"purchasable","17":"product-type-simple"},"_links":{"self":[{"href":"https:\/\/roveyayinevi.com.tr\/index.php\/wp-json\/wp\/v2\/product\/719110","targetHints":{"allow":["GET"]}}],"collection":[{"href":"https:\/\/roveyayinevi.com.tr\/index.php\/wp-json\/wp\/v2\/product"}],"about":[{"href":"https:\/\/roveyayinevi.com.tr\/index.php\/wp-json\/wp\/v2\/types\/product"}],"wp:attachment":[{"href":"https:\/\/roveyayinevi.com.tr\/index.php\/wp-json\/wp\/v2\/media?parent=719110"}],"wp:term":[{"taxonomy":"product_brand","embeddable":true,"href":"https:\/\/roveyayinevi.com.tr\/index.php\/wp-json\/wp\/v2\/product_brand?post=719110"},{"taxonomy":"product_cat","embeddable":true,"href":"https:\/\/roveyayinevi.com.tr\/index.php\/wp-json\/wp\/v2\/product_cat?post=719110"},{"taxonomy":"product_tag","embeddable":true,"href":"https:\/\/roveyayinevi.com.tr\/index.php\/wp-json\/wp\/v2\/product_tag?post=719110"}],"curies":[{"name":"wp","href":"https:\/\/api.w.org\/{rel}","templated":true}]}}