{"id":719109,"date":"2025-08-27T18:17:54","date_gmt":"2025-08-27T15:17:54","guid":{"rendered":"https:\/\/roveyayinevi.com.tr\/index.php\/urun\/ancilla-ve-sifali-bitkiler\/"},"modified":"2026-04-16T02:27:27","modified_gmt":"2026-04-15T23:27:27","slug":"ancilla-ve-sifali-bitkiler","status":"publish","type":"product","link":"https:\/\/roveyayinevi.com.tr\/index.php\/urun\/ancilla-ve-sifali-bitkiler\/","title":{"rendered":"Ancilla ve \u015eifal\u0131 Bitkiler"},"content":{"rendered":"<p>T\u0131pk\u0131 sana benzeyen muhte\u015fem k\u0131zlar\u0131n hik\u00e2yeleri&#8230;Y\u00fczy\u0131llar \u00f6nce insanlar cad\u0131lar\u0131n varl\u0131\u011f\u0131na inan\u0131r ve onlardan korkard\u0131. Cad\u0131 oldu\u011funu d\u00fc\u015f\u00fcnd\u00fckleri ki\u015filere korkun\u00e7 davran\u0131rlard\u0131. \u0130\u015fte Ancilla\u2019n\u0131n ba\u015f\u0131na gelen de buydu.Oysa k\u00fc\u00e7\u00fck k\u0131z\u0131n tek kabahati, otlar\u0131 ay\u0131rt edebilmesi ve orman\u0131n k\u0131y\u0131s\u0131nda ya\u015fad\u0131\u011f\u0131 evde anneannesiyle birlikte \u015fifal\u0131 kar\u0131\u015f\u0131mlar haz\u0131rlamas\u0131yd\u0131. Fakat Ancilla farkl\u0131yd\u0131, ba\u015f\u0131na gelen talihsizli\u011fin \u00fcstesinden yetene\u011fi sayesinde gelmeyi ba\u015faracak ve insanlara yard\u0131m edecekti.\u00d6d\u00fcll\u00fc yazar Beatrice Masini\u2019nin \u201cG\u00fczel, A\u00e7\u0131kg\u00f6z, Cesur K\u0131zlar\u201d serisi, cesur ve ak\u0131ll\u0131 k\u0131z \u00e7ocuklar\u0131n\u0131 kendi yeteneklerini ke\u015ffetme konusunda y\u00fcreklendirmeye devam ediyor.<\/p>\n","protected":false},"excerpt":{"rendered":"<p>T\u0131pk\u0131 sana benzeyen muhte\u015fem k\u0131zlar\u0131n hik\u00e2yeleri&#8230;Y\u00fczy\u0131llar \u00f6nce insanlar cad\u0131lar\u0131n varl\u0131\u011f\u0131na inan\u0131r ve onlardan korkard\u0131. Cad\u0131 oldu\u011funu d\u00fc\u015f\u00fcnd\u00fckleri ki\u015filere korkun\u00e7 davran\u0131rlard\u0131. \u0130\u015fte Ancilla\u2019n\u0131n ba\u015f\u0131na gelen de buydu.Oysa<span class=\"excerpt-hellip\"> [\u2026]<\/span><\/p>\n","protected":false},"featured_media":0,"template":"","meta":{"_monsterinsights_skip_tracking":false,"_monsterinsights_sitenote_active":false,"_monsterinsights_sitenote_note":"","_monsterinsights_sitenote_category":0},"product_brand":[],"product_cat":[12274,12284],"product_tag":[],"class_list":{"0":"post-719109","1":"product","2":"type-product","3":"status-publish","5":"product_cat-cocuk-ve-genclik-kitaplari","6":"product_cat-hikayeler","7":"pa_cilt-ciltsiz","8":"pa_tur-kitap","9":"pa_yayinevi-can-cocuk-yayinlari","10":"pa_yazar-beatrice-masini","12":"first","13":"instock","14":"sale","15":"shipping-taxable","16":"purchasable","17":"product-type-simple"},"_links":{"self":[{"href":"https:\/\/roveyayinevi.com.tr\/index.php\/wp-json\/wp\/v2\/product\/719109","targetHints":{"allow":["GET"]}}],"collection":[{"href":"https:\/\/roveyayinevi.com.tr\/index.php\/wp-json\/wp\/v2\/product"}],"about":[{"href":"https:\/\/roveyayinevi.com.tr\/index.php\/wp-json\/wp\/v2\/types\/product"}],"wp:attachment":[{"href":"https:\/\/roveyayinevi.com.tr\/index.php\/wp-json\/wp\/v2\/media?parent=719109"}],"wp:term":[{"taxonomy":"product_brand","embeddable":true,"href":"https:\/\/roveyayinevi.com.tr\/index.php\/wp-json\/wp\/v2\/product_brand?post=719109"},{"taxonomy":"product_cat","embeddable":true,"href":"https:\/\/roveyayinevi.com.tr\/index.php\/wp-json\/wp\/v2\/product_cat?post=719109"},{"taxonomy":"product_tag","embeddable":true,"href":"https:\/\/roveyayinevi.com.tr\/index.php\/wp-json\/wp\/v2\/product_tag?post=719109"}],"curies":[{"name":"wp","href":"https:\/\/api.w.org\/{rel}","templated":true}]}}