{"id":719105,"date":"2025-08-27T18:17:50","date_gmt":"2025-08-27T15:17:50","guid":{"rendered":"https:\/\/roveyayinevi.com.tr\/index.php\/urun\/hadimi\/"},"modified":"2026-04-02T02:34:43","modified_gmt":"2026-04-01T23:34:43","slug":"hadimi","status":"publish","type":"product","link":"https:\/\/roveyayinevi.com.tr\/index.php\/urun\/hadimi\/","title":{"rendered":"Hadimi"},"content":{"rendered":"<p>Bir berat bestesiydi. Titreten, terleten, b\u00fcrdesini \u00e7\u0131kart\u0131p att\u0131ran sual&#8230; Y\u0131llar\u0131n ilmi birikim ve tecr\u00fcbesine yaslanarak icazetname vermi\u015f oldu\u011fu talebelerini, anl\u0131k bir haf\u0131za taramas\u0131ndan ge\u00e7irdi. Zihnindeki ilk isim belliydi asl\u0131nda&#8230; H\u0131ristiyan bir m\u00fcste\u015frikin kar\u015f\u0131s\u0131na \u00e7\u0131kacak olan \u0130slam \u00e2limi ayn\u0131 zamanda H\u0131ristiyanl\u0131\u011f\u0131 da \u00e7ok iyi bilen; k\u0131vrak, ku\u015fat\u0131c\u0131 bir zek\u00e2ya sahip olmal\u0131yd\u0131&#8230; Sultan III. Ahmet\u2019in g\u00f6zlerinin ta derinlerine bakt\u0131&#8230;\u201cEvet sultan\u0131m!\u201d dedi. \u201c\u00dc\u00e7 bu\u00e7uk talebem vard\u0131 ki g\u00f6zbebe\u011fim oldular. \u2018Bu\u00e7uk\u2019 dedi\u011fim talebem ilmine ilim ekleyerek b\u00fcy\u00fck bir \u00e2lim olma yolundad\u0131r.\u201dIII. Ahmet\u2019in g\u00f6zleri bir berika gibi par\u0131ldad\u0131.\u201cKimdir bu \u00e2lim Kazabadi?\u201d dedi.\u201cEbu Said El Hadimi&#8230; \u2018Hadimli Mehmet Efendi\u2019 diye an\u0131l\u0131r. Konya\u2019n\u0131n Hadim kazas\u0131ndand\u0131r.\u201d\u201cKazabadi! Kazabadi! Konya\u2019n\u0131n k\u00fc\u00e7\u00fck bir kazas\u0131ndan gelecek olan bir m\u00fcderris, Ayasofya\u2019da Avrupal\u0131 m\u00fcste\u015friklerin kar\u015f\u0131s\u0131na \u00e7\u0131kacak ve b\u00fct\u00fcn \u0130slam \u00e2lemini temsil edecek \u00f6yle mi?\u201d<\/p>\n","protected":false},"excerpt":{"rendered":"<p>Bir berat bestesiydi. Titreten, terleten, b\u00fcrdesini \u00e7\u0131kart\u0131p att\u0131ran sual&#8230; Y\u0131llar\u0131n ilmi birikim ve tecr\u00fcbesine yaslanarak icazetname vermi\u015f oldu\u011fu talebelerini, anl\u0131k bir haf\u0131za taramas\u0131ndan ge\u00e7irdi. Zihnindeki ilk<span class=\"excerpt-hellip\"> [\u2026]<\/span><\/p>\n","protected":false},"featured_media":0,"template":"","meta":{"_monsterinsights_skip_tracking":false,"_monsterinsights_sitenote_active":false,"_monsterinsights_sitenote_note":"","_monsterinsights_sitenote_category":0},"product_brand":[],"product_cat":[12291,12711],"product_tag":[],"class_list":{"0":"post-719105","1":"product","2":"type-product","3":"status-publish","5":"product_cat-edebiyat","6":"product_cat-roman-oyku","7":"pa_cilt-ciltsiz","8":"pa_tur-kitap","9":"pa_yayinevi-destek-yayinlari","10":"pa_yazar-melahat-urkmez","12":"first","13":"instock","14":"sale","15":"shipping-taxable","16":"purchasable","17":"product-type-simple"},"_links":{"self":[{"href":"https:\/\/roveyayinevi.com.tr\/index.php\/wp-json\/wp\/v2\/product\/719105","targetHints":{"allow":["GET"]}}],"collection":[{"href":"https:\/\/roveyayinevi.com.tr\/index.php\/wp-json\/wp\/v2\/product"}],"about":[{"href":"https:\/\/roveyayinevi.com.tr\/index.php\/wp-json\/wp\/v2\/types\/product"}],"wp:attachment":[{"href":"https:\/\/roveyayinevi.com.tr\/index.php\/wp-json\/wp\/v2\/media?parent=719105"}],"wp:term":[{"taxonomy":"product_brand","embeddable":true,"href":"https:\/\/roveyayinevi.com.tr\/index.php\/wp-json\/wp\/v2\/product_brand?post=719105"},{"taxonomy":"product_cat","embeddable":true,"href":"https:\/\/roveyayinevi.com.tr\/index.php\/wp-json\/wp\/v2\/product_cat?post=719105"},{"taxonomy":"product_tag","embeddable":true,"href":"https:\/\/roveyayinevi.com.tr\/index.php\/wp-json\/wp\/v2\/product_tag?post=719105"}],"curies":[{"name":"wp","href":"https:\/\/api.w.org\/{rel}","templated":true}]}}