{"id":719104,"date":"2025-08-27T18:17:50","date_gmt":"2025-08-27T15:17:50","guid":{"rendered":"https:\/\/roveyayinevi.com.tr\/index.php\/urun\/ataturk-ulkesine-siginanlar\/"},"modified":"2026-02-03T02:41:26","modified_gmt":"2026-02-02T23:41:26","slug":"ataturk-ulkesine-siginanlar","status":"publish","type":"product","link":"https:\/\/roveyayinevi.com.tr\/index.php\/urun\/ataturk-ulkesine-siginanlar\/","title":{"rendered":"Atat\u00fcrk \u00dclkesine S\u0131\u011f\u0131nanlar"},"content":{"rendered":"<p>Almanya\u2019da Yahudi\u0307leri\u0307n Durumu(Berk Y\u0131ld\u0131z)Osmanl\u0131\u2019da Dar\u00fclf\u00fcnun(Eli\u0307f Gamze Tutan)Reform \u00d6ncesi\u0307 Dar\u00fclf\u00fcnun\u2019a Y\u00f6neli\u0307k Ele\u015fti\u0307ri\u0307ler(Di\u0307lara \u00c7eli\u0307k)1933 \u00dcni\u0307versi\u0307te Reformu Ve \u00d6nemi\u0307(Hande Konca)M\u00fclteci\u0307 Bi\u0307li\u0307madamlar\u0131n\u0131n T\u00fcrki\u0307ye\u2019ye Geli\u0307\u015fi\u0307(Emre Atan)Albert Einstein\u2019in Mektubu(Ferdi\u0307 \u00c7akmak)M\u00fclteci\u0307 Bi\u0307li\u0307madamlar\u0131n\u0131n Katk\u0131lar\u0131(Ahmet \u00d6zg\u00fcr T\u00fcren)T\u00fcrki\u0307ye\u2019ni\u0307n Verdi\u0307kleri\u0307(Ahmet \u00d6zg\u00fcr T\u00fcren)Hitler\u2019i\u0307n Adami Scurla I\u0307stanbul\u2019da(Ahmet \u00d6zg\u00fcr T\u00fcren)M\u00fclteci\u0307 Bi\u0307li\u0307madamlar\u0131n\u0131n Ya\u015fad\u0131klar\u0131 Ve G\u00f6zlemleri\u0307(Ahmet \u00d6zg\u00fcr T\u00fcren)M\u00fclteci\u0307 Bi\u0307li\u0307madamlar\u0131n\u0131n Ai\u0307leleri\u0307(Ahmet \u00d6zg\u00fcr T\u00fcren)Di\u0307l Meselesi\u0307(Ahmet \u00d6zg\u00fcr T\u00fcren)Yahudi\u0307 Bi\u0307li\u0307madamlar\u0131n\u0131n T\u00fcrki\u0307ye\u2019den Ayr\u0131l\u0131\u015flar\u0131(Di\u0307lara \u00c7eli\u0307k)<\/p>\n","protected":false},"excerpt":{"rendered":"<p>Almanya\u2019da Yahudi\u0307leri\u0307n Durumu(Berk Y\u0131ld\u0131z)Osmanl\u0131\u2019da Dar\u00fclf\u00fcnun(Eli\u0307f Gamze Tutan)Reform \u00d6ncesi\u0307 Dar\u00fclf\u00fcnun\u2019a Y\u00f6neli\u0307k Ele\u015fti\u0307ri\u0307ler(Di\u0307lara \u00c7eli\u0307k)1933 \u00dcni\u0307versi\u0307te Reformu Ve \u00d6nemi\u0307(Hande Konca)M\u00fclteci\u0307 Bi\u0307li\u0307madamlar\u0131n\u0131n T\u00fcrki\u0307ye\u2019ye Geli\u0307\u015fi\u0307(Emre Atan)Albert Einstein\u2019in Mektubu(Ferdi\u0307 \u00c7akmak)M\u00fclteci\u0307 Bi\u0307li\u0307madamlar\u0131n\u0131n Katk\u0131lar\u0131(Ahmet<span class=\"excerpt-hellip\"> [\u2026]<\/span><\/p>\n","protected":false},"featured_media":0,"template":"","meta":{"_monsterinsights_skip_tracking":false,"_monsterinsights_sitenote_active":false,"_monsterinsights_sitenote_note":"","_monsterinsights_sitenote_category":0},"product_brand":[],"product_cat":[12370,12304],"product_tag":[],"class_list":{"0":"post-719104","1":"product","2":"type-product","3":"status-publish","5":"product_cat-arastirma-inceleme","6":"product_cat-tarih","7":"pa_cilt-ciltsiz","8":"pa_tur-kitap","9":"pa_yayinevi-destek-yayinlari","10":"pa_yazar-ahmet-ozgur-turen","12":"first","13":"instock","14":"sale","15":"shipping-taxable","16":"purchasable","17":"product-type-simple"},"_links":{"self":[{"href":"https:\/\/roveyayinevi.com.tr\/index.php\/wp-json\/wp\/v2\/product\/719104","targetHints":{"allow":["GET"]}}],"collection":[{"href":"https:\/\/roveyayinevi.com.tr\/index.php\/wp-json\/wp\/v2\/product"}],"about":[{"href":"https:\/\/roveyayinevi.com.tr\/index.php\/wp-json\/wp\/v2\/types\/product"}],"wp:attachment":[{"href":"https:\/\/roveyayinevi.com.tr\/index.php\/wp-json\/wp\/v2\/media?parent=719104"}],"wp:term":[{"taxonomy":"product_brand","embeddable":true,"href":"https:\/\/roveyayinevi.com.tr\/index.php\/wp-json\/wp\/v2\/product_brand?post=719104"},{"taxonomy":"product_cat","embeddable":true,"href":"https:\/\/roveyayinevi.com.tr\/index.php\/wp-json\/wp\/v2\/product_cat?post=719104"},{"taxonomy":"product_tag","embeddable":true,"href":"https:\/\/roveyayinevi.com.tr\/index.php\/wp-json\/wp\/v2\/product_tag?post=719104"}],"curies":[{"name":"wp","href":"https:\/\/api.w.org\/{rel}","templated":true}]}}