{"id":719100,"date":"2025-08-27T18:17:47","date_gmt":"2025-08-27T15:17:47","guid":{"rendered":"https:\/\/roveyayinevi.com.tr\/index.php\/urun\/anne-baba-sihri\/"},"modified":"2026-04-16T02:27:27","modified_gmt":"2026-04-15T23:27:27","slug":"anne-baba-sihri","status":"publish","type":"product","link":"https:\/\/roveyayinevi.com.tr\/index.php\/urun\/anne-baba-sihri\/","title":{"rendered":"Anne Baba Sihri"},"content":{"rendered":"<p>Anne babal\u0131k hayatta \u00fcstlendi\u011finiz en b\u00fcy\u00fck rol. G\u00fczel haber ise \u015fu: \u0130yi anne baba olmak, iyi insan olmakla el ele y\u00fcr\u00fcyor. Bu kitap, size m\u00fckemmel ebeveyn olman\u0131n yollar\u0131n\u0131 anlatm\u0131yor. B\u00f6yle bir \u015fey olmad\u0131\u011f\u0131n\u0131, ama daha iyiye do\u011fru yol alabilece\u011fimizi s\u00f6yl\u00fcyor ve bunun i\u00e7in ad\u0131mlar sunuyor. Gerekti\u011finde \u00e7at\u0131\u015fmay\u0131 \u00f6\u011fretmek, bir dedektif gibi davranaca\u011f\u0131n\u0131z anlar\u0131 bilmek, ipin ucunu ne zaman b\u0131rakaca\u011f\u0131n\u0131z\u0131 g\u00f6rmek, yaramazl\u0131\u011fa m\u00fcsaade etmek, s\u0131n\u0131rlar\u0131 ve yak\u0131nl\u0131\u011f\u0131 belirlemek, bir ad\u0131m geri \u00e7ekilmek, bo\u015f tehditleri b\u0131rak\u0131p i\u015fbirli\u011fi yapmak gibi g\u00fcndelik sihirleri her ya\u015fa uygun \u00f6nerilerle a\u00e7\u0131kl\u0131yor. Uyumlu, kendine g\u00fcvenen, ba\u011f\u0131ms\u0131z ama aidiyet duygusu geli\u015fmi\u015f \u00e7ocuklar yeti\u015ftirebilmek i\u00e7in \u00f6ncelikle \u00e7ocu\u011funuzu ve kendinizi daha iyi tan\u0131man\u0131z\u0131n, birlikte bir biz yaratman\u0131z\u0131n neden sihrin \u00f6n ko\u015fulu oldu\u011funu g\u00f6steriyor Montgomery. Ve yeri geldi\u011finde kendi ailevi deneyimlerini a\u00e7\u0131k y\u00fcreklilikle payla\u015farak bu g\u00fcvenli ba\u011f\u0131 nas\u0131l in\u015fa edebilece\u011finizi anlat\u0131yor Anne Baba Sihri\u2019nde. \u00c7\u00fcnk\u00fc bu ba\u011f bir kez do\u011fru kuruldu\u011funda, ya\u015fanacak b\u00fct\u00fcn s\u0131k\u0131nt\u0131lara, hastal\u0131klara, uykusuz gecelere direnecek ve ya\u015fam boyu \u00e7ocu\u011funuzun yan\u0131nda olacak. Bir g\u00fczel haber daha; t\u00fcm bu \u00e7abaya de\u011fiyor. <\/p>\n","protected":false},"excerpt":{"rendered":"<p>Anne babal\u0131k hayatta \u00fcstlendi\u011finiz en b\u00fcy\u00fck rol. G\u00fczel haber ise \u015fu: \u0130yi anne baba olmak, iyi insan olmakla el ele y\u00fcr\u00fcyor. Bu kitap, size m\u00fckemmel ebeveyn<span class=\"excerpt-hellip\"> [\u2026]<\/span><\/p>\n","protected":false},"featured_media":0,"template":"","meta":{"_monsterinsights_skip_tracking":false,"_monsterinsights_sitenote_active":false,"_monsterinsights_sitenote_note":"","_monsterinsights_sitenote_category":0},"product_brand":[],"product_cat":[12831,12324],"product_tag":[],"class_list":{"0":"post-719100","1":"product","2":"type-product","3":"status-publish","5":"product_cat-aile-ve-cocuk","6":"product_cat-sosyoloji","7":"pa_cilt-ciltsiz","8":"pa_tur-kitap","9":"pa_yayinevi-domingo-yayinevi","10":"pa_yazar-hedvig-montgomery","12":"first","13":"instock","14":"sale","15":"shipping-taxable","16":"purchasable","17":"product-type-simple"},"_links":{"self":[{"href":"https:\/\/roveyayinevi.com.tr\/index.php\/wp-json\/wp\/v2\/product\/719100","targetHints":{"allow":["GET"]}}],"collection":[{"href":"https:\/\/roveyayinevi.com.tr\/index.php\/wp-json\/wp\/v2\/product"}],"about":[{"href":"https:\/\/roveyayinevi.com.tr\/index.php\/wp-json\/wp\/v2\/types\/product"}],"wp:attachment":[{"href":"https:\/\/roveyayinevi.com.tr\/index.php\/wp-json\/wp\/v2\/media?parent=719100"}],"wp:term":[{"taxonomy":"product_brand","embeddable":true,"href":"https:\/\/roveyayinevi.com.tr\/index.php\/wp-json\/wp\/v2\/product_brand?post=719100"},{"taxonomy":"product_cat","embeddable":true,"href":"https:\/\/roveyayinevi.com.tr\/index.php\/wp-json\/wp\/v2\/product_cat?post=719100"},{"taxonomy":"product_tag","embeddable":true,"href":"https:\/\/roveyayinevi.com.tr\/index.php\/wp-json\/wp\/v2\/product_tag?post=719100"}],"curies":[{"name":"wp","href":"https:\/\/api.w.org\/{rel}","templated":true}]}}