{"id":719099,"date":"2025-08-27T18:17:46","date_gmt":"2025-08-27T15:17:46","guid":{"rendered":"https:\/\/roveyayinevi.com.tr\/index.php\/urun\/kars-ili-ornegi\/"},"modified":"2026-04-16T02:27:27","modified_gmt":"2026-04-15T23:27:27","slug":"kars-ili-ornegi","status":"publish","type":"product","link":"https:\/\/roveyayinevi.com.tr\/index.php\/urun\/kars-ili-ornegi\/","title":{"rendered":"Kars \u0130li \u00d6rne\u011fi"},"content":{"rendered":"<p>Bu ara\u015ft\u0131rmada, 2019 y\u0131l\u0131nda Kars ilinde ikamet eden 1.000 birey eve Kars ilinde ticari faaliyet yu\u0308ru\u0308ten 527 esnafa anket uygulamas\u0131 ger\u00e7ekle\u015ftirilmi\u015ftir. \u00d6ncelikle,s\u00f6zu\u0308 edilen iki farkl\u0131 anketten elde edilen veriler uygun istatistiksel analizler yard\u0131m\u0131yla de\u011ferlendirilerek Kars halk\u0131n\u0131n ve Kars esnaf\u0131n\u0131n lojistik merkez alg\u0131lar\u0131 \u00f6l\u00e7u\u0308lmu\u0308\u015f ve lojistik merkezden beklentileri ara\u015ft\u0131r\u0131lm\u0131\u015ft\u0131r.Daha sonraki b\u00f6lu\u0308mlerde ise Kars halk\u0131n\u0131n ve Kars esnaf\u0131n\u0131n lojistik merkezinin Kars\u2019ta kurulmas\u0131n\u0131n beklentilerine olumlu y\u00f6nde cevap verece\u011fine inan\u0131p inanmamalar\u0131 ba\u011f\u0131ml\u0131 de\u011fi\u015fken olarak de\u011ferlen dirilerek kat\u0131l\u0131mc\u0131lar\u0131n beklenti du\u0308zeylerini etkileyen belirleyicilerin tespit edilebilmesi ile politika yap\u0131c\u0131lara ve karar vericilere bu anlamda \u0131\u015f\u0131k tutmaya \u00e7al\u0131\u015f\u0131lacakt\u0131r. <\/p>\n","protected":false},"excerpt":{"rendered":"<p>Bu ara\u015ft\u0131rmada, 2019 y\u0131l\u0131nda Kars ilinde ikamet eden 1.000 birey eve Kars ilinde ticari faaliyet yu\u0308ru\u0308ten 527 esnafa anket uygulamas\u0131 ger\u00e7ekle\u015ftirilmi\u015ftir. \u00d6ncelikle,s\u00f6zu\u0308 edilen iki farkl\u0131 anketten<span class=\"excerpt-hellip\"> [\u2026]<\/span><\/p>\n","protected":false},"featured_media":0,"template":"","meta":{"_monsterinsights_skip_tracking":false,"_monsterinsights_sitenote_active":false,"_monsterinsights_sitenote_note":"","_monsterinsights_sitenote_category":0},"product_brand":[],"product_cat":[52477],"product_tag":[],"class_list":{"0":"post-719099","1":"product","2":"type-product","3":"status-publish","5":"product_cat-arastirma","6":"pa_cilt-ciltsiz","7":"pa_tur-kitap","8":"pa_yayinevi-soncag-akademik-kitaplar","9":"pa_yazar-otuken-senger","11":"first","12":"instock","13":"sale","14":"shipping-taxable","15":"purchasable","16":"product-type-simple"},"_links":{"self":[{"href":"https:\/\/roveyayinevi.com.tr\/index.php\/wp-json\/wp\/v2\/product\/719099","targetHints":{"allow":["GET"]}}],"collection":[{"href":"https:\/\/roveyayinevi.com.tr\/index.php\/wp-json\/wp\/v2\/product"}],"about":[{"href":"https:\/\/roveyayinevi.com.tr\/index.php\/wp-json\/wp\/v2\/types\/product"}],"wp:attachment":[{"href":"https:\/\/roveyayinevi.com.tr\/index.php\/wp-json\/wp\/v2\/media?parent=719099"}],"wp:term":[{"taxonomy":"product_brand","embeddable":true,"href":"https:\/\/roveyayinevi.com.tr\/index.php\/wp-json\/wp\/v2\/product_brand?post=719099"},{"taxonomy":"product_cat","embeddable":true,"href":"https:\/\/roveyayinevi.com.tr\/index.php\/wp-json\/wp\/v2\/product_cat?post=719099"},{"taxonomy":"product_tag","embeddable":true,"href":"https:\/\/roveyayinevi.com.tr\/index.php\/wp-json\/wp\/v2\/product_tag?post=719099"}],"curies":[{"name":"wp","href":"https:\/\/api.w.org\/{rel}","templated":true}]}}