{"id":719098,"date":"2025-08-27T18:17:46","date_gmt":"2025-08-27T15:17:46","guid":{"rendered":"https:\/\/roveyayinevi.com.tr\/index.php\/urun\/turkiyede-cagdas-sanat-koleksiyonculugu\/"},"modified":"2026-03-12T02:35:57","modified_gmt":"2026-03-11T23:35:57","slug":"turkiyede-cagdas-sanat-koleksiyonculugu","status":"publish","type":"product","link":"https:\/\/roveyayinevi.com.tr\/index.php\/urun\/turkiyede-cagdas-sanat-koleksiyonculugu\/","title":{"rendered":"T\u00fcrkiye&#8217;de \u00c7a\u011fda\u015f Sanat Koleksiyonculu\u011fu"},"content":{"rendered":"<p>T\u00fcrkiye\u2019de \u00f6zellikle 1980\u2019li y\u0131llardan sonra liberal ekonomiye paralel bir geli\u015fim g\u00f6steren koleksiyonculuk 1990\u2019l\u0131 y\u0131llarda yay\u0131nlar, sergiler yoluyla g\u00f6r\u00fcn\u00fcr olmaya ba\u015fl\u0131yor. Modern ve \u00e7a\u011fda\u015f sanata odaklanan koleksiyonlardan baz\u0131lar\u0131 2000\u2019li y\u0131llarda \u00f6zel m\u00fczeye d\u00f6n\u00fc\u015ferek toplumun k\u00fclt\u00fcrel geli\u015fimine katk\u0131 sa\u011flarken zenginle\u015fmeye de devam ediyor.T\u00fcrkiye\u2019de \u00c7a\u011fda\u015f Sanat Koleksiyonculu\u011fu, konuyu Osmanl\u0131 \u0130mparatorlu\u011fu\u2019ndan g\u00fcn\u00fcm\u00fcze kadar tarihsel ve ekonomik arka plan\u0131yla anlat\u0131yor. Sanat piyasas\u0131n\u0131n geli\u015fiminde \u00f6nemli bir yeri olan fuarlar\u0131n, sergilerin, yar\u0131\u015fmalar\u0131n, m\u00fczayedelerin koleksiyonculuk \u00fczerindeki etkilerini ele alan kitap, uzun zaman g\u00fcndem olan m\u00fczecilik ve \u00f6zel m\u00fczecilik tart\u0131\u015fmalar\u0131na da yer veriyor. 1990\u2019l\u0131 y\u0131llarda ya\u015fanan ekonomik kriz y\u00fcz\u00fcnden m\u00fczayedelerde sat\u0131larak da\u011f\u0131lmak zorunda kalan \u00f6zel koleksiyonlar a da de\u011finilen kitapta, bu koleksiyonlar\u0131n toplu sat\u0131\u015f\u0131n\u0131n koleksiyonculu\u011fun geli\u015fimindeki yeri a\u00e7\u0131klan\u0131yor.Elgiz, Sabanc\u0131, Eczac\u0131ba\u015f\u0131, ve K\u0131ra\u00e7 koleksiyonlar\u0131n\u0131n ba\u015flang\u0131\u00e7, geli\u015fme ve m\u00fczele\u015fme s\u00fcrecinin T\u00fcrkiye sanat piyasas\u0131na etkilerinin konu edildi\u011fi kitap, t\u00fcr\u00fcn\u00fcn ilk \u00f6rne\u011fi olarak T\u00fcrkiye\u2019de sanat koleksiyonculu\u011funun geli\u015fimine, \u00f6zel m\u00fczelerin kurulmas\u0131na dair kaynak arayanlar i\u00e7in tatmin edici bir i\u00e7erik sunuyor.<\/p>\n","protected":false},"excerpt":{"rendered":"<p>T\u00fcrkiye\u2019de \u00f6zellikle 1980\u2019li y\u0131llardan sonra liberal ekonomiye paralel bir geli\u015fim g\u00f6steren koleksiyonculuk 1990\u2019l\u0131 y\u0131llarda yay\u0131nlar, sergiler yoluyla g\u00f6r\u00fcn\u00fcr olmaya ba\u015fl\u0131yor. Modern ve \u00e7a\u011fda\u015f sanata odaklanan koleksiyonlardan<span class=\"excerpt-hellip\"> [\u2026]<\/span><\/p>\n","protected":false},"featured_media":0,"template":"","meta":{"_monsterinsights_skip_tracking":false,"_monsterinsights_sitenote_active":false,"_monsterinsights_sitenote_note":"","_monsterinsights_sitenote_category":0},"product_brand":[],"product_cat":[13548,12408],"product_tag":[],"class_list":{"0":"post-719098","1":"product","2":"type-product","3":"status-publish","5":"product_cat-kuram","6":"product_cat-sanat","7":"pa_cilt-ciltsiz","8":"pa_tur-kitap","9":"pa_yayinevi-hayalperest-yayinlari","10":"pa_yazar-ebru-nalan-sulun","12":"first","13":"instock","14":"sale","15":"shipping-taxable","16":"purchasable","17":"product-type-simple"},"_links":{"self":[{"href":"https:\/\/roveyayinevi.com.tr\/index.php\/wp-json\/wp\/v2\/product\/719098","targetHints":{"allow":["GET"]}}],"collection":[{"href":"https:\/\/roveyayinevi.com.tr\/index.php\/wp-json\/wp\/v2\/product"}],"about":[{"href":"https:\/\/roveyayinevi.com.tr\/index.php\/wp-json\/wp\/v2\/types\/product"}],"wp:attachment":[{"href":"https:\/\/roveyayinevi.com.tr\/index.php\/wp-json\/wp\/v2\/media?parent=719098"}],"wp:term":[{"taxonomy":"product_brand","embeddable":true,"href":"https:\/\/roveyayinevi.com.tr\/index.php\/wp-json\/wp\/v2\/product_brand?post=719098"},{"taxonomy":"product_cat","embeddable":true,"href":"https:\/\/roveyayinevi.com.tr\/index.php\/wp-json\/wp\/v2\/product_cat?post=719098"},{"taxonomy":"product_tag","embeddable":true,"href":"https:\/\/roveyayinevi.com.tr\/index.php\/wp-json\/wp\/v2\/product_tag?post=719098"}],"curies":[{"name":"wp","href":"https:\/\/api.w.org\/{rel}","templated":true}]}}