{"id":719097,"date":"2025-08-27T18:17:45","date_gmt":"2025-08-27T15:17:45","guid":{"rendered":"https:\/\/roveyayinevi.com.tr\/index.php\/urun\/daha-papatyalara-yetisecegim\/"},"modified":"2026-04-05T02:32:27","modified_gmt":"2026-04-04T23:32:27","slug":"daha-papatyalara-yetisecegim","status":"publish","type":"product","link":"https:\/\/roveyayinevi.com.tr\/index.php\/urun\/daha-papatyalara-yetisecegim\/","title":{"rendered":"Daha Papatyalara Yeti\u015fece\u011fim"},"content":{"rendered":"<p>Bu sene papatyalar ge\u00e7 a\u00e7t\u0131. Her sene may\u0131s\u0131n sonunda a\u00e7an papatyalar, bu sene ge\u00e7 kald\u0131. Kendime verdi\u011fim s\u00f6zler gibi&#8230; Hastane odas\u0131n\u0131n cam\u0131ndan zar zor bakarken \u201c\u00d6lsem iyi olur art\u0131k!\u201d deyiverdi. \u00d6yle ya, bir haftad\u0131r \u00f6ks\u00fcz yetim gibi tek ba\u015f\u0131may\u0131m burada. Beni buraya at\u0131p gittiler. Gelen giden de yok. Bu kadar meyve suyunu da kim i\u00e7ecekse art\u0131k\u2026 Doktorlar geliyor ara s\u0131ra, \u201cNas\u0131ls\u0131n?\u201d diye soruyorlar. \u201cAyn\u0131y\u0131m\u201d diyorum. Hangi g\u00fcn\u00fcn ayn\u0131s\u0131? D\u00fcn\u00fcn ayn\u0131s\u0131 m\u0131, \u00fc\u00e7 g\u00fcn \u00f6ncesinin mi, ge\u00e7en ay\u0131n m\u0131 yoksa daha \u00f6ncesinin mi ayn\u0131s\u0131 bilmiyorum.   <\/p>\n","protected":false},"excerpt":{"rendered":"<p>Bu sene papatyalar ge\u00e7 a\u00e7t\u0131. Her sene may\u0131s\u0131n sonunda a\u00e7an papatyalar, bu sene ge\u00e7 kald\u0131. Kendime verdi\u011fim s\u00f6zler gibi&#8230; Hastane odas\u0131n\u0131n cam\u0131ndan zar zor bakarken \u201c\u00d6lsem<span class=\"excerpt-hellip\"> [\u2026]<\/span><\/p>\n","protected":false},"featured_media":0,"template":"","meta":{"_monsterinsights_skip_tracking":false,"_monsterinsights_sitenote_active":false,"_monsterinsights_sitenote_note":"","_monsterinsights_sitenote_category":0},"product_brand":[],"product_cat":[12291,12711],"product_tag":[],"class_list":{"0":"post-719097","1":"product","2":"type-product","3":"status-publish","5":"product_cat-edebiyat","6":"product_cat-roman-oyku","7":"pa_cilt-ciltsiz","8":"pa_tur-kitap","9":"pa_yayinevi-yade-yayinlari","10":"pa_yazar-rukiye-ozdemir","12":"first","13":"instock","14":"sale","15":"shipping-taxable","16":"purchasable","17":"product-type-simple"},"_links":{"self":[{"href":"https:\/\/roveyayinevi.com.tr\/index.php\/wp-json\/wp\/v2\/product\/719097","targetHints":{"allow":["GET"]}}],"collection":[{"href":"https:\/\/roveyayinevi.com.tr\/index.php\/wp-json\/wp\/v2\/product"}],"about":[{"href":"https:\/\/roveyayinevi.com.tr\/index.php\/wp-json\/wp\/v2\/types\/product"}],"wp:attachment":[{"href":"https:\/\/roveyayinevi.com.tr\/index.php\/wp-json\/wp\/v2\/media?parent=719097"}],"wp:term":[{"taxonomy":"product_brand","embeddable":true,"href":"https:\/\/roveyayinevi.com.tr\/index.php\/wp-json\/wp\/v2\/product_brand?post=719097"},{"taxonomy":"product_cat","embeddable":true,"href":"https:\/\/roveyayinevi.com.tr\/index.php\/wp-json\/wp\/v2\/product_cat?post=719097"},{"taxonomy":"product_tag","embeddable":true,"href":"https:\/\/roveyayinevi.com.tr\/index.php\/wp-json\/wp\/v2\/product_tag?post=719097"}],"curies":[{"name":"wp","href":"https:\/\/api.w.org\/{rel}","templated":true}]}}