{"id":719093,"date":"2025-08-27T18:17:42","date_gmt":"2025-08-27T15:17:42","guid":{"rendered":"https:\/\/roveyayinevi.com.tr\/index.php\/urun\/kodlamali-egitici-boyama-kitabi-eglenceli-evim-4-5-yas-2-seviye\/"},"modified":"2026-04-16T02:27:27","modified_gmt":"2026-04-15T23:27:27","slug":"kodlamali-egitici-boyama-kitabi-eglenceli-evim-4-5-yas-2-seviye","status":"publish","type":"product","link":"https:\/\/roveyayinevi.com.tr\/index.php\/urun\/kodlamali-egitici-boyama-kitabi-eglenceli-evim-4-5-yas-2-seviye\/","title":{"rendered":"Kodlamal\u0131 E\u011fitici Boyama Kitab\u0131 &#8211; E\u011flenceli Evim (4-5 Ya\u015f 2. Seviye)"},"content":{"rendered":"<p>\u00d6\u011frenmek Kodlamal\u0131 E\u011fitici Boyama Kitab\u0131 ile \u00c7ocuk Oyunca\u011f\u0131.Say\u0131lara, \u015eekillere, Renklere ve Okuma-Yazmaya Haz\u0131rl\u0131k \u00c7al\u0131\u015fmalar\u0131na E\u011flenceli Bir Ba\u015flang\u0131\u00e7!KODLAMALI E\u011e\u0130T\u0130C\u0130 BOYAMA K\u0130TAPLARI ile \u00e7ocuklar\u0131n,\u0130nce Motor Geli\u015fimiHayal G\u00fcc\u00fcYer- Y\u00f6n Kavram\u0131Matematiksel BeceriResim Yapma ve Yaz\u0131 Yazma BecerisiEl-g\u00f6z KoordinasyonuAd\u0131m ad\u0131m kodlama mant\u0131\u011f\u0131n\u0131 kavramaDikkat ve OdaklanmaAlgoritmik ve analitik bak\u0131\u015f a\u00e7\u0131s\u0131Par\u00e7a- b\u00fct\u00fcn ili\u015fkisini kavramaProblemleri \u00c7\u00f6zme- Problemleri Farkl\u0131 Yollardan \u00c7\u00f6zme Yetene\u011fi geli\u015fir.\u00c7ocuklar\u0131n erken ya\u015fta temel algoritma ve kodlama d\u00fcnyas\u0131n\u0131 ad\u0131m ad\u0131m ke\u015ffedecekleri KODLAMALI E\u011e\u0130T\u0130C\u0130 BOYAMA K\u0130TAPLARI, e\u011flenerek \u00f6\u011frenme f\u0131rsat\u0131 sa\u011flayacak. Zorluk seviyeleri artan \u00e7al\u0131\u015fmalarla dikkat, alg\u0131 ve odaklanmay\u0131 destekleyen bu e\u011fitici ve e\u011flenceli kitaplar, \u00e7ocuklara problem \u00e7\u00f6zme s\u00fcrecinde s\u0131ral\u0131 mant\u0131ksal ad\u0131mlar atmay\u0131 \u00f6\u011fretecek.Okul \u00d6ncesi Uzman \u00d6\u011fretmenAy\u015fe Uzun<\/p>\n","protected":false},"excerpt":{"rendered":"<p>\u00d6\u011frenmek Kodlamal\u0131 E\u011fitici Boyama Kitab\u0131 ile \u00c7ocuk Oyunca\u011f\u0131.Say\u0131lara, \u015eekillere, Renklere ve Okuma-Yazmaya Haz\u0131rl\u0131k \u00c7al\u0131\u015fmalar\u0131na E\u011flenceli Bir Ba\u015flang\u0131\u00e7!KODLAMALI E\u011e\u0130T\u0130C\u0130 BOYAMA K\u0130TAPLARI ile \u00e7ocuklar\u0131n,\u0130nce Motor Geli\u015fimiHayal G\u00fcc\u00fcYer- Y\u00f6n<span class=\"excerpt-hellip\"> [\u2026]<\/span><\/p>\n","protected":false},"featured_media":0,"template":"","meta":{"_monsterinsights_skip_tracking":false,"_monsterinsights_sitenote_active":false,"_monsterinsights_sitenote_note":"","_monsterinsights_sitenote_category":0},"product_brand":[],"product_cat":[12644,12274],"product_tag":[],"class_list":{"0":"post-719093","1":"product","2":"type-product","3":"status-publish","5":"product_cat-boyama-kitaplari","6":"product_cat-cocuk-ve-genclik-kitaplari","7":"pa_cilt-ciltsiz","8":"pa_tur-kitap","9":"pa_yayinevi-sincap-kitap","10":"pa_yazar-kolektif","12":"first","13":"instock","14":"sale","15":"shipping-taxable","16":"purchasable","17":"product-type-simple"},"_links":{"self":[{"href":"https:\/\/roveyayinevi.com.tr\/index.php\/wp-json\/wp\/v2\/product\/719093","targetHints":{"allow":["GET"]}}],"collection":[{"href":"https:\/\/roveyayinevi.com.tr\/index.php\/wp-json\/wp\/v2\/product"}],"about":[{"href":"https:\/\/roveyayinevi.com.tr\/index.php\/wp-json\/wp\/v2\/types\/product"}],"wp:attachment":[{"href":"https:\/\/roveyayinevi.com.tr\/index.php\/wp-json\/wp\/v2\/media?parent=719093"}],"wp:term":[{"taxonomy":"product_brand","embeddable":true,"href":"https:\/\/roveyayinevi.com.tr\/index.php\/wp-json\/wp\/v2\/product_brand?post=719093"},{"taxonomy":"product_cat","embeddable":true,"href":"https:\/\/roveyayinevi.com.tr\/index.php\/wp-json\/wp\/v2\/product_cat?post=719093"},{"taxonomy":"product_tag","embeddable":true,"href":"https:\/\/roveyayinevi.com.tr\/index.php\/wp-json\/wp\/v2\/product_tag?post=719093"}],"curies":[{"name":"wp","href":"https:\/\/api.w.org\/{rel}","templated":true}]}}