{"id":719089,"date":"2025-08-27T18:17:39","date_gmt":"2025-08-27T15:17:39","guid":{"rendered":"https:\/\/roveyayinevi.com.tr\/index.php\/urun\/cecenistan-dosyasi\/"},"modified":"2026-04-16T02:27:27","modified_gmt":"2026-04-15T23:27:27","slug":"cecenistan-dosyasi","status":"publish","type":"product","link":"https:\/\/roveyayinevi.com.tr\/index.php\/urun\/cecenistan-dosyasi\/","title":{"rendered":"\u00c7e\u00e7enistan Dosyas\u0131"},"content":{"rendered":"<p>Sovyetler Birli\u011finin da\u011f\u0131lmas\u0131 \u00fczerine yeniden g\u00fcndeme gelen \u00c7e\u00e7en sorunu bug\u00fcne kadar \u00e7\u00f6z\u00fcme kavu\u015fturulamam\u0131\u015ft\u0131r. Y\u0131llar gelece\u011fe do\u011fru h\u0131zla ge\u00e7erken bir\u00e7ok siyasal sorun \u00e7\u00f6z\u00fcme kavu\u015fabilmektedir. D\u00fcnya konjonkt\u00fcr\u00fc bug\u00fcn\u00fcn ko\u015fullar\u0131nda F\u0131rat\u2019\u0131n do\u011fusu ya da \u0130ran \u00fczerinden Kafkasya\u2019ya y\u00f6nelik yeni askeri a\u00e7\u0131l\u0131mlar\u0131 g\u00fcndeme getirirken, ge\u00e7en y\u00fczy\u0131llardan bug\u00fcne gelen bir yar\u0131m kalm\u0131\u015f sorun olarak \u00c7e\u00e7en sorununu bu halde b\u0131rak\u0131lmamas\u0131 gerekir. Bu y\u00fczy\u0131l\u0131n ba\u015f\u0131ndan itibaren s\u00fcrd\u00fcr\u00fclen \u00c7e\u00e7enistan i\u015fgaline Rusya son vererek, kendisine y\u00f6nelik yeni sava\u015f giri\u015fimini bar\u0131\u015f\u00e7\u0131 bir a\u00e7\u0131l\u0131m ile \u00f6nleyebilir. \u00c7e\u00e7enleri yeniden sava\u015fa s\u00fcr\u00fcklemeden yap\u0131lacak bu t\u00fcr bir bar\u0131\u015f giri\u015fimi Avrasya k\u0131tas\u0131na yay\u0131labilecek bir \u00fc\u00e7\u00fcnc\u00fc d\u00fcnya sava\u015f\u0131n\u0131n \u00f6n\u00fcn\u00fc kesebilir. D\u00fcnya hegemonya kavgas\u0131n\u0131n Avrasya k\u0131tas\u0131nda kilitlenmesi \u00fczerine, Orta Do\u011fu sonras\u0131nda sava\u015f senaryolar\u0131 Kafkas b\u00f6lgesinde yo\u011funla\u015fmaktad\u0131r. Avrasya k\u0131tas\u0131n\u0131n bat\u0131 b\u00f6lgesinde yer alan Kafkasya\u2019ya emperyal sava\u015f\u0131n s\u0131\u00e7ramamas\u0131 i\u00e7in ge\u00e7en d\u00f6nemden gelen ama yar\u0131m kalan \u00c7e\u00e7enistan sorununun \u00e7\u00f6z\u00fclerek, bu k\u00fc\u00e7\u00fck devlet hak etti\u011fi ba\u011f\u0131ms\u0131zl\u0131k stat\u00fcs\u00fcne kavu\u015fturulmal\u0131d\u0131r. Ancak o zaman emperyal g\u00fc\u00e7lerin \u00c7e\u00e7enleri sava\u015f senaryolar\u0131nda kullanmalar\u0131 \u00f6nlenebilecektir. K\u00fcreselle\u015fme s\u00fcreci geride kal\u0131rken b\u00f6lgeselle\u015fme yeni d\u00f6nemin konjonkt\u00fcrel geli\u015fimi olarak \u00f6n plana \u00e7\u0131kmaktad\u0131r. Tam bu a\u015famada Avrasya b\u00f6lgesi k\u00fcresel rekabetin \u00e7eki\u015fme alan\u0131 olarak g\u00fcndeme gelmektedir. Avrasya\u2019ya y\u00f6nelik yeni stratejiler \u00f6ne \u00e7\u0131karken, Orta Do\u011fu sava\u015f\u0131n\u0131n F\u0131rat\u2019\u0131n do\u011fusu yakla\u015f\u0131m\u0131 ile Kafkasya\u2019ya do\u011fru ta\u015f\u0131nmak istendi\u011fi g\u00f6r\u00fclmektedir. \u00dc\u00e7\u00fcnc\u00fc d\u00fcnya sava\u015f\u0131 senaryolar\u0131 kamuoyunda u\u00e7u\u015furken ger\u00e7ek\u00e7i bir yakla\u015f\u0131m ile Kuzey Kafkas b\u00f6lgesinde yar\u0131m kalm\u0131\u015f olan \u00c7e\u00e7enistan sorununun sonuca ba\u011flanmas\u0131 ve ba\u011f\u0131ms\u0131zl\u0131k stat\u00fcs\u00fcn\u00fcn her y\u00f6n\u00fc ile tan\u0131nmas\u0131 gerekmektedir. Mafya, ter\u00f6r ve \u015feriat su\u00e7lamalar\u0131n\u0131n \u00f6tesinde bir ulusun var olma m\u00fccadelesi ve bir ulus devletin ba\u011f\u0131ms\u0131z ya\u015fama kavgas\u0131 ile ilgili bilgiler bu kitap arac\u0131l\u0131\u011f\u0131 ile tart\u0131\u015fma alan\u0131na getirilmektedir. Tarihten gelen Rus emperyalizminin inatla s\u00fcrd\u00fcrd\u00fc\u011f\u00fc soyk\u0131r\u0131m ve katliamlar\u0131n bir an \u00f6nce durdurulabilmesi i\u00e7in evrensel insan haklar\u0131 do\u011frultusunda uygar d\u00fcnyan\u0131n \u00c7e\u00e7enistan sorununa bir bar\u0131\u015f\u00e7\u0131 \u00e7\u00f6z\u00fcm getirmesi gerekmektedir. Ba\u011f\u0131ms\u0131zl\u0131k yolunda yar\u0131m kalm\u0131\u015f bir \u00f6zg\u00fcrl\u00fck ile \u00c7e\u00e7enistan sorunu \u00e7\u00f6z\u00fclememi\u015f, aksine yar\u0131m kalan bir adaletsizlik olarak bug\u00fcne gelmi\u015ftir. Yar\u0131m kalan \u00f6zg\u00fcrl\u00fck aray\u0131\u015f\u0131n\u0131n tamamlanabilmesi do\u011frultusunda bu kitap ge\u00e7mi\u015fin birikimini yeniden tart\u0131\u015fma ortam\u0131na getirmekte ve bu konuda acil bir \u00e7\u00f6z\u00fcm \u00fcretebilmesi i\u00e7in uluslararas\u0131 kamuoyunu uyarmaktad\u0131r. Merkezi alandaki sava\u015f s\u00fcrecinin Kafkasya \u00fczerinden b\u00fct\u00fcn Avrasya b\u00f6lgelerine yay\u0131lmas\u0131n\u0131n \u00f6nlenmesi i\u00e7in Kafkas bar\u0131\u015f\u0131 \u00f6nem kazanmakta ve bu a\u015famada daha \u00f6nce ba\u011f\u0131ms\u0131zl\u0131\u011f\u0131 resmen Rusya taraf\u0131ndan tan\u0131nm\u0131\u015f olan \u00c7e\u00e7enistan \u00fczerindeki Rus i\u015fgaline son verilmesi gerekmektedir. Elinizde tuttu\u011funuz bu kitap, b\u00f6ylesine bar\u0131\u015f\u00e7\u0131 bir yakla\u015f\u0131m ile g\u00fcn\u00fcm\u00fczde yeniden yay\u0131mlanmaktad\u0131r ve \u00c7e\u00e7enistan sorunuyla ilgili b\u00fct\u00fcn belge ve bilgileri yeniden kamuoyuna aktarmaktad\u0131r. Kafkasya\u2019da kal\u0131c\u0131 bir bar\u0131\u015f d\u00fczeninin kurulabilmesinin ilk ad\u0131m\u0131 \u00c7e\u00e7enistan sorununun \u00e7\u00f6z\u00fcme kavu\u015fturulmas\u0131 olacakt\u0131r. <\/p>\n","protected":false},"excerpt":{"rendered":"<p>Sovyetler Birli\u011finin da\u011f\u0131lmas\u0131 \u00fczerine yeniden g\u00fcndeme gelen \u00c7e\u00e7en sorunu bug\u00fcne kadar \u00e7\u00f6z\u00fcme kavu\u015fturulamam\u0131\u015ft\u0131r. Y\u0131llar gelece\u011fe do\u011fru h\u0131zla ge\u00e7erken bir\u00e7ok siyasal sorun \u00e7\u00f6z\u00fcme kavu\u015fabilmektedir. D\u00fcnya konjonkt\u00fcr\u00fc bug\u00fcn\u00fcn<span class=\"excerpt-hellip\"> [\u2026]<\/span><\/p>\n","protected":false},"featured_media":0,"template":"","meta":{"_monsterinsights_skip_tracking":false,"_monsterinsights_sitenote_active":false,"_monsterinsights_sitenote_note":"","_monsterinsights_sitenote_category":0},"product_brand":[],"product_cat":[12305,12304],"product_tag":[],"class_list":{"0":"post-719089","1":"product","2":"type-product","3":"status-publish","5":"product_cat-dunya-tarihi","6":"product_cat-tarih","7":"pa_cilt-ciltsiz","8":"pa_tur-kitap","9":"pa_yayinevi-astana-yayinlari","10":"pa_yazar-anil-cecen","12":"first","13":"instock","14":"sale","15":"shipping-taxable","16":"purchasable","17":"product-type-simple"},"_links":{"self":[{"href":"https:\/\/roveyayinevi.com.tr\/index.php\/wp-json\/wp\/v2\/product\/719089","targetHints":{"allow":["GET"]}}],"collection":[{"href":"https:\/\/roveyayinevi.com.tr\/index.php\/wp-json\/wp\/v2\/product"}],"about":[{"href":"https:\/\/roveyayinevi.com.tr\/index.php\/wp-json\/wp\/v2\/types\/product"}],"wp:attachment":[{"href":"https:\/\/roveyayinevi.com.tr\/index.php\/wp-json\/wp\/v2\/media?parent=719089"}],"wp:term":[{"taxonomy":"product_brand","embeddable":true,"href":"https:\/\/roveyayinevi.com.tr\/index.php\/wp-json\/wp\/v2\/product_brand?post=719089"},{"taxonomy":"product_cat","embeddable":true,"href":"https:\/\/roveyayinevi.com.tr\/index.php\/wp-json\/wp\/v2\/product_cat?post=719089"},{"taxonomy":"product_tag","embeddable":true,"href":"https:\/\/roveyayinevi.com.tr\/index.php\/wp-json\/wp\/v2\/product_tag?post=719089"}],"curies":[{"name":"wp","href":"https:\/\/api.w.org\/{rel}","templated":true}]}}