{"id":719088,"date":"2025-08-27T18:17:38","date_gmt":"2025-08-27T15:17:38","guid":{"rendered":"https:\/\/roveyayinevi.com.tr\/index.php\/urun\/demokrasinin-turkiye-seruveni\/"},"modified":"2026-04-16T02:26:56","modified_gmt":"2026-04-15T23:26:56","slug":"demokrasinin-turkiye-seruveni","status":"publish","type":"product","link":"https:\/\/roveyayinevi.com.tr\/index.php\/urun\/demokrasinin-turkiye-seruveni\/","title":{"rendered":"Demokrasi\u2019nin T\u00fcrkiye Ser\u00fcveni"},"content":{"rendered":"<p>Demokrasi, bir y\u00f6netim bi\u00e7imi olarak \u00e7e\u015fitli d\u00f6nemlerde ve \u00e7e\u015fitli co\u011frafyalarda, birbirinden \u00e7ok farkl\u0131 ser\u00fcvenler ya\u015fad\u0131. Bug\u00fcn gelinen noktada, en iyi ve belki de tek y\u00f6netim bi\u00e7imi oldu\u011fu yayg\u0131n olarak d\u00fc\u015f\u00fcn\u00fcl\u00fcyor. Kimilerine g\u00f6re demokrasinin Bat\u0131l\u0131 k\u00f6kenleri, bu y\u00f6netim bi\u00e7iminin ba\u015fka k\u00fclt\u00fcrlerde yerle\u015fiklik kazanmas\u0131n\u0131 zorla\u015ft\u0131r\u0131yor.Bat\u0131\u2019da bile tek bir demokrasi bi\u00e7iminin olmamas\u0131, demokrasiyi benimsemek isteyen \u00fclkeler i\u00e7in bir yandan model se\u00e7me g\u00fc\u00e7l\u00fc\u011f\u00fc yarat\u0131yor, ama \u00f6te yandan kendi \u00f6zg\u00fcl ko\u015fullar\u0131na uygun, ba\u015fka modellere harfi harfine benzemek zorunda olmayan demokrasi bi\u00e7imleri geli\u015ftirebilmelerine olanak tan\u0131yor.T\u00fcrkiye\u2019de demokratik d\u00fc\u015f\u00fcncenin eyleme ge\u00e7irilmesinin 125 y\u0131ll\u0131k tarihine e\u011filen Profes\u00f6r Bernard Lewis, bu kitapta derledi\u011fi d\u00f6rt makalesinde bu ser\u00fcvenin kilometre ta\u015flar\u0131n\u0131 katediyor ve n\u00fcfusunun b\u00fcy\u00fck \u00e7o\u011funlu\u011fu M\u00fcsl\u00fcman olan \u00fclkeler aras\u0131nda neden yaln\u0131zca T\u00fcrkiye\u2019de bir demokrasi k\u00fclt\u00fcr\u00fc ve gelene\u011fi olu\u015fabildi\u011fini sorguluyor.Demokrasinin T\u00fcrkiye Ser\u00fcveni, \u00e7a\u011fda\u015fla\u015fma s\u00fcrecinde Bat\u0131\u2019n\u0131n pek \u00e7ok kurumunu benimseyen, benimserken de bunlar\u0131 \u00f6nemli \u00f6l\u00e7\u00fcde kendine uyduran bir toplumun, demokrasiyle neler yapt\u0131\u011f\u0131n\u0131z bir d\u00f6k\u00fcm\u00fc.<\/p>\n","protected":false},"excerpt":{"rendered":"<p>Demokrasi, bir y\u00f6netim bi\u00e7imi olarak \u00e7e\u015fitli d\u00f6nemlerde ve \u00e7e\u015fitli co\u011frafyalarda, birbirinden \u00e7ok farkl\u0131 ser\u00fcvenler ya\u015fad\u0131. Bug\u00fcn gelinen noktada, en iyi ve belki de tek y\u00f6netim bi\u00e7imi<span class=\"excerpt-hellip\"> [\u2026]<\/span><\/p>\n","protected":false},"featured_media":0,"template":"","meta":{"_monsterinsights_skip_tracking":false,"_monsterinsights_sitenote_active":false,"_monsterinsights_sitenote_note":"","_monsterinsights_sitenote_category":0},"product_brand":[],"product_cat":[12304,13493],"product_tag":[],"class_list":{"0":"post-719088","1":"product","2":"type-product","3":"status-publish","5":"product_cat-tarih","6":"product_cat-turkiye-ve-cumhuriyet-tarihi","7":"pa_cilt-ciltsiz","8":"pa_tur-kitap","9":"pa_yayinevi-yapi-kredi-yayinlari","10":"pa_yazar-bernard-lewis","12":"first","13":"instock","14":"sale","15":"shipping-taxable","16":"purchasable","17":"product-type-simple"},"_links":{"self":[{"href":"https:\/\/roveyayinevi.com.tr\/index.php\/wp-json\/wp\/v2\/product\/719088","targetHints":{"allow":["GET"]}}],"collection":[{"href":"https:\/\/roveyayinevi.com.tr\/index.php\/wp-json\/wp\/v2\/product"}],"about":[{"href":"https:\/\/roveyayinevi.com.tr\/index.php\/wp-json\/wp\/v2\/types\/product"}],"wp:attachment":[{"href":"https:\/\/roveyayinevi.com.tr\/index.php\/wp-json\/wp\/v2\/media?parent=719088"}],"wp:term":[{"taxonomy":"product_brand","embeddable":true,"href":"https:\/\/roveyayinevi.com.tr\/index.php\/wp-json\/wp\/v2\/product_brand?post=719088"},{"taxonomy":"product_cat","embeddable":true,"href":"https:\/\/roveyayinevi.com.tr\/index.php\/wp-json\/wp\/v2\/product_cat?post=719088"},{"taxonomy":"product_tag","embeddable":true,"href":"https:\/\/roveyayinevi.com.tr\/index.php\/wp-json\/wp\/v2\/product_tag?post=719088"}],"curies":[{"name":"wp","href":"https:\/\/api.w.org\/{rel}","templated":true}]}}