{"id":719087,"date":"2025-08-27T18:17:37","date_gmt":"2025-08-27T15:17:37","guid":{"rendered":"https:\/\/roveyayinevi.com.tr\/index.php\/urun\/lider-neslin-insasi\/"},"modified":"2026-04-16T02:26:56","modified_gmt":"2026-04-15T23:26:56","slug":"lider-neslin-insasi","status":"publish","type":"product","link":"https:\/\/roveyayinevi.com.tr\/index.php\/urun\/lider-neslin-insasi\/","title":{"rendered":"Lider Neslin \u0130n\u015fas\u0131"},"content":{"rendered":"<p>Bir \u00fclke tasavvuru\u2026Sokaklar\u0131nda kavga g\u00fcr\u00fclt\u00fc olmayan\u2026Karde\u015fin karde\u015fi bo\u011fazlamad\u0131\u011f\u0131\u2026Hastas\u0131 doktoruna, doktoru hastas\u0131na sayg\u0131l\u0131 bir \u00fclkenin hayali\u2026\u0130nsanlar\u0131n samimiyete susam\u0131\u015f oldu\u011fu bu as\u0131rda kalbi diri tutabilmek, ne yaz\u0131k ki suya yaz\u0131 yazmak kadar zor bir \u00e7abad\u0131r. Zira psikolojik bunal\u0131m\u0131n \u00e7ark\u0131nda yok olma tehlikesiyle kar\u015f\u0131 kar\u015f\u0131ya olan nesillerin, tekrar huzura kavu\u015fabilmesi i\u00e7in \u00f6ncelikle do\u011fru bir e\u011fitim gerekiyor. Okumak, ta\u015f \u00fczerine ta\u015f koyarak bina in\u015fa etmek kadar basit bir fiil iken, bug\u00fcn sadece lise ve \u00fcniversite e\u011fitimiyle yetinmek; Anadolu\u2019nun bin y\u0131ll\u0131k medeniyet ahlak\u0131na yak\u0131\u015fm\u0131yor. Yeni Sinanlar,yeni Akifler ye\u015fersin diye okumal\u0131; marifet bezine nezaket ilme\u011fini nak\u0131\u015flayarak, be\u015fikte ba\u015flad\u0131\u011f\u0131m\u0131z e\u011fitime ancak ve ancak mezarda son vermeliyiz ki, kanayan yaralara merhem olabilelim.<\/p>\n","protected":false},"excerpt":{"rendered":"<p>Bir \u00fclke tasavvuru\u2026Sokaklar\u0131nda kavga g\u00fcr\u00fclt\u00fc olmayan\u2026Karde\u015fin karde\u015fi bo\u011fazlamad\u0131\u011f\u0131\u2026Hastas\u0131 doktoruna, doktoru hastas\u0131na sayg\u0131l\u0131 bir \u00fclkenin hayali\u2026\u0130nsanlar\u0131n samimiyete susam\u0131\u015f oldu\u011fu bu as\u0131rda kalbi diri tutabilmek, ne yaz\u0131k ki<span class=\"excerpt-hellip\"> [\u2026]<\/span><\/p>\n","protected":false},"featured_media":0,"template":"","meta":{"_monsterinsights_skip_tracking":false,"_monsterinsights_sitenote_active":false,"_monsterinsights_sitenote_note":"","_monsterinsights_sitenote_category":0},"product_brand":[],"product_cat":[12777,12291],"product_tag":[],"class_list":{"0":"post-719087","1":"product","2":"type-product","3":"status-publish","5":"product_cat-deneme","6":"product_cat-edebiyat","7":"pa_cilt-ciltsiz","8":"pa_tur-kitap","9":"pa_yayinevi-cinaralti-yayinlari","10":"pa_yazar-abdullah-ozen","12":"first","13":"instock","14":"sale","15":"shipping-taxable","16":"purchasable","17":"product-type-simple"},"_links":{"self":[{"href":"https:\/\/roveyayinevi.com.tr\/index.php\/wp-json\/wp\/v2\/product\/719087","targetHints":{"allow":["GET"]}}],"collection":[{"href":"https:\/\/roveyayinevi.com.tr\/index.php\/wp-json\/wp\/v2\/product"}],"about":[{"href":"https:\/\/roveyayinevi.com.tr\/index.php\/wp-json\/wp\/v2\/types\/product"}],"wp:attachment":[{"href":"https:\/\/roveyayinevi.com.tr\/index.php\/wp-json\/wp\/v2\/media?parent=719087"}],"wp:term":[{"taxonomy":"product_brand","embeddable":true,"href":"https:\/\/roveyayinevi.com.tr\/index.php\/wp-json\/wp\/v2\/product_brand?post=719087"},{"taxonomy":"product_cat","embeddable":true,"href":"https:\/\/roveyayinevi.com.tr\/index.php\/wp-json\/wp\/v2\/product_cat?post=719087"},{"taxonomy":"product_tag","embeddable":true,"href":"https:\/\/roveyayinevi.com.tr\/index.php\/wp-json\/wp\/v2\/product_tag?post=719087"}],"curies":[{"name":"wp","href":"https:\/\/api.w.org\/{rel}","templated":true}]}}