{"id":719085,"date":"2025-08-27T18:17:36","date_gmt":"2025-08-27T15:17:36","guid":{"rendered":"https:\/\/roveyayinevi.com.tr\/index.php\/urun\/gul-yurekli-sevdalar\/"},"modified":"2026-04-16T02:26:56","modified_gmt":"2026-04-15T23:26:56","slug":"gul-yurekli-sevdalar","status":"publish","type":"product","link":"https:\/\/roveyayinevi.com.tr\/index.php\/urun\/gul-yurekli-sevdalar\/","title":{"rendered":"G\u00fcl Y\u00fcrekli Sevdalar"},"content":{"rendered":"<p>\u0130smail Zorba\u2019n\u0131n, ger\u00e7ekten \u201cdemini alm\u0131\u015f \u00f6mr\u00fcnden\u201d d\u00f6k\u00fclen g\u00f6zlemlerini, an\u0131lar\u0131n\u0131 ve tespitlerini sanatk\u00e2r \u00fcslubuyla terkip etmi\u015f oldu\u011fu kitab\u0131n\u0131 doya doya, b\u0131kmadan ve usanmadan okuyacaks\u0131n\u0131z.Prof. Dr. \u0130lhan GEN\u00c7D\u00fczce \u00dcniversitesi Rekt\u00f6r Yard\u0131mc\u0131s\u0131Hayat\u0131, tabiat\u0131 ve insan\u0131 anlamaya \u00e7al\u0131\u015fan bir edebiyat \u00f6\u011fretmeninin; y\u00fcre\u011finin en derin k\u00f6\u015felerinde ince ince i\u015fleyerek, sab\u0131rla, inan\u00e7la, sevgiyle g\u00fcn y\u00fcz\u00fcne \u00e7\u0131kard\u0131\u011f\u0131 s\u00f6zler\u2026 T\u00fcrk edebiyat\u0131n\u0131n en g\u00fczel \u00f6rneklerini hem kendisine hem \u00f6\u011frencilerine bir pusula yapan c\u00fcmleler\u2026 Prof. Dr. Ay\u015fe \u0130lkerCelal Bayar \u00dcn. Fen-Edebiyat Fak\u00fcltesi \u00d6\u011fretim \u00dcyesiBu kitap bizleri do\u011faya, dostlu\u011fa, k\u00fclt\u00fcre, sevmeye, bilgiye ve hat\u0131rlamaya; k\u0131sacas\u0131 \u201cinsan olma\u201dya \u00e7a\u011f\u0131r\u0131yor. Kitapta, \u00e7a\u011f\u0131n h\u0131z\u0131na kar\u015f\u0131 s\u00fck\u00fbneti, t\u00fcketim sevdas\u0131na kar\u015f\u0131 erdemleri hazmederek sosyal dokuyu g\u00fc\u00e7lendirmeyi tavsiye eden demeler ve deneme tad\u0131nda hat\u0131rlar yer al\u0131yor. Ancak bu kitapta slogan ve \u00e7\u0131\u011fl\u0131k bulamayacaks\u0131n\u0131z. Belki, \u201cde\u011ferleri yitirme\u201d korkusunun sessiz \u00e7\u0131\u011fl\u0131\u011f\u0131 var. C\u00fcmleler hayk\u0131rarak s\u00f6ylemek i\u00e7in de\u011fil, samimi bir y\u00fcre\u011fin kula\u011f\u0131na f\u0131s\u0131ldamak i\u00e7in yaz\u0131lm\u0131\u015f. Prof. Dr. Nam\u0131k A\u00c7IKG\u00d6ZMu\u011fla S\u0131tk\u0131 Ko\u00e7man \u00dcn. \u00d6\u011fretim \u00dcyesiHep yar\u0131m b\u0131rak\u0131lm\u0131\u015f hayatlar\u0131n, yar\u0131m b\u0131rak\u0131lm\u0131\u015flar\u0131yla i\u00e7 i\u00e7e oldu\u011fumuz g\u00fcnlerde, yar\u0131mlar\u0131 tamamlamay\u0131 dert edinen, say\u0131lar\u0131 az ama \u00f6zverileri \u00e7ok nice de\u011ferli insana haks\u0131zl\u0131k yapt\u0131\u011f\u0131m\u0131z\u0131 d\u00fc\u015f\u00fcn\u00fcyorum. Kim bilir; belki de d\u00fcnya onlar\u0131n sabr\u0131, samimiyetleri ve gayretleri h\u00fcrmetine ayakta duruyor. \u0130\u015fte evinde, okulunda, \u00e7evresinde bu y\u00fczden hep yar\u0131m b\u0131rak\u0131lm\u0131\u015f hikayelerin pe\u015finde, tamamlanmam\u0131\u015f hayatlar\u0131 kovalarken g\u00f6rmeye al\u0131\u015ft\u0131\u011f\u0131m\u0131z \u0130smail Hoca, sizi kitab\u0131n\u0131n sayfalar\u0131 aras\u0131nda gezdirirken asl\u0131nda kendine ortak da yapacak. Erdal \u00c7\u0130LYazar \u2013 Y\u00f6netici (Ege \u00dcniversitesi)<\/p>\n","protected":false},"excerpt":{"rendered":"<p>\u0130smail Zorba\u2019n\u0131n, ger\u00e7ekten \u201cdemini alm\u0131\u015f \u00f6mr\u00fcnden\u201d d\u00f6k\u00fclen g\u00f6zlemlerini, an\u0131lar\u0131n\u0131 ve tespitlerini sanatk\u00e2r \u00fcslubuyla terkip etmi\u015f oldu\u011fu kitab\u0131n\u0131 doya doya, b\u0131kmadan ve usanmadan okuyacaks\u0131n\u0131z.Prof. Dr. \u0130lhan GEN\u00c7D\u00fczce<span class=\"excerpt-hellip\"> [\u2026]<\/span><\/p>\n","protected":false},"featured_media":0,"template":"","meta":{"_monsterinsights_skip_tracking":false,"_monsterinsights_sitenote_active":false,"_monsterinsights_sitenote_note":"","_monsterinsights_sitenote_category":0},"product_brand":[],"product_cat":[12777,12291],"product_tag":[],"class_list":{"0":"post-719085","1":"product","2":"type-product","3":"status-publish","5":"product_cat-deneme","6":"product_cat-edebiyat","7":"pa_cilt-ciltsiz","8":"pa_tur-kitap","9":"pa_yayinevi-cinaralti-yayinlari","10":"pa_yazar-ismail-zorba","12":"first","13":"instock","14":"sale","15":"shipping-taxable","16":"purchasable","17":"product-type-simple"},"_links":{"self":[{"href":"https:\/\/roveyayinevi.com.tr\/index.php\/wp-json\/wp\/v2\/product\/719085","targetHints":{"allow":["GET"]}}],"collection":[{"href":"https:\/\/roveyayinevi.com.tr\/index.php\/wp-json\/wp\/v2\/product"}],"about":[{"href":"https:\/\/roveyayinevi.com.tr\/index.php\/wp-json\/wp\/v2\/types\/product"}],"wp:attachment":[{"href":"https:\/\/roveyayinevi.com.tr\/index.php\/wp-json\/wp\/v2\/media?parent=719085"}],"wp:term":[{"taxonomy":"product_brand","embeddable":true,"href":"https:\/\/roveyayinevi.com.tr\/index.php\/wp-json\/wp\/v2\/product_brand?post=719085"},{"taxonomy":"product_cat","embeddable":true,"href":"https:\/\/roveyayinevi.com.tr\/index.php\/wp-json\/wp\/v2\/product_cat?post=719085"},{"taxonomy":"product_tag","embeddable":true,"href":"https:\/\/roveyayinevi.com.tr\/index.php\/wp-json\/wp\/v2\/product_tag?post=719085"}],"curies":[{"name":"wp","href":"https:\/\/api.w.org\/{rel}","templated":true}]}}