{"id":719082,"date":"2025-08-27T18:17:34","date_gmt":"2025-08-27T15:17:34","guid":{"rendered":"https:\/\/roveyayinevi.com.tr\/index.php\/urun\/sehrinaz\/"},"modified":"2026-04-16T02:26:56","modified_gmt":"2026-04-15T23:26:56","slug":"sehrinaz","status":"publish","type":"product","link":"https:\/\/roveyayinevi.com.tr\/index.php\/urun\/sehrinaz\/","title":{"rendered":"\u015eehrinaz"},"content":{"rendered":"<p>gitme,ha\u00e7l\u0131 seferlerinin hi\u00e7 bitmedi\u011fi ,ortado\u011fu\u2019nun a\u015fk ve kan bat\u0131s\u0131nday\u0131mgitme, bilal gibi ta\u015f ya\u011f\u0131yor ba\u011fr\u0131ma, delinmiyor diren\u00e7 g\u00f6nl\u00fcmgitme, \u00fczeyir gibi pe\u015fimde a\u011fyar g\u00fczeller, koru beni sevda a\u011fac\u0131mdagitme, isa\u2019n\u0131n babalar g\u00fcn\u00fcn\u00fc kutlad\u0131\u011f\u0131 dem \u00fc sorgulay\u0131\u015flarday\u0131mgitme,meryem\u2019in merhemi gibi \u00e7aresizli\u011finin suskular\u0131nday\u0131mgitme, kelebeklerin do\u011fum g\u00fcn\u00fcne ekildi, mu\u015ftular\u0131m, huzurlar\u0131m gitme,\u00e7at\u0131\u015fmalar\u0131n \u00e7atlatt\u0131\u011f\u0131 i\u00e7imin tutsa\u011f\u0131nda,dillenir vasl\u0131mgitme,cemrelerin \u00e7i\u00e7ek y\u00fcz\u00fcnde okunur, tek ba\u015f\u0131na bahar olu\u015fungitme,vakte ya\u011fmurlar \u0131smarlayan g\u00f6zlerinde tutulur ay ve ay y\u00fcz\u00fcnvakte gidelim, sensiz ge\u00e7meyen zaman\u0131n akrebini \u0131s\u0131ral\u0131m \u015fehrinaz gitme,ufkun pullar\u0131yla yollanm\u0131\u015f senli d\u00fcnlerin mektubu a\u011fla\u015f\u0131rgitme,usumdaki alg\u0131lar\u0131 kemiren yok olu\u015fun s\u0131z\u0131lar\u0131 delirirgitme,ekseninde d\u00f6nmeyen d\u00fcnyan\u0131n yorgunlu\u011funda, dinlenir umudumgitme,y\u00fczy\u0131ll\u0131k bir an\u0131n g\u00f6n\u00fcl diliyle yaz\u0131l\u0131r, hesab\u0131 bitmeyen u\u011furungitme, ruhun mabedinde fig\u00fcrlerinden ayr\u0131lmaz bak\u0131\u015f\u0131n ve bak\u0131\u015f a\u00e7\u0131n bak\u0131\u015f\u0131na gidelim, bakamad\u0131\u011f\u0131n ben\u2019in p\u00fcsk\u00fcn, suskun an\u0131n\u0131 g\u00f6relim \u015fehrinaz<\/p>\n","protected":false},"excerpt":{"rendered":"<p>gitme,ha\u00e7l\u0131 seferlerinin hi\u00e7 bitmedi\u011fi ,ortado\u011fu\u2019nun a\u015fk ve kan bat\u0131s\u0131nday\u0131mgitme, bilal gibi ta\u015f ya\u011f\u0131yor ba\u011fr\u0131ma, delinmiyor diren\u00e7 g\u00f6nl\u00fcmgitme, \u00fczeyir gibi pe\u015fimde a\u011fyar g\u00fczeller, koru beni sevda a\u011fac\u0131mdagitme,<span class=\"excerpt-hellip\"> [\u2026]<\/span><\/p>\n","protected":false},"featured_media":0,"template":"","meta":{"_monsterinsights_skip_tracking":false,"_monsterinsights_sitenote_active":false,"_monsterinsights_sitenote_note":"","_monsterinsights_sitenote_category":0},"product_brand":[],"product_cat":[12291,12509],"product_tag":[],"class_list":{"0":"post-719082","1":"product","2":"type-product","3":"status-publish","5":"product_cat-edebiyat","6":"product_cat-siir","7":"pa_cilt-ciltsiz","8":"pa_tur-kitap","9":"pa_yayinevi-cinaralti-yayinlari","10":"pa_yazar-hayrettin-taylan","12":"first","13":"instock","14":"sale","15":"shipping-taxable","16":"purchasable","17":"product-type-simple"},"_links":{"self":[{"href":"https:\/\/roveyayinevi.com.tr\/index.php\/wp-json\/wp\/v2\/product\/719082","targetHints":{"allow":["GET"]}}],"collection":[{"href":"https:\/\/roveyayinevi.com.tr\/index.php\/wp-json\/wp\/v2\/product"}],"about":[{"href":"https:\/\/roveyayinevi.com.tr\/index.php\/wp-json\/wp\/v2\/types\/product"}],"wp:attachment":[{"href":"https:\/\/roveyayinevi.com.tr\/index.php\/wp-json\/wp\/v2\/media?parent=719082"}],"wp:term":[{"taxonomy":"product_brand","embeddable":true,"href":"https:\/\/roveyayinevi.com.tr\/index.php\/wp-json\/wp\/v2\/product_brand?post=719082"},{"taxonomy":"product_cat","embeddable":true,"href":"https:\/\/roveyayinevi.com.tr\/index.php\/wp-json\/wp\/v2\/product_cat?post=719082"},{"taxonomy":"product_tag","embeddable":true,"href":"https:\/\/roveyayinevi.com.tr\/index.php\/wp-json\/wp\/v2\/product_tag?post=719082"}],"curies":[{"name":"wp","href":"https:\/\/api.w.org\/{rel}","templated":true}]}}