{"id":719081,"date":"2025-08-27T18:17:33","date_gmt":"2025-08-27T15:17:33","guid":{"rendered":"https:\/\/roveyayinevi.com.tr\/index.php\/urun\/ilk-ve-son-olumun-dogusu\/"},"modified":"2026-04-16T02:26:56","modified_gmt":"2026-04-15T23:26:56","slug":"ilk-ve-son-olumun-dogusu","status":"publish","type":"product","link":"https:\/\/roveyayinevi.com.tr\/index.php\/urun\/ilk-ve-son-olumun-dogusu\/","title":{"rendered":"\u0130lk ve Son \u2013 \u00d6l\u00fcm\u00fcn Do\u011fu\u015fu"},"content":{"rendered":"<p>\u201cBen \u00f6ld\u00fcrd\u00fcm. Ama su\u00e7lu ben de\u011filim. Su\u00e7lu \u00f6len, su\u00e7lu \u00f6ld\u00fcren de\u011fil.\u201d \u00d6l\u00fcm denen illet, benimle beraber annemin karn\u0131nda b\u00fcy\u00fcd\u00fc ve benim i\u00e7imde d\u00fcnyaya geldi. Bu nedenden dolay\u0131 -ben- \u00f6ld\u00fcrd\u00fcm. Ama su\u00e7lu ben de\u011filim, diyorum. E\u011fer bir su\u00e7lu bulmak istiyorsan annemi kand\u0131ran y\u0131lan var. \u0130kna olmad\u0131ysan babam\u0131 inand\u0131ran annem var, seni su\u00e7layan babam var. Lakin ben su\u00e7lu de\u011filim, benim g\u00fcnah\u0131m yok. \u00d6ld\u00fcrd\u00fc\u011f\u00fcm karde\u015fimin su\u00e7u var, benim yok. Tek masum benim. Bir g\u00fcn d\u00fcnyaya geri gelece\u011fim ve \u201cSunak sunaca\u011f\u0131m\u2026 Yaratt\u0131\u011f\u0131n t\u00fcm varl\u0131klar\u0131n\u0131n kan\u0131n\u0131 ta\u015f\u0131yan bir sunak daha sunaca\u011f\u0131m. And\u0131m olsun. \u00c2min\u201d<\/p>\n","protected":false},"excerpt":{"rendered":"<p>\u201cBen \u00f6ld\u00fcrd\u00fcm. Ama su\u00e7lu ben de\u011filim. Su\u00e7lu \u00f6len, su\u00e7lu \u00f6ld\u00fcren de\u011fil.\u201d \u00d6l\u00fcm denen illet, benimle beraber annemin karn\u0131nda b\u00fcy\u00fcd\u00fc ve benim i\u00e7imde d\u00fcnyaya geldi. Bu nedenden<span class=\"excerpt-hellip\"> [\u2026]<\/span><\/p>\n","protected":false},"featured_media":0,"template":"","meta":{"_monsterinsights_skip_tracking":false,"_monsterinsights_sitenote_active":false,"_monsterinsights_sitenote_note":"","_monsterinsights_sitenote_category":0},"product_brand":[],"product_cat":[12291,14777],"product_tag":[],"class_list":{"0":"post-719081","1":"product","2":"type-product","3":"status-publish","5":"product_cat-edebiyat","6":"product_cat-fantastik","7":"pa_cilt-ciltsiz","8":"pa_tur-kitap","9":"pa_yayinevi-vaveyla-yayincilik","10":"pa_yazar-umit-dagci","12":"first","13":"instock","14":"sale","15":"shipping-taxable","16":"purchasable","17":"product-type-simple"},"_links":{"self":[{"href":"https:\/\/roveyayinevi.com.tr\/index.php\/wp-json\/wp\/v2\/product\/719081","targetHints":{"allow":["GET"]}}],"collection":[{"href":"https:\/\/roveyayinevi.com.tr\/index.php\/wp-json\/wp\/v2\/product"}],"about":[{"href":"https:\/\/roveyayinevi.com.tr\/index.php\/wp-json\/wp\/v2\/types\/product"}],"wp:attachment":[{"href":"https:\/\/roveyayinevi.com.tr\/index.php\/wp-json\/wp\/v2\/media?parent=719081"}],"wp:term":[{"taxonomy":"product_brand","embeddable":true,"href":"https:\/\/roveyayinevi.com.tr\/index.php\/wp-json\/wp\/v2\/product_brand?post=719081"},{"taxonomy":"product_cat","embeddable":true,"href":"https:\/\/roveyayinevi.com.tr\/index.php\/wp-json\/wp\/v2\/product_cat?post=719081"},{"taxonomy":"product_tag","embeddable":true,"href":"https:\/\/roveyayinevi.com.tr\/index.php\/wp-json\/wp\/v2\/product_tag?post=719081"}],"curies":[{"name":"wp","href":"https:\/\/api.w.org\/{rel}","templated":true}]}}