{"id":719079,"date":"2025-08-27T18:17:31","date_gmt":"2025-08-27T15:17:31","guid":{"rendered":"https:\/\/roveyayinevi.com.tr\/index.php\/urun\/kuyucakli-yusuf-14\/"},"modified":"2026-04-16T02:26:56","modified_gmt":"2026-04-15T23:26:56","slug":"kuyucakli-yusuf-14","status":"publish","type":"product","link":"https:\/\/roveyayinevi.com.tr\/index.php\/urun\/kuyucakli-yusuf-14\/","title":{"rendered":"Kuyucakl\u0131 Yusuf"},"content":{"rendered":"<p>\u201cYusuf atlar\u0131 d\u00f6rtnala kald\u0131rm\u0131\u015ft\u0131. Gen\u00e7 k\u0131z yayl\u0131n\u0131n i\u00e7 taraflar\u0131nda bir k\u00f6\u015feye b\u00fcz\u00fclm\u00fc\u015f ve elleriyle iki taraf\u0131na sar\u0131lm\u0131\u015f d\u00fc\u015f\u00fcn\u00fcyordu. Araba ta\u015flara \u00e7arparak f\u0131rlay\u0131nca veya h\u0131zla d\u00f6n\u00fcnce: \u2018A! A!\u2019 diye hafif bir ses \u00e7\u0131kar\u0131yor ve sonra susuyordu. Birdenbire i\u00e7ini endi\u015feler kaplam\u0131\u015ft\u0131. Bu yolculu\u011fun sonundan korkuyor gibiydi. Nereye gidiyorlard\u0131? Tabii eve&#8230; Acaba hakikaten eve mi? Muazzez, Yusuf\u2019un y\u00fcz\u00fcn\u00fc arkadan ve pek az g\u00f6rebiliyor fakat bu \u00e7ehrede neler oldu\u011funu tamamen biliyordu.\u201d\u00d6zellikle romanlar\u0131nda edebiyata yeni bir boyut kazand\u0131rm\u0131\u015f, ger\u00e7ek\u00e7i roman\u0131n en \u00f6zg\u00fcn \u00f6rneklerini veren Sabahattin Ali\u2019nin, bir solukta okuyaca\u011f\u0131n\u0131z bu eseri sizi ba\u015fkahraman\u0131 Yusuf ile birlikte farkl\u0131 d\u00fcnyalara s\u00fcr\u00fckleyecek\u2026<\/p>\n","protected":false},"excerpt":{"rendered":"<p>\u201cYusuf atlar\u0131 d\u00f6rtnala kald\u0131rm\u0131\u015ft\u0131. Gen\u00e7 k\u0131z yayl\u0131n\u0131n i\u00e7 taraflar\u0131nda bir k\u00f6\u015feye b\u00fcz\u00fclm\u00fc\u015f ve elleriyle iki taraf\u0131na sar\u0131lm\u0131\u015f d\u00fc\u015f\u00fcn\u00fcyordu. Araba ta\u015flara \u00e7arparak f\u0131rlay\u0131nca veya h\u0131zla d\u00f6n\u00fcnce: \u2018A!<span class=\"excerpt-hellip\"> [\u2026]<\/span><\/p>\n","protected":false},"featured_media":0,"template":"","meta":{"_monsterinsights_skip_tracking":false,"_monsterinsights_sitenote_active":false,"_monsterinsights_sitenote_note":"","_monsterinsights_sitenote_category":0},"product_brand":[],"product_cat":[12291,12711],"product_tag":[],"class_list":{"0":"post-719079","1":"product","2":"type-product","3":"status-publish","5":"product_cat-edebiyat","6":"product_cat-roman-oyku","7":"pa_cilt-ciltsiz","8":"pa_tur-kitap","9":"pa_yayinevi-vaveyla-yayincilik","10":"pa_yazar-sabahattin-ali","12":"first","13":"instock","14":"sale","15":"shipping-taxable","16":"purchasable","17":"product-type-simple"},"_links":{"self":[{"href":"https:\/\/roveyayinevi.com.tr\/index.php\/wp-json\/wp\/v2\/product\/719079","targetHints":{"allow":["GET"]}}],"collection":[{"href":"https:\/\/roveyayinevi.com.tr\/index.php\/wp-json\/wp\/v2\/product"}],"about":[{"href":"https:\/\/roveyayinevi.com.tr\/index.php\/wp-json\/wp\/v2\/types\/product"}],"wp:attachment":[{"href":"https:\/\/roveyayinevi.com.tr\/index.php\/wp-json\/wp\/v2\/media?parent=719079"}],"wp:term":[{"taxonomy":"product_brand","embeddable":true,"href":"https:\/\/roveyayinevi.com.tr\/index.php\/wp-json\/wp\/v2\/product_brand?post=719079"},{"taxonomy":"product_cat","embeddable":true,"href":"https:\/\/roveyayinevi.com.tr\/index.php\/wp-json\/wp\/v2\/product_cat?post=719079"},{"taxonomy":"product_tag","embeddable":true,"href":"https:\/\/roveyayinevi.com.tr\/index.php\/wp-json\/wp\/v2\/product_tag?post=719079"}],"curies":[{"name":"wp","href":"https:\/\/api.w.org\/{rel}","templated":true}]}}