{"id":719076,"date":"2025-08-27T18:17:29","date_gmt":"2025-08-27T15:17:29","guid":{"rendered":"https:\/\/roveyayinevi.com.tr\/index.php\/urun\/arkadasim-korku\/"},"modified":"2025-10-26T23:10:49","modified_gmt":"2025-10-26T20:10:49","slug":"arkadasim-korku","status":"publish","type":"product","link":"https:\/\/roveyayinevi.com.tr\/index.php\/urun\/arkadasim-korku\/","title":{"rendered":"Arkada\u015f\u0131m Korku"},"content":{"rendered":"<p>K\u00fc\u00e7\u00fck bir k\u0131z \u00fclkesinden \u00e7ok uzaklara ta\u015f\u0131nmak zorunda kal\u0131r. Yeni bir okula ba\u015flar. Yan\u0131ndan hi\u00e7 ay\u0131rmad\u0131\u011f\u0131 gizli arkada\u015f\u0131 Korku, onu yaln\u0131z ve \u00e7ekingen biri h\u00e2line getirir. Hi\u00e7 kimseyi anlayamazken nas\u0131l yeni bir arkada\u015f edinebilir ki? Sonu\u00e7ta onun gibi hisseden ba\u015fka hi\u00e7 kimse olmad\u0131\u011f\u0131ndan emindir. Ta ki gizli arkada\u015f\u0131 olan ba\u015fka bir \u00e7ocukla tan\u0131\u015fana kadar.D\u00fcnyada b\u00fcy\u00fck ses getirmi\u015f uluslararas\u0131 \u00f6d\u00fcll\u00fc Yolculuk\u2019un yazar\u0131 Francesca Sanna, e\u011fer korkular\u0131m\u0131z\u0131 payla\u015fmaya cesaret edebilirsek d\u00fcnyada hi\u00e7bir yerin yabanc\u0131 ve korkun\u00e7 g\u00f6r\u00fcnmeyece\u011fini anlat\u0131yor. Arkada\u015f\u0131m Korku, okula yeni ba\u015flayan, yeni bir \u015fehre ta\u015f\u0131nan, hayat\u0131nda ba\u015fka bir d\u00f6neme ge\u00e7en 4 ve \u00fczeri ya\u015ftaki b\u00fct\u00fcn \u00e7ocuklara umut vermeyi ama\u00e7l\u0131yor.<\/p>\n","protected":false},"excerpt":{"rendered":"<p>K\u00fc\u00e7\u00fck bir k\u0131z \u00fclkesinden \u00e7ok uzaklara ta\u015f\u0131nmak zorunda kal\u0131r. Yeni bir okula ba\u015flar. Yan\u0131ndan hi\u00e7 ay\u0131rmad\u0131\u011f\u0131 gizli arkada\u015f\u0131 Korku, onu yaln\u0131z ve \u00e7ekingen biri h\u00e2line getirir.<span class=\"excerpt-hellip\"> [\u2026]<\/span><\/p>\n","protected":false},"featured_media":0,"template":"","meta":{"_monsterinsights_skip_tracking":false,"_monsterinsights_sitenote_active":false,"_monsterinsights_sitenote_note":"","_monsterinsights_sitenote_category":0},"product_brand":[],"product_cat":[12913,12274],"product_tag":[],"class_list":{"0":"post-719076","1":"product","2":"type-product","3":"status-publish","5":"product_cat-3-6-yas-kitaplari","6":"product_cat-cocuk-ve-genclik-kitaplari","7":"pa_cilt-ciltsiz","8":"pa_tur-kitap","9":"pa_yayinevi-taze-kitap","10":"pa_yazar-francesca-sanna","12":"first","13":"instock","14":"sale","15":"shipping-taxable","16":"purchasable","17":"product-type-simple"},"_links":{"self":[{"href":"https:\/\/roveyayinevi.com.tr\/index.php\/wp-json\/wp\/v2\/product\/719076","targetHints":{"allow":["GET"]}}],"collection":[{"href":"https:\/\/roveyayinevi.com.tr\/index.php\/wp-json\/wp\/v2\/product"}],"about":[{"href":"https:\/\/roveyayinevi.com.tr\/index.php\/wp-json\/wp\/v2\/types\/product"}],"wp:attachment":[{"href":"https:\/\/roveyayinevi.com.tr\/index.php\/wp-json\/wp\/v2\/media?parent=719076"}],"wp:term":[{"taxonomy":"product_brand","embeddable":true,"href":"https:\/\/roveyayinevi.com.tr\/index.php\/wp-json\/wp\/v2\/product_brand?post=719076"},{"taxonomy":"product_cat","embeddable":true,"href":"https:\/\/roveyayinevi.com.tr\/index.php\/wp-json\/wp\/v2\/product_cat?post=719076"},{"taxonomy":"product_tag","embeddable":true,"href":"https:\/\/roveyayinevi.com.tr\/index.php\/wp-json\/wp\/v2\/product_tag?post=719076"}],"curies":[{"name":"wp","href":"https:\/\/api.w.org\/{rel}","templated":true}]}}