{"id":719074,"date":"2025-08-27T18:17:27","date_gmt":"2025-08-27T15:17:27","guid":{"rendered":"https:\/\/roveyayinevi.com.tr\/index.php\/urun\/abartma-tozu\/"},"modified":"2026-04-16T02:26:56","modified_gmt":"2026-04-15T23:26:56","slug":"abartma-tozu","status":"publish","type":"product","link":"https:\/\/roveyayinevi.com.tr\/index.php\/urun\/abartma-tozu\/","title":{"rendered":"Abartma Tozu"},"content":{"rendered":"<p>Bir sabah uyand\u0131k ve bizim kasaba toptan delirdi. Annem sa\u011fl\u0131kl\u0131 ya\u015fam u\u011fruna evi dev bir organik tar\u0131m alan\u0131na d\u00f6n\u00fc\u015ft\u00fcrd\u00fc.Babaannem sevimli, minno\u015f pansiyonunu oteller zinciri yapt\u0131.Babam daha \u00e7ok para kazanmak i\u00e7in eve u\u011framaz oldu.Kuzenim ata binerken resim yapmaya, fl\u00fct \u00fcflerken piyano \u00e7almaya ba\u015flad\u0131.Yengem temizlikle kafay\u0131 bozdu. Kocas\u0131n\u0131 pis diye evden kovdu ve \u00e7ocuklar\u0131n\u0131 her g\u00fcn suya yat\u0131rd\u0131ktan sonra mandalla \u00e7ama\u015f\u0131r ipine ast\u0131. Sevgi Teyze, daha \u00e7ok sevebilmek i\u00e7in \u00e7ocuklar\u0131n\u0131 koltu\u011fa ba\u011flad\u0131, hepsine ayn\u0131 kombin k\u0131yafetler giydirdi ve onlar\u0131 sevgi komas\u0131na soktu.Fehmi Abi, bilgisayar\u0131n ba\u015f\u0131ndan tuvalete gitmek i\u00e7in bile kalkmad\u0131\u011f\u0131ndan hastanelik oldu.Okulda daha ba\u015far\u0131l\u0131 olmak i\u00e7in teneff\u00fcs yapmamaya, hafta sonlar\u0131 da okula gitmeye ba\u015flad\u0131k.Etraf\u0131mda bir tane normal insan kalmad\u0131.Ha \u015fimdi diyeceksin ki bir tek sen mi normalsin?Evet, bir tek ben normalim. Neyse ki m\u00fccadeleci bir ruhum var. Bu kasabadaki insanlara bir s\u00fcper kahraman laz\u0131msa o kesinlikle benim. Koca kasabada yan\u0131mda olan tek ki\u015fi, Tevfik K\u0131l\u0131k\u0131rkyarar. Ger\u00e7i o da \u00e7ok normal de\u011fil ama olsun, o da insan.<\/p>\n","protected":false},"excerpt":{"rendered":"<p>Bir sabah uyand\u0131k ve bizim kasaba toptan delirdi. Annem sa\u011fl\u0131kl\u0131 ya\u015fam u\u011fruna evi dev bir organik tar\u0131m alan\u0131na d\u00f6n\u00fc\u015ft\u00fcrd\u00fc.Babaannem sevimli, minno\u015f pansiyonunu oteller zinciri yapt\u0131.Babam daha<span class=\"excerpt-hellip\"> [\u2026]<\/span><\/p>\n","protected":false},"featured_media":0,"template":"","meta":{"_monsterinsights_skip_tracking":false,"_monsterinsights_sitenote_active":false,"_monsterinsights_sitenote_note":"","_monsterinsights_sitenote_category":0},"product_brand":[],"product_cat":[12274,12284],"product_tag":[],"class_list":{"0":"post-719074","1":"product","2":"type-product","3":"status-publish","5":"product_cat-cocuk-ve-genclik-kitaplari","6":"product_cat-hikayeler","7":"pa_cilt-ciltsiz","8":"pa_tur-kitap","9":"pa_yayinevi-taze-kitap","10":"pa_yazar-sermin-yasar","12":"first","13":"instock","14":"sale","15":"shipping-taxable","16":"purchasable","17":"product-type-simple"},"_links":{"self":[{"href":"https:\/\/roveyayinevi.com.tr\/index.php\/wp-json\/wp\/v2\/product\/719074","targetHints":{"allow":["GET"]}}],"collection":[{"href":"https:\/\/roveyayinevi.com.tr\/index.php\/wp-json\/wp\/v2\/product"}],"about":[{"href":"https:\/\/roveyayinevi.com.tr\/index.php\/wp-json\/wp\/v2\/types\/product"}],"wp:attachment":[{"href":"https:\/\/roveyayinevi.com.tr\/index.php\/wp-json\/wp\/v2\/media?parent=719074"}],"wp:term":[{"taxonomy":"product_brand","embeddable":true,"href":"https:\/\/roveyayinevi.com.tr\/index.php\/wp-json\/wp\/v2\/product_brand?post=719074"},{"taxonomy":"product_cat","embeddable":true,"href":"https:\/\/roveyayinevi.com.tr\/index.php\/wp-json\/wp\/v2\/product_cat?post=719074"},{"taxonomy":"product_tag","embeddable":true,"href":"https:\/\/roveyayinevi.com.tr\/index.php\/wp-json\/wp\/v2\/product_tag?post=719074"}],"curies":[{"name":"wp","href":"https:\/\/api.w.org\/{rel}","templated":true}]}}