{"id":719073,"date":"2025-08-27T18:17:27","date_gmt":"2025-08-27T15:17:27","guid":{"rendered":"https:\/\/roveyayinevi.com.tr\/index.php\/urun\/matmazel-anjel\/"},"modified":"2026-04-16T02:26:56","modified_gmt":"2026-04-15T23:26:56","slug":"matmazel-anjel","status":"publish","type":"product","link":"https:\/\/roveyayinevi.com.tr\/index.php\/urun\/matmazel-anjel\/","title":{"rendered":"Matmazel Anjel"},"content":{"rendered":"<p>Bir\u00e7ok okurun -hatta edebiyat ara\u015ft\u0131rmac\u0131s\u0131n\u0131n dahi- isimlerinden haberdar olmad\u0131\u011f\u0131 eski harfli romanlar, k\u00fct\u00fcphane raflar\u0131nda g\u00fcn y\u00fcz\u00fcne \u00e7\u0131kar\u0131laca\u011f\u0131 \u00e2n\u0131 bekliyor. Bunlardan biri de \u0130rfan isimli bir Osmanl\u0131 yazar\u0131n\u0131n kaleminden \u00e7\u0131kan Matmazel Anjel. 1912\u2019de yay\u0131mlanan bu romanda a\u015fk, entrika, s\u00fcrg\u00fcn gibi olay ve durumlar Sultan II. Abd\u00fclhamit D\u00f6neminde ya\u015fayan Ermenilerin merkezde oldu\u011fu \u015fah\u0131s kadrosuyla sunuluyor. Me\u015frutiyet, istibdat, aidiyet ve kimlik kavramlar\u0131na dair \u00f6rt\u00fck ilerilerin ustaca kurguya yedirildi\u011fi roman, okuru Sultan II. Abd\u00fclhamit ve II. Me\u015frutiyet D\u00f6nemine, \u201ckar\u015f\u0131da duranlar\u0131n\u201d g\u00f6z\u00fcnden bakmaya davet ediyor. \u0130lk yay\u0131m tarihinden 102 y\u0131l sonra Karakum Yay\u0131nevinden \u00e7\u0131kan bu bask\u0131, \u00f6zg\u00fcn imlas\u0131yla eski harflerden g\u00fcn\u00fcm\u00fcz alfabesine aktar\u0131larak T\u00fcrk edebiyat\u0131 ara\u015ft\u0131rmac\u0131lar\u0131na; g\u00fcn\u00fcm\u00fcz T\u00fcrk\u00e7esine aktar\u0131lm\u0131\u015f h\u00e2li ile g\u00fcncel okura; sonundaki inceleme yaz\u0131s\u0131yla da roman hakk\u0131nda daha fazla bilgi edinmek isteyenlere hitap ediyor. <\/p>\n","protected":false},"excerpt":{"rendered":"<p>Bir\u00e7ok okurun -hatta edebiyat ara\u015ft\u0131rmac\u0131s\u0131n\u0131n dahi- isimlerinden haberdar olmad\u0131\u011f\u0131 eski harfli romanlar, k\u00fct\u00fcphane raflar\u0131nda g\u00fcn y\u00fcz\u00fcne \u00e7\u0131kar\u0131laca\u011f\u0131 \u00e2n\u0131 bekliyor. Bunlardan biri de \u0130rfan isimli bir Osmanl\u0131<span class=\"excerpt-hellip\"> [\u2026]<\/span><\/p>\n","protected":false},"featured_media":0,"template":"","meta":{"_monsterinsights_skip_tracking":false,"_monsterinsights_sitenote_active":false,"_monsterinsights_sitenote_note":"","_monsterinsights_sitenote_category":0},"product_brand":[],"product_cat":[12291,12711],"product_tag":[],"class_list":{"0":"post-719073","1":"product","2":"type-product","3":"status-publish","5":"product_cat-edebiyat","6":"product_cat-roman-oyku","7":"pa_cilt-ciltsiz","8":"pa_tur-kitap","9":"pa_yayinevi-karakum-yayinevi","10":"pa_yazar-irfan","12":"first","13":"instock","14":"sale","15":"shipping-taxable","16":"purchasable","17":"product-type-simple"},"_links":{"self":[{"href":"https:\/\/roveyayinevi.com.tr\/index.php\/wp-json\/wp\/v2\/product\/719073","targetHints":{"allow":["GET"]}}],"collection":[{"href":"https:\/\/roveyayinevi.com.tr\/index.php\/wp-json\/wp\/v2\/product"}],"about":[{"href":"https:\/\/roveyayinevi.com.tr\/index.php\/wp-json\/wp\/v2\/types\/product"}],"wp:attachment":[{"href":"https:\/\/roveyayinevi.com.tr\/index.php\/wp-json\/wp\/v2\/media?parent=719073"}],"wp:term":[{"taxonomy":"product_brand","embeddable":true,"href":"https:\/\/roveyayinevi.com.tr\/index.php\/wp-json\/wp\/v2\/product_brand?post=719073"},{"taxonomy":"product_cat","embeddable":true,"href":"https:\/\/roveyayinevi.com.tr\/index.php\/wp-json\/wp\/v2\/product_cat?post=719073"},{"taxonomy":"product_tag","embeddable":true,"href":"https:\/\/roveyayinevi.com.tr\/index.php\/wp-json\/wp\/v2\/product_tag?post=719073"}],"curies":[{"name":"wp","href":"https:\/\/api.w.org\/{rel}","templated":true}]}}