{"id":719072,"date":"2025-08-27T18:17:26","date_gmt":"2025-08-27T15:17:26","guid":{"rendered":"https:\/\/roveyayinevi.com.tr\/index.php\/urun\/sular-ve-insanlar\/"},"modified":"2026-04-16T02:26:56","modified_gmt":"2026-04-15T23:26:56","slug":"sular-ve-insanlar","status":"publish","type":"product","link":"https:\/\/roveyayinevi.com.tr\/index.php\/urun\/sular-ve-insanlar\/","title":{"rendered":"Sular ve \u0130nsanlar"},"content":{"rendered":"<p>\u201c\u0130nsanlar da sular gibidir; kimi okyanuslar, kimi denizler, kimi g\u00f6ller, kimi \u0131rmaklar. Kimi tatl\u0131 sudur onlar\u0131n ve su deyince onlar gelir akla ilkin. Onlardan al\u0131r\u0131z ilham\u0131m\u0131z\u0131, susuzlu\u011fumuzu onlarla gideririz. Tatl\u0131 sulard\u0131r hayata keyif veren, do\u011fan\u0131n ritmini ayarlayan. Be kadar \u00e7oklarsa, o kadar ya\u015fan\u0131rd\u0131r d\u00fcnya, ne kadar azlarsa o kadar ya\u015fanmaz. Yaz\u0131k ki gittik\u00e7e azal\u0131yorlar. Yaz\u0131k ki k\u00f6yler kentlere d\u00f6n\u00fc\u015ft\u00fck\u00e7e, kentler metropollere, tatl\u0131 sular\u0131n yerini klorlu sular al\u0131yor, ila\u00e7l\u0131 sular, renkli, kokulu, yapay sular. Yaz\u0131k ki her yerde su var, her taraf\u0131m\u0131z sularla \u00e7evrili ama i\u00e7ilmiyorlar. \u0130nsanlar da sular gibidir; ne bir damla eksik ne bir damla fazla.\u201d \u0130smet Emre<\/p>\n","protected":false},"excerpt":{"rendered":"<p>\u201c\u0130nsanlar da sular gibidir; kimi okyanuslar, kimi denizler, kimi g\u00f6ller, kimi \u0131rmaklar. Kimi tatl\u0131 sudur onlar\u0131n ve su deyince onlar gelir akla ilkin. Onlardan al\u0131r\u0131z ilham\u0131m\u0131z\u0131,<span class=\"excerpt-hellip\"> [\u2026]<\/span><\/p>\n","protected":false},"featured_media":0,"template":"","meta":{"_monsterinsights_skip_tracking":false,"_monsterinsights_sitenote_active":false,"_monsterinsights_sitenote_note":"","_monsterinsights_sitenote_category":0},"product_brand":[],"product_cat":[12777,12291],"product_tag":[],"class_list":{"0":"post-719072","1":"product","2":"type-product","3":"status-publish","5":"product_cat-deneme","6":"product_cat-edebiyat","7":"pa_cilt-ciltsiz","8":"pa_tur-kitap","9":"pa_yayinevi-karakum-yayinevi","10":"pa_yazar-ismet-emre","12":"first","13":"instock","14":"sale","15":"shipping-taxable","16":"purchasable","17":"product-type-simple"},"_links":{"self":[{"href":"https:\/\/roveyayinevi.com.tr\/index.php\/wp-json\/wp\/v2\/product\/719072","targetHints":{"allow":["GET"]}}],"collection":[{"href":"https:\/\/roveyayinevi.com.tr\/index.php\/wp-json\/wp\/v2\/product"}],"about":[{"href":"https:\/\/roveyayinevi.com.tr\/index.php\/wp-json\/wp\/v2\/types\/product"}],"wp:attachment":[{"href":"https:\/\/roveyayinevi.com.tr\/index.php\/wp-json\/wp\/v2\/media?parent=719072"}],"wp:term":[{"taxonomy":"product_brand","embeddable":true,"href":"https:\/\/roveyayinevi.com.tr\/index.php\/wp-json\/wp\/v2\/product_brand?post=719072"},{"taxonomy":"product_cat","embeddable":true,"href":"https:\/\/roveyayinevi.com.tr\/index.php\/wp-json\/wp\/v2\/product_cat?post=719072"},{"taxonomy":"product_tag","embeddable":true,"href":"https:\/\/roveyayinevi.com.tr\/index.php\/wp-json\/wp\/v2\/product_tag?post=719072"}],"curies":[{"name":"wp","href":"https:\/\/api.w.org\/{rel}","templated":true}]}}