{"id":719070,"date":"2025-08-27T18:17:24","date_gmt":"2025-08-27T15:17:24","guid":{"rendered":"https:\/\/roveyayinevi.com.tr\/index.php\/urun\/paris-tecrubeleri\/"},"modified":"2025-11-21T05:25:54","modified_gmt":"2025-11-21T02:25:54","slug":"paris-tecrubeleri","status":"publish","type":"product","link":"https:\/\/roveyayinevi.com.tr\/index.php\/urun\/paris-tecrubeleri\/","title":{"rendered":"Paris Tecr\u00fcbeleri"},"content":{"rendered":"<p>\u201cParis\u2019te Galerie Charpentier\u2019de 1954\u2019ten 1963\u2019a kadar her sonbahar d\u00fczenlenen \u00c9cole de Paris, Galerie Arnaud\u2019da 1955\u2019de izlenen 17 Peintures de la G\u00e9n\u00e9ration Nouvelle, Galerie de France\u2019da Dix Ans de Peinture Fran\u00e7aise 1945-1955 sergileri o y\u0131llar\u0131n sanat ortam\u0131nda ortak e\u011filimleri biraraya getiren etkinliklerdi. O d\u00f6neme yaz\u0131lar\u0131, etkinlikleriyle e\u015flik eden yazarlar\u0131n (Charles Estienne, Herta Wescher, Julian Alvard, Michel Ragon, Roger van Ginderta\u00ebl, Pierre Restany) daha sonra yay\u0131mlad\u0131klar\u0131 kitaplarda ortaya koyduklar\u0131 gibi \u00c9cole de Paris sadece 1950\u2019li y\u0131llarda \u00f6ne \u00e7\u0131kan lirik, lekesel soyutun ifade edildi\u011fi bir kavram olmad\u0131. D\u00fcnyan\u0131n bir\u00e7ok b\u00f6lgesinden Paris\u2019e gelerek etkinliklerini burada s\u00fcrd\u00fcren sanat\u00e7\u0131lar Frans\u0131z sanat ortam\u0131n\u0131 zenginle\u015ftirerek, \u00e7o\u011fulcu etkiler b\u0131rakt\u0131lar. Bu sayede dil, cinsiyet, aidiyet gibi ayr\u0131\u015ft\u0131r\u0131c\u0131 fakt\u00f6rlerin yerine ge\u00e7en Parislilik bir \u00fcst kimlik olarak de\u011ferini korudu. 1945\u2019ten sonra farkl\u0131 programlarla Paris\u2019e y\u00f6nelen baz\u0131 T\u00fcrk sanat\u00e7\u0131lar da bu olu\u015fum i\u00e7inde yer alarak hem \u00f6nemli d\u00f6nemsel sergilere kat\u0131ld\u0131lar hem de a\u00e7t\u0131klar\u0131 ki\u015fisel sergilerle \u00e7al\u0131\u015fmalar\u0131n\u0131 uluslararas\u0131, e\u015fzamanl\u0131 bir diyalo\u011fun konusu i\u00e7inde savunmay\u0131 bildiler.\u201d 1945-1965 y\u0131llar\u0131 aras\u0131nda Paris\u2019te sanat camias\u0131.. Ve Hale Asaf, Fikret Mualla, Fahrelnissa Zeid, Nejad Melih Devrim, Avni Arba\u015f , Selim Turan, M\u00fcbin Orhon, Albert Bitran, Tiraje Dikmen, Abidin Dino, Semiramis Zorlu, Hakk\u0131 Anl\u0131, Erdal Alantar ile arada Paris\u2019e gelip giden \u0130lhan Koman, \u015e\u00fckriye Dikmen, Ha\u015fmet Akal, Cihat Burak, Adnan \u00c7oker, Adnan Var\u0131nca, G\u00fcne\u015f Karabuda, Ali Teoman Germaner\u2019in (Alo\u015f) \u00e7al\u0131\u015fmalar\u0131 etraf\u0131nda d\u00f6neme \u0131\u015f\u0131k tutan bir kitap&#8230; <\/p>\n","protected":false},"excerpt":{"rendered":"<p>\u201cParis\u2019te Galerie Charpentier\u2019de 1954\u2019ten 1963\u2019a kadar her sonbahar d\u00fczenlenen \u00c9cole de Paris, Galerie Arnaud\u2019da 1955\u2019de izlenen 17 Peintures de la G\u00e9n\u00e9ration Nouvelle, Galerie de France\u2019da Dix<span class=\"excerpt-hellip\"> [\u2026]<\/span><\/p>\n","protected":false},"featured_media":0,"template":"","meta":{"_monsterinsights_skip_tracking":false,"_monsterinsights_sitenote_active":false,"_monsterinsights_sitenote_note":"","_monsterinsights_sitenote_category":0},"product_brand":[],"product_cat":[12408],"product_tag":[],"class_list":{"0":"post-719070","1":"product","2":"type-product","3":"status-publish","5":"product_cat-sanat","6":"pa_cilt-ciltsiz","7":"pa_tur-kitap","8":"pa_yayinevi-yapi-kredi-yayinlari","9":"pa_yazar-necmi-sonmez","11":"first","12":"instock","13":"sale","14":"shipping-taxable","15":"purchasable","16":"product-type-simple"},"_links":{"self":[{"href":"https:\/\/roveyayinevi.com.tr\/index.php\/wp-json\/wp\/v2\/product\/719070","targetHints":{"allow":["GET"]}}],"collection":[{"href":"https:\/\/roveyayinevi.com.tr\/index.php\/wp-json\/wp\/v2\/product"}],"about":[{"href":"https:\/\/roveyayinevi.com.tr\/index.php\/wp-json\/wp\/v2\/types\/product"}],"wp:attachment":[{"href":"https:\/\/roveyayinevi.com.tr\/index.php\/wp-json\/wp\/v2\/media?parent=719070"}],"wp:term":[{"taxonomy":"product_brand","embeddable":true,"href":"https:\/\/roveyayinevi.com.tr\/index.php\/wp-json\/wp\/v2\/product_brand?post=719070"},{"taxonomy":"product_cat","embeddable":true,"href":"https:\/\/roveyayinevi.com.tr\/index.php\/wp-json\/wp\/v2\/product_cat?post=719070"},{"taxonomy":"product_tag","embeddable":true,"href":"https:\/\/roveyayinevi.com.tr\/index.php\/wp-json\/wp\/v2\/product_tag?post=719070"}],"curies":[{"name":"wp","href":"https:\/\/api.w.org\/{rel}","templated":true}]}}